{"id":9791,"date":"2021-04-20T15:35:21","date_gmt":"2021-04-20T15:35:21","guid":{"rendered":"http:\/\/centredebienetreholistique.com\/?page_id=9791"},"modified":"2021-04-20T15:35:21","modified_gmt":"2021-04-20T15:35:21","slug":"protection-des-donnees-personnelles","status":"publish","type":"page","link":"https:\/\/centredebienetreholistique.com\/?page_id=9791","title":{"rendered":"Protection des Donn\u00e9es Personnelles"},"content":{"rendered":"","protected":true},"excerpt":{"rendered":"","protected":true},"author":1,"featured_media":0,"parent":0,"menu_order":0,"comment_status":"open","ping_status":"open","template":"","meta":{"footnotes":""},"jetpack_sharing_enabled":true,"jetpack_shortlink":"https:\/\/wp.me\/P4FfFc-2xV","jetpack_likes_enabled":true,"jetpack-related-posts":[{"id":157,"url":"https:\/\/centredebienetreholistique.com\/?page_id=157","url_meta":{"origin":9791,"position":0},"title":"Livre &#038; Documentaire sur la Canc\u00e9rologie Int\u00e9grative","author":"centredebienetreholistique","date":"December 24, 2014","format":false,"excerpt":"Achetez le HOM (Holistic Oncology Movie) documentaire Avec plus de 40 experts am\u00e9ricains de la canc\u00e9rologie et plus de 15 patients qui ont eu raison de leur cancer gra\u00e7e \u00e0 la canc\u00e9rologie int\u00e9grative et holistique, notre documentaire \"HOM\" sortira bient\u00f4t. Pour la bande d'annonce du filme (trailer), voir le lien\u2026","rel":"","context":"Similar post","block_context":{"text":"Similar post","link":""},"img":{"alt_text":"","src":"","width":0,"height":0},"classes":[]},{"id":4304,"url":"https:\/\/centredebienetreholistique.com\/?page_id=4304","url_meta":{"origin":9791,"position":1},"title":"Qui","author":"centredebienetreholistique","date":"June 12, 2020","format":false,"excerpt":"L'approche, la formation et l'exp\u00e9rience clinique du Coach Christian\u00a0 Une approche scientifique et holistique en m\u00e9decine S'inspirant de sa formation m\u00e9dicale et juridique ainsi que de sa pratique clinique (voir ci-dessous), Coach\u00a0 Christian \u00a0\u00a0examine en d\u00e9tail avec le client toutes les options cr\u00e9dibles pour ce qui est de la meilleure\u2026","rel":"","context":"Similar post","block_context":{"text":"Similar post","link":""},"img":{"alt_text":"","src":"","width":0,"height":0},"classes":[]},{"id":629,"url":"https:\/\/centredebienetreholistique.com\/?page_id=629","url_meta":{"origin":9791,"position":2},"title":"Photos et Vid\u00e9os de Pr\u00e9sentation (en construction)","author":"centredebienetreholistique","date":"June 3, 2015","format":false,"excerpt":"PHOTOS DU CENTRE \u00a0 \u00a0Photo: Le Centre baigne dans un environnement riche en for\u00eats, huiles essentielles, plantes m\u00e9dicinales, champignons, rivi\u00e8res, eaux de sources, faunes et montagnes dont le majestueux Canigou. Logement Possibilit\u00e9 de loger soit dans la maison centrale, soit dans la maison Yoga. Maison Yoga, \u00e0 proximit\u00e9 de la\u2026","rel":"","context":"Similar post","block_context":{"text":"Similar post","link":""},"img":{"alt_text":"","src":"https:\/\/i0.wp.com\/centredebienetreholistique.com\/wp-content\/uploads\/2014\/12\/jushousetwo.jpg?resize=350%2C200","width":350,"height":200},"classes":[]},{"id":9063,"url":"https:\/\/centredebienetreholistique.com\/?page_id=9063","url_meta":{"origin":9791,"position":3},"title":"L&#8217;Analyse et &#8220;Tips&#8221; Covid 19 du Centre M\u00e9diterran\u00e9en Holistique","author":"centredebienetreholistique","date":"February 28, 2021","format":false,"excerpt":"L'analyse COVID du CMH examinera quelques limites et bienfaits de la Politique sanitaire COVID du Gouvernement (Partie A), puis enchainera sur la n\u00e9cessit\u00e9 de mettre en oeuvre une strat\u00e9gie anti-Covid holistique de la sant\u00e9 publique, fond\u00e9e sur plusieurs \"anti-covid tips\" (conseils). (Partie B). Avant d'entamer une conclusion de nos travaux\u2026","rel":"","context":"Similar post","block_context":{"text":"Similar post","link":""},"img":{"alt_text":"","src":"","width":0,"height":0},"classes":[]},{"id":3525,"url":"https:\/\/centredebienetreholistique.com\/?page_id=3525","url_meta":{"origin":9791,"position":4},"title":"COVID-19 et l&#8217;Holistique","author":"centredebienetreholistique","date":"May 20, 2020","format":false,"excerpt":"Alors que les mesures hygi\u00e9niques de bon sens ainsi que le \"social distancing\" seraient b\u00e9n\u00e9fique, en particulier la \"distancing\" de la pollution industrielle, de la tox\u00e9mie g\u00e9n\u00e9ralis\u00e9e, des exc\u00e8s de la m\u00e9decine allopathique, de l'\u00e9conomie ali\u00e9nante, du stress chronique, de la di\u00e9t\u00e9tique officielle d\u00e9ficiente, du syst\u00e8me \u00e9ducatif inadapt\u00e9, de la\u2026","rel":"","context":"Similar post","block_context":{"text":"Similar post","link":""},"img":{"alt_text":"","src":"","width":0,"height":0},"classes":[]},{"id":141,"url":"https:\/\/centredebienetreholistique.com\/?page_id=141","url_meta":{"origin":9791,"position":5},"title":"Atelier droit m\u00e9dical","author":"centredebienetreholistique","date":"December 24, 2014","format":false,"excerpt":"FORMATION EN DROIT M\u00c9DICAL R\u00c9GISSANT LES DROITS ET DEVOIRS DES PATIENTS ET DES PROFESSIONNELS DE LA SANT\u00c9 INTRODUCTION \"Les attaques contre les m\u00e9decines alternatives se multiplient. Pr\u00e9texte : elles serviraient de paravents aux sectes. L\u2019hom\u00e9opathie et l\u2019anthroposophie sont vis\u00e9es. La pens\u00e9e unique cherche \u00e0 imposer sa loi, en m\u00e9decine comme\u2026","rel":"","context":"Similar post","block_context":{"text":"Similar post","link":""},"img":{"alt_text":"","src":"","width":0,"height":0},"classes":[]}],"_links":{"self":[{"href":"https:\/\/centredebienetreholistique.com\/index.php?rest_route=\/wp\/v2\/pages\/9791"}],"collection":[{"href":"https:\/\/centredebienetreholistique.com\/index.php?rest_route=\/wp\/v2\/pages"}],"about":[{"href":"https:\/\/centredebienetreholistique.com\/index.php?rest_route=\/wp\/v2\/types\/page"}],"author":[{"embeddable":true,"href":"https:\/\/centredebienetreholistique.com\/index.php?rest_route=\/wp\/v2\/users\/1"}],"replies":[{"embeddable":true,"href":"https:\/\/centredebienetreholistique.com\/index.php?rest_route=%2Fwp%2Fv2%2Fcomments&post=9791"}],"version-history":[{"count":1,"href":"https:\/\/centredebienetreholistique.com\/index.php?rest_route=\/wp\/v2\/pages\/9791\/revisions"}],"predecessor-version":[{"id":9792,"href":"https:\/\/centredebienetreholistique.com\/index.php?rest_route=\/wp\/v2\/pages\/9791\/revisions\/9792"}],"wp:attachment":[{"href":"https:\/\/centredebienetreholistique.com\/index.php?rest_route=%2Fwp%2Fv2%2Fmedia&parent=9791"}],"curies":[{"name":"wp","href":"https:\/\/api.w.org\/{rel}","templated":true}]}}