{"id":9783,"date":"2021-04-20T15:24:05","date_gmt":"2021-04-20T15:24:05","guid":{"rendered":"http:\/\/centredebienetreholistique.com\/?page_id=9783"},"modified":"2021-05-08T18:02:02","modified_gmt":"2021-05-08T18:02:02","slug":"mentions-legales-2","status":"publish","type":"page","link":"https:\/\/centredebienetreholistique.com\/?page_id=9783","title":{"rendered":"Mentions L\u00e9gales (exemplaire)"},"content":{"rendered":"","protected":true},"excerpt":{"rendered":"","protected":true},"author":1,"featured_media":0,"parent":0,"menu_order":0,"comment_status":"open","ping_status":"open","template":"","meta":{"footnotes":""},"jetpack_sharing_enabled":true,"jetpack_shortlink":"https:\/\/wp.me\/P4FfFc-2xN","jetpack_likes_enabled":true,"jetpack-related-posts":[{"id":662,"url":"https:\/\/centredebienetreholistique.com\/?page_id=662","url_meta":{"origin":9783,"position":0},"title":"Colloque du Centre Holistique: &#8220;Cancer, Droit M\u00e9dical et Libert\u00e9 Th\u00e9rapeutique&#8221;","author":"centredebienetreholistique","date":"June 5, 2015","format":false,"excerpt":"CONGR\u00c8S SUR LES\u00a0TH\u00c9RAPIES ALTERNATIVES ET COMPL\u00c9MENTAIRES CONCERNANT LE CANCER, LE DROIT M\u00c9DICAL ET LES LIBERT\u00c9S TH\u00c9RAPEUTIQUE \u00a0LE 17 & 18 AVRIL 2004 Vis m\u00e9dicatrix naturae Prieur\u00e9 de Marcevol 66320 Arboussols (pr\u00e8s de Vinca dans un site grandiose, idyllique, en pleine montagne des Pyr\u00e9n\u00e9es orientales). Route\u00a0: RN 116, (direction Prades). A\u2026","rel":"","context":"Similar post","block_context":{"text":"Similar post","link":""},"img":{"alt_text":"","src":"","width":0,"height":0},"classes":[]},{"id":10136,"url":"https:\/\/centredebienetreholistique.com\/?page_id=10136","url_meta":{"origin":9783,"position":1},"title":"Avertissements sur  les Risques d&#8217;utiliser ce Site et la M\u00e9decine Officielle","author":"centredebienetreholistique","date":"May 5, 2021","format":false,"excerpt":"Avertissement G\u00e9n\u00e9ral Le Centre M\u00e9diterran\u00e9en de Long\u00e9vit\u00e9 \u00a0est avant tout un centre de recherche, d'information, de s\u00e9jour, de stage, de coaching et de formation sur la Science de la Long\u00e9vit\u00e9, y compris trois des \u00e9l\u00e9ments constitutifs de cette science: la m\u00e9decine r\u00e9g\u00e9n\u00e9rative, la m\u00e9decine holistique et la m\u00e9decine traditionnelle chinoise.\u2026","rel":"","context":"Similar post","block_context":{"text":"Similar post","link":""},"img":{"alt_text":"","src":"https:\/\/i0.wp.com\/img.youtube.com\/vi\/rtNfzWAgz84\/0.jpg?resize=350%2C200","width":350,"height":200},"classes":[]},{"id":9477,"url":"https:\/\/centredebienetreholistique.com\/?page_id=9477","url_meta":{"origin":9783,"position":2},"title":"Attractions culturelles, historiques, arch\u00e9ologiques, scientifiques, th\u00e9rapeutiques, vinicoles, artistiques et  sportives (y compris &#8220;hiking and biking&#8221; adventures) de la R\u00e9gion","author":"centredebienetreholistique","date":"April 5, 2021","format":false,"excerpt":"Depuis le Centre M\u00e9diterran\u00e9en de la long\u00e9vit\u00e9 optimale, le s\u00e9journant peut partir \u00e0 la d\u00e9couverte des nombreux tr\u00e9sors touristiques et culturels du Roussillon, effectuer des belles balades et randonn\u00e9es soit sur le littoral , en plaine ou en montagne, traverser la fronti\u00e8re avec l'Espagne, \u00a0visiter par exemple Cadaqu\u00e8s, Figu\u00e9ras, les\u2026","rel":"","context":"Similar post","block_context":{"text":"Similar post","link":""},"img":{"alt_text":"","src":"","width":0,"height":0},"classes":[]},{"id":4177,"url":"https:\/\/centredebienetreholistique.com\/?page_id=4177","url_meta":{"origin":9783,"position":3},"title":"Formation en agriculture holistique et r\u00e9g\u00e9n\u00e9rative","author":"centredebienetreholistique","date":"June 8, 2020","format":false,"excerpt":"Le Programme Introduction A. Typologie des modes agricoles 1. Agriculture traditionnelle 2. Agriculture de l'Etat (moderne) 3. Agriculture biologique 4. Agriculture bio-dynamique 5. Permaculture 6. Agro-foresterie B. L' Agriculture Holistique est faite des meilleurs \u00e9l\u00e9ments des syst\u00e8mes agricoles existants 1. Le Sol et la Microbiologie 2. L'environnement et l'eau 3.\u2026","rel":"","context":"Similar post","block_context":{"text":"Similar post","link":""},"img":{"alt_text":"","src":"","width":0,"height":0},"classes":[]},{"id":434,"url":"https:\/\/centredebienetreholistique.com\/?page_id=434","url_meta":{"origin":9783,"position":4},"title":"Coaching 101 et Formation Approfondie en Canc\u00e9rologie g\u00e9n\u00e9rale, conventionnelle et alternative","author":"centredebienetreholistique","date":"May 25, 2015","format":false,"excerpt":"Introduction La recherche fondamentale en canc\u00e9rologie conventionnelle, (ie, internationalement \"oncologie\") et les immenses \u00a0efforts scientifiques internationaux (et les centaines de billions de dollars qui vont avec) depuis quelques d\u00e9cennies pour identifier et comprendre les causes et les \u00a0co-facteurs (m\u00e9canismes physiopathologiques) du d\u00e9veloppement du cancer (canc\u00e9rogen\u00e8se) ont \u00e9t\u00e9 en partie fructuese,\u2026","rel":"","context":"Similar post","block_context":{"text":"Similar post","link":""},"img":{"alt_text":"","src":"https:\/\/i0.wp.com\/img.youtube.com\/vi\/jgJKaP0Sj5U\/0.jpg?resize=350%2C200","width":350,"height":200},"classes":[]},{"id":409,"url":"https:\/\/centredebienetreholistique.com\/?page_id=409","url_meta":{"origin":9783,"position":5},"title":"Atelier maladies chroniques vues au travers de la m\u00e9decine holistique","author":"centredebienetreholistique","date":"May 8, 2015","format":false,"excerpt":"1. La magnitude et la prolif\u00e9ration des maladies chroniques (dont plus de cent maladies auto-immunes) et les limites de la m\u00e9decine allopathique officielle en la mati\u00e8re. 2. Techniques holistiques en mati\u00e8re de maladies chroniques: principes de base. 3. \u00c9tude de cas: diab\u00e8te et ost\u00e9o-arthritisme. Les faits montrent que le diab\u00e8te\u2026","rel":"","context":"Similar post","block_context":{"text":"Similar post","link":""},"img":{"alt_text":"","src":"","width":0,"height":0},"classes":[]}],"_links":{"self":[{"href":"https:\/\/centredebienetreholistique.com\/index.php?rest_route=\/wp\/v2\/pages\/9783"}],"collection":[{"href":"https:\/\/centredebienetreholistique.com\/index.php?rest_route=\/wp\/v2\/pages"}],"about":[{"href":"https:\/\/centredebienetreholistique.com\/index.php?rest_route=\/wp\/v2\/types\/page"}],"author":[{"embeddable":true,"href":"https:\/\/centredebienetreholistique.com\/index.php?rest_route=\/wp\/v2\/users\/1"}],"replies":[{"embeddable":true,"href":"https:\/\/centredebienetreholistique.com\/index.php?rest_route=%2Fwp%2Fv2%2Fcomments&post=9783"}],"version-history":[{"count":2,"href":"https:\/\/centredebienetreholistique.com\/index.php?rest_route=\/wp\/v2\/pages\/9783\/revisions"}],"predecessor-version":[{"id":10241,"href":"https:\/\/centredebienetreholistique.com\/index.php?rest_route=\/wp\/v2\/pages\/9783\/revisions\/10241"}],"wp:attachment":[{"href":"https:\/\/centredebienetreholistique.com\/index.php?rest_route=%2Fwp%2Fv2%2Fmedia&parent=9783"}],"curies":[{"name":"wp","href":"https:\/\/api.w.org\/{rel}","templated":true}]}}