{"id":9473,"date":"2021-04-05T21:54:22","date_gmt":"2021-04-05T21:54:22","guid":{"rendered":"http:\/\/centredebienetreholistique.com\/?page_id=9473"},"modified":"2024-07-11T19:04:49","modified_gmt":"2024-07-11T19:04:49","slug":"garantie","status":"publish","type":"page","link":"https:\/\/centredebienetreholistique.com\/?page_id=9473","title":{"rendered":"La Garantie du Centre M\u00e9diterran\u00e9en et l&#8217;engagement des Parties"},"content":{"rendered":"<h3 style=\"text-align: center;\">La Garantie<\/h3>\n<p style=\"text-align: justify;\">Si le s\u00e9journant, stagiaire ou coachee (1) met en application les techniques\u00a0 holistiques que nous pr\u00e9conisons, il y aura une optimisation de plusieurs<a href=\"https:\/\/centredebienetreholistique.com\/?page_id=644\"><span style=\"color: #0000e9;\">\u00a0marqueurs biologiques\u00a0 de la long\u00e9vit\u00e9 optimale<\/span><\/a> et une r\u00e9duction des bio-marqueurs de la majorit\u00e9 des maladies chroniques et du vieillissement pr\u00e9coce.<a href=\"https:\/\/centredebienetreholistique.com\/?page_id=644\"> (voir r\u00e9sultats garantis).<\/a><\/p>\n<p style=\"text-align: justify;\">Mais il faut mettre en<strong> oeuvre individuellement, pro-activement et de fa\u00e7on assidue un plan holistique de r\u00e9g\u00e9n\u00e9ration qui devra \u00eatre adapt\u00e9 au terrain, au genome et au caract\u00e8re de\u00a0l&#8217;int\u00e9ress\u00e9.<\/strong><\/p>\n<p style=\"color: #262626; text-align: justify;\">Si apr\u00e8s une p\u00e9riode raisonnable (2) de mise en oeuvre de ce plan d&#8217;action, plusieurs biomarqueurs identifi\u00e9s de la long\u00e9vit\u00e9 optimale ne s&#8217;am\u00e9lioreraient pas, <strong>le Centre M\u00e9diterran\u00e9en \u00a0restituera le prix de tous les coachings.<\/strong><\/p>\n<p style=\"color: #262626; text-align: justify;\">Pr\u00e9alablement au travail de remise en forme (ie, &#8220;tune-up&#8221;), nous <strong>identifierons les marqueurs biologiques<\/strong> qui seront susceptibles d&#8217;etre am\u00e9lior\u00e9s par l&#8217;Holistique et ce en combien de temps.<\/p>\n<p style=\"color: #262626; text-align: justify;\">En droit m\u00e9dical, le professionnel de sant\u00e9 n&#8217;a aucune obligation de moyen. Il ou elle n&#8217;a pas une obligation de r\u00e9sultats. Mais nous sommes confiant que l&#8217;int\u00e9ress\u00e9, m\u00eame \u00e2g\u00e9, \u00a0am\u00e9liorera sensiblement plein de bio-marqueurs, <strong>souvent la majorit\u00e9 des bio-marqueurs de la long\u00e9vit\u00e9 optimale<\/strong>, et ce, grace \u00e0 l&#8217;application de la m\u00e9decine holistique et des techniques innovantes de la long\u00e9vit\u00e9 optimale, \u00e0 condition que l&#8217;int\u00e9ress\u00e9 soit diligent et pro-actif, qu&#8217;il ou qu&#8217;elle se prenne en charge holistiquement.<\/p>\n<p style=\"color: #262626; text-align: justify;\">Certains bio-marqueurs comme l&#8217;\u00e9rosion des t\u00e9lom\u00e8res, ou l&#8217;\u00e9puisement des cellules souches ou de certaines hormones, l&#8217;\u00e9tat du microbiote et autres<strong> n\u00e9cessitent des tests sanguins, salivaires ou f\u00e9caux,<\/strong> mais que le syst\u00e8me de la s\u00e9curit\u00e9 sociale les rembourse pas. \u00a0Meme des tests basiques comme sur les tests des cellules souches de cancer ou du LP (a), de l&#8217;homocysteine, small particle LDL et entre autres les CT calcium score tests ne sont pas rembours\u00e9s par le syst\u00e8me de la S\u00e9curit\u00e9 sociale frncaise, ce qui corrobore son \u00e9tat v\u00e9tustes. Toutefois, nos coachings seront pertinents en la mati\u00e8re. En outre, \u00a0il y a plein d&#8217;autres bio-marqueurs comme la pression art\u00e9rielle, le C-reactive protein (qui mesure l&#8217;\u00e9tat de l&#8217;inflammation), \u00a0la H\u00e9moglobine <a href=\"https:\/\/www.cdc.gov\/diabetes\/managing\/managing-blood-sugar\/a1c.html\">A1C<\/a>, le mauvais cholest\u00e9rol, le syst\u00e8me immunitaire, la r\u00e9sistance \u00e0 l&#8217;insuline et autres qui sont mesurables via simple test rembours\u00e9s. <strong>En long\u00e9vit\u00e9 optimale, nous avons plus de 30 bio-marqueurs, mais chacun doit etre interpr\u00e9t\u00e9 individuellement et aussi holistiquement.<\/strong><\/p>\n<p style=\"color: #262626; text-align: justify;\">Toutefois, nous<strong> r\u00e9servons le droit<\/strong> de refuser tout demandeur si ses \u00a0capacit\u00e9s r\u00e9g\u00e9n\u00e9ratrices ont \u00e9t\u00e9 trop abim\u00e9 soit par leur mauvaises habitudes (drogues dure, alcoolisme, cigarette) soit par la m\u00e9decine allopathique, la g\u00e9n\u00e9tique, les toxicants, l&#8217;extreme vieillissement \u00a0ou un accident ou traumatisme tr\u00e8s grave.<\/p>\n<p style=\"color: #262626; text-align: justify;\">Le<strong> corps reste r\u00e9silient jusqu&#8217;\u00e0 un age \u00a0avanc\u00e9<\/strong> (en moyen 105 \u00e0 120 ans dans l&#8217;\u00e9tat actuel de la science) et les techniques holistiques sont puissantes, \u00a0par cons\u00e9quent, \u00a0meme des personnes affaiblies et handicap\u00e9es peuvent am\u00e9liorer leur \u00e9tat de sant\u00e9 g\u00e9n\u00e9rale.<\/p>\n<p style=\"color: #262626; text-align: justify;\">Mais il y a des personnes qui sont <strong>trop abim\u00e9es ou r\u00e9fractaires \u00e0 l&#8217;Holistique et m\u00e9fiantes par rapport \u00e0 l&#8217;innovation.<\/strong> Certaines personnes dans leur forts int\u00e9rieurs veulent &#8220;partir&#8221; alors que dans leur &#8220;conscient&#8221; ils disent vouloir gu\u00e9rir. Ces cas sont aussi difficiles \u00e0 amener vers la gu\u00e9rison. Il y a aussi des personnes qui veulent att\u00e9nuer leur symptomatologie, mais qu&#8217;ils ne veulent pas adresser les causes profondes de leur mal-etre, tels certains milieux et habitats qui peuvent etre tr\u00e8s toxiques, certaines relations humaines aussi, leur &#8220;mindset&#8221;, \u00a0l&#8217;insomnie, la s\u00e9dentarit\u00e9, une alimentation non adapt\u00e9e, cigarettes, trop d&#8217;alcool etc. C&#8217;est personnes sont aussi difficiles \u00e0 amener vers la fontaine du bien-etre holistique et de la reg\u00e9n\u00e9ration cellulaire. Par contre, la maladie de l&#8217;Alzheimers dans ses d\u00e9buts peut etre gu\u00e9rie via l&#8217;Holistique comme un cancer du pancr\u00e9as ou du poumon. Mais quand ces conditions sont trop avanc\u00e9es et-ou le patient a accept\u00e9 trop d&#8217;interventions nuisibles, il est souvent trop tard \u00a0pour ce qui est d&#8217;une vie centenaire ou \u00a0supercentenaire munie de peu de comorbidit\u00e9s.<\/p>\n<p style=\"color: #262626; text-align: justify;\"><strong>L&#8217;espoir est quand meme de rigueur, toujours pr\u00e9sent, toujours &#8220;th\u00e9rapeutique<\/strong>&#8220;, il y a plein de cas du cancer du pancr\u00e9as et du poumon avanc\u00e9s qui se sont gu\u00e9ris holistiquement. Mais on ne peut pas appliquer notre garantie pour ces personnes.<\/p>\n<p style=\"color: #262626; text-align: justify;\"><strong>Ensemble on pourra peut-etre explorer les possibilit\u00e9s et voir s&#8217;il y a du neuf, de l&#8217;innovant en la mati\u00e8re, mais on ne pourra pas garantir des r\u00e9sultats optimistes<\/strong>, ce qui consisterait en droit \u00e0 une &#8220;false hope&#8221; ou une &#8220;promesse fausse&#8221;, deux d\u00e9clarations qui sont incrimin\u00e9s par les lois en vigueur. Toutefois, on fera ce que l&#8217;on peut suivant notre exp\u00e9rience pour montrer pi\u00e8ce \u00e0 l&#8217;appui des conditions de mal-etre similaires \u00e0 celles du souffrant et qui se sont am\u00e9lior\u00e9es voire gu\u00e9ris avec l&#8217;Holistique ou parfois grace \u00e0 une approche compl\u00e9mentaire. Puis \u00e0 terme, on pourra d\u00e9terminer non un traitement m\u00e9dical, seul un m\u00e9decin de l&#8217;Etat a ce pouvoir ou monopole, mais un<strong> plan d&#8217;action correcteur non m\u00e9dical et holistique<\/strong> \u00a0que choisira le patient en toute connaissance de cause. Un plan qu&#8217;il pourra aussi propos\u00e9 \u00e0 son m\u00e9decin traitant afin d&#8217;avoir son point de vue de sorte que son consentement soit \u00e9clair\u00e9.<\/p>\n<h3 style=\"color: #262626; text-align: center;\">Engagement<\/h3>\n<p style=\"color: #262626; text-align: justify;\">Dans tous les cas, \u00a0une fois engag\u00e9, le coachee, le \u00a0s\u00e9journant ou le stagiaire devra <strong>signer un document<\/strong> comme quoi il ou elle assumera tous les risques et incidents pouvant survenir au cours de la maladie et du suivi holistique, car nous pr\u00e9f\u00e9rons \u00e9viter toutes &#8220;repr\u00e9sailles&#8221; juridiques ult\u00e9rieurs dans le cas ou l&#8217;int\u00e9ress\u00e9 n&#8217;aurait pas pu etre diligent, ou qu&#8217;il y aurait eu un \u00e9venement impr\u00e9vu, \u00a0ou qu&#8217;il y aurait eu un effet l\u00e9tal \u00e0 retardement de la chimioth\u00e9rapie ou autres proc\u00e9dures m\u00e9dicales invasives et lourdes.<\/p>\n<p style=\"color: #262626; text-align: justify;\">Das ce domaine, l&#8217;exp\u00e9rience montre que c&#8217;est surtout un membre (ou plusieurs) de la famille de l&#8217;\u00e9ventuel d\u00e9funt qui choisit d&#8217;exprimer sa souffrance psychique (deuil) et col\u00e8re via une proc\u00e9dure judiciaire, et ce, fond\u00e9e sur <strong>deux concepts juridique<\/strong>s, \u00e0 savoir la &#8220;perte de chance&#8221; et la &#8220;fausse promesse&#8221; \u00a0et ce d&#8217;autant que les agents de la surveillance anti-secte de l&#8217;Etat \u00a0encouragent une telle d\u00e9rive de la Raison et de la Science, d\u00e9truisant par l\u00e0 meme l&#8217;innovation th\u00e9rapeutique et donc la gu\u00e9rison. En effet, l&#8217;Histoire de la m\u00e9decine enseigne que les grandes innovations en m\u00e9decine sont majoritairement puis\u00e9es dans la m\u00e9decine alternative exp\u00e9rimentale.<\/p>\n<p style=\"color: #262626; text-align: justify;\">Par cons\u00e9quent <strong>on consent d&#8217;aider une personne seulement si toutes les parties int\u00e9ress\u00e9es sont r\u00e9ellement enthousiastes et de bonne fois en mati\u00e8re de m\u00e9decine holistique et de notre Centre.<\/strong> On n&#8217;a pas le temps pour des complications et la mauvaise foi et on est pas en activit\u00e9 pour faire seulement du chiffre d&#8217;affaire. Pour survivre comme Centre, dans l&#8217;\u00e9tat actuel, if faut de l&#8217;argent. Mais avant tout et a terme, si on reste en France, on souhaite etre utile et un catalyseur social pour le Renouveau avec ou sans argent, y compris une am\u00e9lioration de la m\u00e9decine officielle et-ou pour son remplacment avec une approche m\u00e9dicale beaucoup plus holistique, davantage scientifique, moins dangereuse, moins corrompue, plus efficace et plus humaine.<\/p>\n<h3 style=\"text-align: center;\">Conclusion<\/h3>\n<p style=\"text-align: justify;\">En droit m\u00e9dical, il est constant que le professionnel de la sant\u00e9 n&#8217;a qu&#8217;une &#8220;obligation de moyen&#8221;, il n&#8217;a pratiquement jamais une &#8220;obligation de r\u00e9sultat&#8221;. De meme,<strong>\u00a0le Centre Holistique ne peut pas garantir l&#8217;am\u00e9lioration de l&#8217;ensemble de ces marqueurs de fa\u00e7on durable puisque les r\u00e9sultats d\u00e9pendent de la diligence et du <a href=\"https:\/\/www.thefreedictionary.com\/proactiveness\">&#8220;proactiveness&#8221;<\/a> des stagiaires. <\/strong><\/p>\n<p style=\"text-align: justify;\">Tout ce que l&#8217;on peut\u00a0esp\u00e9rer en toute humilit\u00e9, c&#8217;est une<strong> am\u00e9lioration significative de tous ou de la plupart des marqueurs du\u00a0bien-\u00eatre holistique et de la long\u00e9vit\u00e9 optimale<\/strong>, \u00e0 condition toutefois que le\u00a0stagiaire se montre diligent, proactif et inspir\u00e9 (ouvert, confiant, positif).<\/p>\n<p style=\"text-align: justify;\">Par exemple, si apr\u00e8s dix jours le stagiaire retourne chez lui dans un lieu pollu\u00e9, en s&#8217;alimentant de fa\u00e7on non holistique, en vivant dans une maison \u00e0 air toxique, \u00e9coutant la t\u00e9l\u00e9 \u00e0 contenu stressant, buvant une eau municipale riche en anti-biotiques, en anti-mitotiques et en chlore, se privant de soleil, ing\u00e9rant une abondance de produits chimiques de synth\u00e8se prescrits via les ordonnances du m\u00e9decin allopathe, manquant d&#8217;exercise et ne pouvant pas bien dormir \u00e0 cause des radiations ionisantes et non ionisantes qui persistent dans \u00a0l&#8217;environnement (i.e. antennes des portables, r\u00e9seaux 4 et 5 G et autres perturbations biophysique), d&#8217;une mauvaise relation conjugale, du sentiment de culpabilit\u00e9, d&#8217;un raz-le-bol avec son travail, \u00a0d&#8217;une attitude n\u00e9gative etc, \u00a0les r\u00e9sultats ne seront pas aussi bons.<\/p>\n<p style=\"text-align: justify;\">Toujours est-il que pour<strong> les stagiaires qui sont proactifs et font tout ce qu&#8217;ils peuvent de bonne foi pour am\u00e9liorer leur conditions chroniques avanc\u00e9es, nous leur offrons la garantie d&#8217;un remboursement de la moiti\u00e9 du prix du stage et-ou coaching<\/strong> s&#8217;il n&#8217;y avait pas une am\u00e9lioration mesurable des sympt\u00f4mes apr\u00e8s quelques semaines de protocole holistique.<\/p>\n<p style=\"text-align: center;\"><b>\u00a0<\/b>Pour les r\u00e9sultats escompt\u00e9s, <a href=\"https:\/\/centredebienetreholistique.com\/?page_id=644\">voir ce lien<\/a>\u00a0(accessible aux coachees engag\u00e9s)<\/p>\n<h3 style=\"text-align: center;\">Notes de Pr\u00e9cision<\/h3>\n<h6 style=\"text-align: justify;\">(1), Coachee est le terme juridique an anglais pour la personne qui s&#8217;engage \u00e0 suivre un coaching. <a href=\"https:\/\/www.collinsdictionary.com\/dictionary\/english\/coachee\">(Source)<\/a><\/h6>\n<h6 style=\"text-align: justify;\">(2). Entre six semaines et 6 mois en r\u00e8gle g\u00e9n\u00e9rale, mais 8 ou 21 jours peuvent suffir pour certains marqueurs.<\/h6>\n<h6 style=\"color: #262626; text-align: center;\">Texte en Construction<\/h6>\n<h6 style=\"color: #262626; text-align: center;\">Disclaimer<\/h6>\n<h6 style=\"color: #262626; text-align: center;\"><span style=\"color: #000000;\">Toutes les informations de ce site sont de nature \u00e9ducative et ne constituent en aucun cas des conseils juridiques, m\u00e9dicaux ou techniques. Les liens fournis ne constituent pas une approbation formelle. Nous sommes un Centre d&#8217;\u00c9ducation qui propose des options, des solutions innovantes et holistiques aux impasses et aux dogmes de certaines pratiques alternatives et officielles en\u00a0<\/span><span style=\"color: #000000;\">m\u00e9decine<\/span><span style=\"color: #000000;\">\u00a0 et ce, sur le fondement de la science, du droit, de la pratique internationale et de la raison. Nous ne sommes pas une clinique. Nous ne diagnostiquons ni traitons aucune maladie. Au contraire, nous proposons les meilleures informations dans la science de la long\u00e9vit\u00e9 pour retarder, compresser, pr\u00e9venir voire gu\u00e9rir \u00a0(quand c&#8217;est possible) \u00a0les maladies chroniques en activant l&#8217;\u00e9pig\u00e9n\u00e9tique, \u00a0la force vitale, les g\u00e8nes de la long\u00e9vit\u00e9 et les pathways de la biologie supercentenaire tout en apportant l&#8217;\u00e9claircissement n\u00e9cessaire au consentement des patients, \u00a0ce que l&#8217;on appelle, &#8220;informed consent&#8221;.<\/span><\/h6>\n<h6 style=\"color: #262626; text-align: center;\">2024 (c) Le Centre M\u00e9diterran\u00e9en t de Long\u00e9vit\u00e9 \u00a0et agents<\/h6>\n","protected":false},"excerpt":{"rendered":"<p>La Garantie Si le s\u00e9journant, stagiaire ou coachee (1) met en application les techniques\u00a0 holistiques que nous pr\u00e9conisons, il y aura une optimisation de plusieurs\u00a0marqueurs biologiques\u00a0 de la long\u00e9vit\u00e9 optimale et une r\u00e9duction des bio-marqueurs de la majorit\u00e9 des maladies &hellip;<\/p>\n<p class=\"read-more\"> <a class=\"more-link\" href=\"https:\/\/centredebienetreholistique.com\/?page_id=9473\"> <span class=\"screen-reader-text\">La Garantie du Centre M\u00e9diterran\u00e9en et l&#8217;engagement des Parties<\/span> Read More &raquo;<\/a><\/p>\n","protected":false},"author":1,"featured_media":0,"parent":0,"menu_order":0,"comment_status":"open","ping_status":"open","template":"","meta":{"footnotes":""},"jetpack_sharing_enabled":true,"jetpack_shortlink":"https:\/\/wp.me\/P4FfFc-2sN","jetpack_likes_enabled":true,"jetpack-related-posts":[{"id":644,"url":"https:\/\/centredebienetreholistique.com\/?page_id=644","url_meta":{"origin":9473,"position":0},"title":"R\u00e9sultats escompt\u00e9s de nos Services","author":"centredebienetreholistique","date":"June 4, 2015","format":false,"excerpt":"Apr\u00e8s 10 \u00e0 21 jours de retraite long\u00e9vit\u00e9 accomplis avec assiduit\u00e9 et diligence,\u00a0les stagiaires pourront via examens m\u00e9dicaux constater que la grande majorit\u00e9 des marqueurs physiologiques importants seront am\u00e9lior\u00e9s de fa\u00e7on significative, y compris la longueur de leur t\u00e9lom\u00e9res et l'enzyme t\u00e9lom\u00e9rase y aff\u00e9rent, indicateurs que l'un des quatorze \"pathways\"\u2026","rel":"","context":"Similar post","block_context":{"text":"Similar post","link":""},"img":{"alt_text":"","src":"","width":0,"height":0},"classes":[]},{"id":13,"url":"https:\/\/centredebienetreholistique.com\/?page_id=13","url_meta":{"origin":9473,"position":1},"title":"Mission du Centre M\u00e9diterran\u00e9en de Long\u00e9vit\u00e9 (Mediterranean Longevity)","author":"centredebienetreholistique","date":"December 23, 2014","format":false,"excerpt":"La mission principale du Centre Mediterranean Longevity (CML) est la recherche\u00a0 fondamentale et appliqu\u00e9e dans la science de la long\u00e9vit\u00e9 optimale (que l'on appelle biog\u00e9rontologie), dont l'objectif central est de trouver un protocole de long\u00e9vit\u00e9 efficace et accessible pour ce qui est de la \"healthy and successful aging\",\u00a0 (1) puis\u2026","rel":"","context":"Similar post","block_context":{"text":"Similar post","link":""},"img":{"alt_text":"","src":"","width":0,"height":0},"classes":[]},{"id":13729,"url":"https:\/\/centredebienetreholistique.com\/?page_id=13729","url_meta":{"origin":9473,"position":2},"title":"Photos du Centre et de ses outils","author":"centredebienetreholistique","date":"July 2, 2024","format":false,"excerpt":"En cours de construction. Texte en Construction Disclaimer Toutes les informations de ce site sont de nature \u00e9ducative et ne constituent en aucun cas des conseils juridiques, m\u00e9dicaux ou techniques. Les liens fournis ne constituent pas une approbation formelle. Nous sommes un Centre d'\u00c9ducation qui propose des options, des solutions\u2026","rel":"","context":"Similar post","block_context":{"text":"Similar post","link":""},"img":{"alt_text":"","src":"","width":0,"height":0},"classes":[]},{"id":4002,"url":"https:\/\/centredebienetreholistique.com\/?page_id=4002","url_meta":{"origin":9473,"position":3},"title":"S\u00e9jours de Long\u00e9vit\u00e9 Optimale en pleine Montagne Catalane des Pyr\u00e9n\u00e9es Orientales (Optimal Healing &#038; Longevity Retreat)","author":"centredebienetreholistique","date":"June 4, 2020","format":false,"excerpt":"Des vacances de sant\u00e9-long\u00e9vit\u00e9 en pleine montagne, organis\u00e9s par \u00a0coachsupercentenaire@gmail.com (Click on the bottom right for language translation) \"Un c\u0153ur joyeux est un bon rem\u00e8de, mais un esprit abattu dess\u00e8che les os.\"\u00a0(Verset 22 de Proverbes 17) Situ\u00e9 dans la vall\u00e9e du Vallespir, au coeur des Pyr\u00e9n\u00e9es-Orientales et de la M\u00e9diterran\u00e9e\u2026","rel":"","context":"Similar post","block_context":{"text":"Similar post","link":""},"img":{"alt_text":"","src":"https:\/\/i0.wp.com\/centredebienetreholistique.com\/wp-content\/uploads\/2014\/12\/jushousetwo.jpg?resize=350%2C200","width":350,"height":200},"classes":[]},{"id":480,"url":"https:\/\/centredebienetreholistique.com\/?page_id=480","url_meta":{"origin":9473,"position":4},"title":"Stage-Retraite: M\u00e9decine Holistique, M\u00e9decine R\u00e9g\u00e9n\u00e9rative et la Science de la Long\u00e9vit\u00e9 Optimale","author":"centredebienetreholistique","date":"June 2, 2015","format":false,"excerpt":"CONTENU Formation holistique (avec protocoles) concernant les grandes maladies chroniques,, le vieillissement acc\u00e9l\u00e9r\u00e9, la long\u00e9vit\u00e9 optimale, la m\u00e9decine r\u00e9g\u00e9n\u00e9rative, l'alimentation clinique, la m\u00e9decine orientale et de droit m\u00e9dical. ORIGINALIT\u00c9 L'originalit\u00e9 de cet enseignement repose sur une perspective holistique et innovante. Ce programme met l'accent sur les voies d'activation du potentiel\u2026","rel":"","context":"Similar post","block_context":{"text":"Similar post","link":""},"img":{"alt_text":"","src":"","width":0,"height":0},"classes":[]},{"id":143,"url":"https:\/\/centredebienetreholistique.com\/?page_id=143","url_meta":{"origin":9473,"position":5},"title":"Coaching et Formation Pr\u00e9liminaire en canc\u00e9rologie holistique","author":"centredebienetreholistique","date":"December 24, 2014","format":false,"excerpt":"Introduction \"Nous ne pr\u00e9tendons pas r\u00e9soudre le probl\u00e8me du cancer \u00e0 100 pourcent, mais nous avons la conviction qu'il le serait au moins \u00e0 80 pourcent si les techniques pr\u00e9ventives et curatives \u00e9voqu\u00e9es dans les pages qui vont suivre \u00e9taient mises en oeuvre de mani\u00e8re usuelle\". Dr Joseph L\u00e9vy, \"Les\u2026","rel":"","context":"With 2 comments","block_context":{"text":"With 2 comments","link":"https:\/\/centredebienetreholistique.com\/?page_id=143#comments"},"img":{"alt_text":"","src":"","width":0,"height":0},"classes":[]}],"_links":{"self":[{"href":"https:\/\/centredebienetreholistique.com\/index.php?rest_route=\/wp\/v2\/pages\/9473"}],"collection":[{"href":"https:\/\/centredebienetreholistique.com\/index.php?rest_route=\/wp\/v2\/pages"}],"about":[{"href":"https:\/\/centredebienetreholistique.com\/index.php?rest_route=\/wp\/v2\/types\/page"}],"author":[{"embeddable":true,"href":"https:\/\/centredebienetreholistique.com\/index.php?rest_route=\/wp\/v2\/users\/1"}],"replies":[{"embeddable":true,"href":"https:\/\/centredebienetreholistique.com\/index.php?rest_route=%2Fwp%2Fv2%2Fcomments&post=9473"}],"version-history":[{"count":9,"href":"https:\/\/centredebienetreholistique.com\/index.php?rest_route=\/wp\/v2\/pages\/9473\/revisions"}],"predecessor-version":[{"id":13932,"href":"https:\/\/centredebienetreholistique.com\/index.php?rest_route=\/wp\/v2\/pages\/9473\/revisions\/13932"}],"wp:attachment":[{"href":"https:\/\/centredebienetreholistique.com\/index.php?rest_route=%2Fwp%2Fv2%2Fmedia&parent=9473"}],"curies":[{"name":"wp","href":"https:\/\/api.w.org\/{rel}","templated":true}]}}