{"id":8544,"date":"2021-01-17T09:51:25","date_gmt":"2021-01-17T09:51:25","guid":{"rendered":"http:\/\/centredebienetreholistique.com\/?page_id=8544"},"modified":"2021-01-17T10:27:51","modified_gmt":"2021-01-17T10:27:51","slug":"drainage-du-foie-en-medecine-traditionnelle-chinoise-mtc","status":"publish","type":"page","link":"https:\/\/centredebienetreholistique.com\/?page_id=8544","title":{"rendered":"Drainage du foie en M\u00e9decine Traditionnelle Chinoise (MTC)"},"content":{"rendered":"","protected":true},"excerpt":{"rendered":"","protected":true},"author":1,"featured_media":0,"parent":0,"menu_order":0,"comment_status":"open","ping_status":"open","template":"","meta":{"footnotes":""},"jetpack_sharing_enabled":true,"jetpack_shortlink":"https:\/\/wp.me\/P4FfFc-2dO","jetpack_likes_enabled":true,"jetpack-related-posts":[{"id":3523,"url":"https:\/\/centredebienetreholistique.com\/?page_id=3523","url_meta":{"origin":8544,"position":0},"title":"Equipe","author":"centredebienetreholistique","date":"May 20, 2020","format":false,"excerpt":"Pendant 8 ans, le Centre \u00e9tait ferm\u00e9. Revenu en France, le directeur-fondateur est en train de restorer l'\u00e9co-lieu et d'organsier une nouvelle \u00e9quipe ainsi que des \u00a0ateliers et stages de formation en m\u00e9decine holistique et dans la science de la biog\u00e9rontologie holistique. Nous sommes sp\u00e9cialis\u00e9s dans l'approche holistique de la\u2026","rel":"","context":"Similar post","block_context":{"text":"Similar post","link":""},"img":{"alt_text":"","src":"","width":0,"height":0},"classes":[]},{"id":814,"url":"https:\/\/centredebienetreholistique.com\/?page_id=814","url_meta":{"origin":8544,"position":1},"title":"Techniques Sant\u00e9 Tib\u00e9taines","author":"centredebienetreholistique","date":"June 13, 2015","format":false,"excerpt":"LA M\u00c9DECINE TIB\u00c9TAINES TRADITIONELLE La m\u00e9decine tib\u00e9taine traditionnelle est un syst\u00e8me m\u00e9dical vieux de plusieurs mill\u00e9naires qui comporte une m\u00e9thodologie complexe pour le diagnostique telle l'analyse des pouls, de l'urine, de la langue, du visage, des odeurs, des oncles entre autres. Le traitement se focalise sur la restoration de l'\u00e9nergie\u2026","rel":"","context":"Similar post","block_context":{"text":"Similar post","link":""},"img":{"alt_text":"","src":"https:\/\/i0.wp.com\/img.youtube.com\/vi\/OW7TH2U4hps\/0.jpg?resize=350%2C200","width":350,"height":200},"classes":[]},{"id":10136,"url":"https:\/\/centredebienetreholistique.com\/?page_id=10136","url_meta":{"origin":8544,"position":2},"title":"Avertissements sur  les Risques d&#8217;utiliser ce Site et la M\u00e9decine Officielle","author":"centredebienetreholistique","date":"May 5, 2021","format":false,"excerpt":"Avertissement G\u00e9n\u00e9ral Le Centre M\u00e9diterran\u00e9en de Long\u00e9vit\u00e9 \u00a0est avant tout un centre de recherche, d'information, de s\u00e9jour, de stage, de coaching et de formation sur la Science de la Long\u00e9vit\u00e9, y compris trois des \u00e9l\u00e9ments constitutifs de cette science: la m\u00e9decine r\u00e9g\u00e9n\u00e9rative, la m\u00e9decine holistique et la m\u00e9decine traditionnelle chinoise.\u2026","rel":"","context":"Similar post","block_context":{"text":"Similar post","link":""},"img":{"alt_text":"","src":"https:\/\/i0.wp.com\/img.youtube.com\/vi\/rtNfzWAgz84\/0.jpg?resize=350%2C200","width":350,"height":200},"classes":[]},{"id":4304,"url":"https:\/\/centredebienetreholistique.com\/?page_id=4304","url_meta":{"origin":8544,"position":3},"title":"Qui","author":"centredebienetreholistique","date":"June 12, 2020","format":false,"excerpt":"L'approche, la formation et l'exp\u00e9rience clinique du Coach Christian\u00a0 Une approche scientifique et holistique en m\u00e9decine S'inspirant de sa formation m\u00e9dicale et juridique ainsi que de sa pratique clinique (voir ci-dessous), Coach\u00a0 Christian \u00a0\u00a0examine en d\u00e9tail avec le client toutes les options cr\u00e9dibles pour ce qui est de la meilleure\u2026","rel":"","context":"Similar post","block_context":{"text":"Similar post","link":""},"img":{"alt_text":"","src":"","width":0,"height":0},"classes":[]},{"id":3529,"url":"https:\/\/centredebienetreholistique.com\/?page_id=3529","url_meta":{"origin":8544,"position":4},"title":"Th\u00e9rapies Bien-etre Holistiques","author":"centredebienetreholistique","date":"May 20, 2020","format":false,"excerpt":"La m\u00e9decine holistique se fonde sur les avanc\u00e9es scientifiques et m\u00e9dicales (ie, \"medical breakthroughs\") depuis des mill\u00e9naires. Elle\u00a0vise la globalit\u00e9 de l'etre humain afin de maintenir son bien-\u00eatre-etre et son m\u00e9tabolisme de centenaire.. Cette m\u00e9decine dispose de milliers de th\u00e9rapies et techniques diff\u00e9rentes. Toutes sont destin\u00e9es a revitaliser l'\u00e9nergie primordiale,\u2026","rel":"","context":"Similar post","block_context":{"text":"Similar post","link":""},"img":{"alt_text":"","src":"","width":0,"height":0},"classes":[]},{"id":9470,"url":"https:\/\/centredebienetreholistique.com\/?page_id=9470","url_meta":{"origin":8544,"position":5},"title":"Les Services des S\u00e9jours de Long\u00e9vit\u00e9 Optimale","author":"centredebienetreholistique","date":"April 5, 2021","format":false,"excerpt":"Pour la formule B du s\u00e9jour long\u00e9vit\u00e9 1. Six heures de formation les deux premier jours du s\u00e9jour\u00a0en mati\u00e8re de long\u00e9vit\u00e9 optimale (ie, les m\u00e9canismes principaux de la s\u00e9nescence et du vieillissement pr\u00e9coce, techniques innovantes et holistiques en faveur de la r\u00e9paration ainsi que de la r\u00e9g\u00e9n\u00e9ration c\u00e9llulaire et options\u2026","rel":"","context":"Similar post","block_context":{"text":"Similar post","link":""},"img":{"alt_text":"","src":"","width":0,"height":0},"classes":[]}],"_links":{"self":[{"href":"https:\/\/centredebienetreholistique.com\/index.php?rest_route=\/wp\/v2\/pages\/8544"}],"collection":[{"href":"https:\/\/centredebienetreholistique.com\/index.php?rest_route=\/wp\/v2\/pages"}],"about":[{"href":"https:\/\/centredebienetreholistique.com\/index.php?rest_route=\/wp\/v2\/types\/page"}],"author":[{"embeddable":true,"href":"https:\/\/centredebienetreholistique.com\/index.php?rest_route=\/wp\/v2\/users\/1"}],"replies":[{"embeddable":true,"href":"https:\/\/centredebienetreholistique.com\/index.php?rest_route=%2Fwp%2Fv2%2Fcomments&post=8544"}],"version-history":[{"count":3,"href":"https:\/\/centredebienetreholistique.com\/index.php?rest_route=\/wp\/v2\/pages\/8544\/revisions"}],"predecessor-version":[{"id":8547,"href":"https:\/\/centredebienetreholistique.com\/index.php?rest_route=\/wp\/v2\/pages\/8544\/revisions\/8547"}],"wp:attachment":[{"href":"https:\/\/centredebienetreholistique.com\/index.php?rest_route=%2Fwp%2Fv2%2Fmedia&parent=8544"}],"curies":[{"name":"wp","href":"https:\/\/api.w.org\/{rel}","templated":true}]}}