{"id":7967,"date":"2021-01-02T22:19:32","date_gmt":"2021-01-02T22:19:32","guid":{"rendered":"http:\/\/centredebienetreholistique.com\/?page_id=7967"},"modified":"2021-01-02T22:25:28","modified_gmt":"2021-01-02T22:25:28","slug":"le-vegetalisme-renforcerait-limmunite-naturelle-contre-les-maladies-virales","status":"publish","type":"page","link":"https:\/\/centredebienetreholistique.com\/?page_id=7967","title":{"rendered":"Le V\u00e9g\u00e9talisme renforcerait l&#8217;immunit\u00e9 naturelle contre les maladies virales ?"},"content":{"rendered":"","protected":true},"excerpt":{"rendered":"","protected":true},"author":1,"featured_media":0,"parent":0,"menu_order":0,"comment_status":"open","ping_status":"open","template":"","meta":{"footnotes":""},"jetpack_sharing_enabled":true,"jetpack_shortlink":"https:\/\/wp.me\/P4FfFc-24v","jetpack_likes_enabled":true,"jetpack-related-posts":[],"_links":{"self":[{"href":"https:\/\/centredebienetreholistique.com\/index.php?rest_route=\/wp\/v2\/pages\/7967"}],"collection":[{"href":"https:\/\/centredebienetreholistique.com\/index.php?rest_route=\/wp\/v2\/pages"}],"about":[{"href":"https:\/\/centredebienetreholistique.com\/index.php?rest_route=\/wp\/v2\/types\/page"}],"author":[{"embeddable":true,"href":"https:\/\/centredebienetreholistique.com\/index.php?rest_route=\/wp\/v2\/users\/1"}],"replies":[{"embeddable":true,"href":"https:\/\/centredebienetreholistique.com\/index.php?rest_route=%2Fwp%2Fv2%2Fcomments&post=7967"}],"version-history":[{"count":3,"href":"https:\/\/centredebienetreholistique.com\/index.php?rest_route=\/wp\/v2\/pages\/7967\/revisions"}],"predecessor-version":[{"id":7970,"href":"https:\/\/centredebienetreholistique.com\/index.php?rest_route=\/wp\/v2\/pages\/7967\/revisions\/7970"}],"wp:attachment":[{"href":"https:\/\/centredebienetreholistique.com\/index.php?rest_route=%2Fwp%2Fv2%2Fmedia&parent=7967"}],"curies":[{"name":"wp","href":"https:\/\/api.w.org\/{rel}","templated":true}]}}