{"id":6313,"date":"2020-10-21T20:34:24","date_gmt":"2020-10-21T20:34:24","guid":{"rendered":"http:\/\/centredebienetreholistique.com\/?page_id=6313"},"modified":"2020-10-21T20:34:24","modified_gmt":"2020-10-21T20:34:24","slug":"styrian-pumpkin-oil","status":"publish","type":"page","link":"https:\/\/centredebienetreholistique.com\/?page_id=6313","title":{"rendered":"Styrian Pumpkin oil"},"content":{"rendered":"","protected":true},"excerpt":{"rendered":"","protected":true},"author":1,"featured_media":0,"parent":0,"menu_order":0,"comment_status":"open","ping_status":"open","template":"","meta":{"footnotes":""},"jetpack_sharing_enabled":true,"jetpack_shortlink":"https:\/\/wp.me\/P4FfFc-1DP","jetpack_likes_enabled":true,"jetpack-related-posts":[{"id":789,"url":"https:\/\/centredebienetreholistique.com\/?page_id=789","url_meta":{"origin":6313,"position":0},"title":"Type de Menu Holistique","author":"centredebienetreholistique","date":"June 11, 2015","format":false,"excerpt":"MENU DETOX-IMMUNO BOOST DU CENTRE PYR\u00c9N\u00c9EN HOLISTIQUE (HORS STAGE) \u00a0COURANT MATIN\u00c9E Elixir de lait d\u2019amande mix\u00e9 aux dattes d\u2019Arabie et arros\u00e9 d\u2019une liqueur du Su\u00e9dois (\u00e0 base de 59 composants de plantes sauvages vivifiantes). DEJEUNER DETOX-IMMUNO-FORTIFIANT Fruits diur\u00e9tiques. L\u2019int\u00e9r\u00eat d\u2019ing\u00e9rer des fruits avant le repas tient au fait que le\u2026","rel":"","context":"Similar post","block_context":{"text":"Similar post","link":""},"img":{"alt_text":"","src":"","width":0,"height":0},"classes":[]},{"id":814,"url":"https:\/\/centredebienetreholistique.com\/?page_id=814","url_meta":{"origin":6313,"position":1},"title":"Techniques Sant\u00e9 Tib\u00e9taines","author":"centredebienetreholistique","date":"June 13, 2015","format":false,"excerpt":"LA M\u00c9DECINE TIB\u00c9TAINES TRADITIONELLE La m\u00e9decine tib\u00e9taine traditionnelle est un syst\u00e8me m\u00e9dical vieux de plusieurs mill\u00e9naires qui comporte une m\u00e9thodologie complexe pour le diagnostique telle l'analyse des pouls, de l'urine, de la langue, du visage, des odeurs, des oncles entre autres. Le traitement se focalise sur la restoration de l'\u00e9nergie\u2026","rel":"","context":"Similar post","block_context":{"text":"Similar post","link":""},"img":{"alt_text":"","src":"https:\/\/i0.wp.com\/img.youtube.com\/vi\/OW7TH2U4hps\/0.jpg?resize=350%2C200","width":350,"height":200},"classes":[]},{"id":11162,"url":"https:\/\/centredebienetreholistique.com\/?page_id=11162","url_meta":{"origin":6313,"position":2},"title":"La m\u00e9decine R\u00e9g\u00e9n\u00e9rative est au centre de la Nouvelle M\u00e9decine Holistique","author":"centredebienetreholistique","date":"June 21, 2021","format":false,"excerpt":"Dans le cadre de la long\u00e9vit\u00e9 optimale voire du rajeunissement, nous avons la m\u00e9decine r\u00e9g\u00e9n\u00e9rative, qui est une nouvelle discipline m\u00e9dicale qui est enseign\u00e9e dans les facult\u00e9s de m\u00e9decine progressistes, surtout aux Etats-Unis. Vu son int\u00e9r\u00eat, qui ne peut que grandir avec le temps, comme la m\u00e9decine quantique, la m\u00e9decine\u2026","rel":"","context":"Similar post","block_context":{"text":"Similar post","link":""},"img":{"alt_text":"","src":"","width":0,"height":0},"classes":[]},{"id":434,"url":"https:\/\/centredebienetreholistique.com\/?page_id=434","url_meta":{"origin":6313,"position":3},"title":"Coaching 101 et Formation Approfondie en Canc\u00e9rologie g\u00e9n\u00e9rale, conventionnelle et alternative","author":"centredebienetreholistique","date":"May 25, 2015","format":false,"excerpt":"Introduction La recherche fondamentale en canc\u00e9rologie conventionnelle, (ie, internationalement \"oncologie\") et les immenses \u00a0efforts scientifiques internationaux (et les centaines de billions de dollars qui vont avec) depuis quelques d\u00e9cennies pour identifier et comprendre les causes et les \u00a0co-facteurs (m\u00e9canismes physiopathologiques) du d\u00e9veloppement du cancer (canc\u00e9rogen\u00e8se) ont \u00e9t\u00e9 en partie fructuese,\u2026","rel":"","context":"Similar post","block_context":{"text":"Similar post","link":""},"img":{"alt_text":"","src":"https:\/\/i0.wp.com\/img.youtube.com\/vi\/jgJKaP0Sj5U\/0.jpg?resize=350%2C200","width":350,"height":200},"classes":[]},{"id":10760,"url":"https:\/\/centredebienetreholistique.com\/?page_id=10760","url_meta":{"origin":6313,"position":4},"title":"M\u00e9decine R\u00e9g\u00e9n\u00e9rative bas\u00e9e sur cellules de souches","author":"centredebienetreholistique","date":"May 18, 2021","format":false,"excerpt":"\u00a0 Un traitement \u00e0 base de cellules souches afin de lutter contre le vieillissement ? D\u2019apr\u00e8s deux r\u00e9centes \u00e9tudes, parues dans\u00a0The Journals of Gerontology\u00a0et r\u00e9alis\u00e9es par une \u00e9quipe de chercheurs de l\u2019Interdisciplinary Stem Cell Institute\u00a0de l\u2019Universit\u00e9 de Miami aux \u00c9tats-Unis, un nouveau traitement \u00e0 base de cellules souches de la\u2026","rel":"","context":"Similar post","block_context":{"text":"Similar post","link":""},"img":{"alt_text":"","src":"https:\/\/i0.wp.com\/www.longlonglife.org\/wp-content\/uploads\/2017\/10\/1_msc_DAPIThR001_b.jpg?resize=350%2C200","width":350,"height":200,"srcset":"https:\/\/i0.wp.com\/www.longlonglife.org\/wp-content\/uploads\/2017\/10\/1_msc_DAPIThR001_b.jpg?resize=350%2C200 1x, https:\/\/i0.wp.com\/www.longlonglife.org\/wp-content\/uploads\/2017\/10\/1_msc_DAPIThR001_b.jpg?resize=525%2C300 1.5x, https:\/\/i0.wp.com\/www.longlonglife.org\/wp-content\/uploads\/2017\/10\/1_msc_DAPIThR001_b.jpg?resize=700%2C400 2x"},"classes":[]},{"id":4304,"url":"https:\/\/centredebienetreholistique.com\/?page_id=4304","url_meta":{"origin":6313,"position":5},"title":"Qui","author":"centredebienetreholistique","date":"June 12, 2020","format":false,"excerpt":"L'approche, la formation et l'exp\u00e9rience clinique du Coach Christian\u00a0 Une approche scientifique et holistique en m\u00e9decine S'inspirant de sa formation m\u00e9dicale et juridique ainsi que de sa pratique clinique (voir ci-dessous), Coach\u00a0 Christian \u00a0\u00a0examine en d\u00e9tail avec le client toutes les options cr\u00e9dibles pour ce qui est de la meilleure\u2026","rel":"","context":"Similar post","block_context":{"text":"Similar post","link":""},"img":{"alt_text":"","src":"","width":0,"height":0},"classes":[]}],"_links":{"self":[{"href":"https:\/\/centredebienetreholistique.com\/index.php?rest_route=\/wp\/v2\/pages\/6313"}],"collection":[{"href":"https:\/\/centredebienetreholistique.com\/index.php?rest_route=\/wp\/v2\/pages"}],"about":[{"href":"https:\/\/centredebienetreholistique.com\/index.php?rest_route=\/wp\/v2\/types\/page"}],"author":[{"embeddable":true,"href":"https:\/\/centredebienetreholistique.com\/index.php?rest_route=\/wp\/v2\/users\/1"}],"replies":[{"embeddable":true,"href":"https:\/\/centredebienetreholistique.com\/index.php?rest_route=%2Fwp%2Fv2%2Fcomments&post=6313"}],"version-history":[{"count":1,"href":"https:\/\/centredebienetreholistique.com\/index.php?rest_route=\/wp\/v2\/pages\/6313\/revisions"}],"predecessor-version":[{"id":6314,"href":"https:\/\/centredebienetreholistique.com\/index.php?rest_route=\/wp\/v2\/pages\/6313\/revisions\/6314"}],"wp:attachment":[{"href":"https:\/\/centredebienetreholistique.com\/index.php?rest_route=%2Fwp%2Fv2%2Fmedia&parent=6313"}],"curies":[{"name":"wp","href":"https:\/\/api.w.org\/{rel}","templated":true}]}}