{"id":6307,"date":"2020-10-21T19:53:02","date_gmt":"2020-10-21T19:53:02","guid":{"rendered":"http:\/\/centredebienetreholistique.com\/?page_id=6307"},"modified":"2020-10-21T19:53:02","modified_gmt":"2020-10-21T19:53:02","slug":"chanvre-chaux-en-eco-construction","status":"publish","type":"page","link":"https:\/\/centredebienetreholistique.com\/?page_id=6307","title":{"rendered":"Chanvre-chaux en \u00e9co-construction"},"content":{"rendered":"","protected":true},"excerpt":{"rendered":"","protected":true},"author":1,"featured_media":0,"parent":0,"menu_order":0,"comment_status":"open","ping_status":"open","template":"","meta":{"footnotes":""},"jetpack_sharing_enabled":true,"jetpack_shortlink":"https:\/\/wp.me\/P4FfFc-1DJ","jetpack_likes_enabled":true,"jetpack-related-posts":[{"id":732,"url":"https:\/\/centredebienetreholistique.com\/?page_id=732","url_meta":{"origin":6307,"position":0},"title":"Agriculture r\u00e9g\u00e9n\u00e9rative en montagne m\u00e9diterran\u00e9enne","author":"centredebienetreholistique","date":"June 7, 2015","format":false,"excerpt":"\u00a0 \u00a0 \u00a0 \u00a0 \u00a0 \u00a0 \u00a0 \u00a0 \u00a0 \u00a0 \u00a0 \u00a0 \u00a0 \u00a0 \u00a0 \u00a0 \u00a0 \u00a0 \u00a0 \u00a0 \u00a0 \u00a0 \u00a0 \u00a0 \u00a0 LABOURAGE DE L'HIVER EN MONTAGNE Mulching de nos fraisiers Vari\u00e9t\u00e9s \"cihos\u00e9\", \"mara des bois\", \"cyrano\" et autres qui poussent \u00a0en synergie avec des poirreaux, les\u2026","rel":"","context":"Similar post","block_context":{"text":"Similar post","link":""},"img":{"alt_text":"Screen Shot 2017-08-11 at 10.08.01 AM","src":"https:\/\/i0.wp.com\/centredebienetreholistique.com\/wp-content\/uploads\/2014\/12\/Screen-Shot-2017-08-11-at-10.08.01-AM-300x217.png?resize=350%2C200","width":350,"height":200},"classes":[]},{"id":4177,"url":"https:\/\/centredebienetreholistique.com\/?page_id=4177","url_meta":{"origin":6307,"position":1},"title":"Formation en agriculture holistique et r\u00e9g\u00e9n\u00e9rative","author":"centredebienetreholistique","date":"June 8, 2020","format":false,"excerpt":"Le Programme Introduction A. Typologie des modes agricoles 1. Agriculture traditionnelle 2. Agriculture de l'Etat (moderne) 3. Agriculture biologique 4. Agriculture bio-dynamique 5. Permaculture 6. Agro-foresterie B. L' Agriculture Holistique est faite des meilleurs \u00e9l\u00e9ments des syst\u00e8mes agricoles existants 1. Le Sol et la Microbiologie 2. L'environnement et l'eau 3.\u2026","rel":"","context":"Similar post","block_context":{"text":"Similar post","link":""},"img":{"alt_text":"","src":"","width":0,"height":0},"classes":[]},{"id":13,"url":"https:\/\/centredebienetreholistique.com\/?page_id=13","url_meta":{"origin":6307,"position":2},"title":"Mission du Centre M\u00e9diterran\u00e9en de Long\u00e9vit\u00e9 (Mediterranean Longevity)","author":"centredebienetreholistique","date":"December 23, 2014","format":false,"excerpt":"La mission principale du Centre Mediterranean Longevity (CML) est la recherche\u00a0 fondamentale et appliqu\u00e9e dans la science de la long\u00e9vit\u00e9 optimale (que l'on appelle biog\u00e9rontologie), dont l'objectif central est de trouver un protocole de long\u00e9vit\u00e9 efficace et accessible pour ce qui est de la \"healthy and successful aging\",\u00a0 (1) puis\u2026","rel":"","context":"Similar post","block_context":{"text":"Similar post","link":""},"img":{"alt_text":"","src":"","width":0,"height":0},"classes":[]},{"id":13729,"url":"https:\/\/centredebienetreholistique.com\/?page_id=13729","url_meta":{"origin":6307,"position":3},"title":"Photos du Centre et de ses outils","author":"centredebienetreholistique","date":"July 2, 2024","format":false,"excerpt":"En cours de construction. Texte en Construction Disclaimer Toutes les informations de ce site sont de nature \u00e9ducative et ne constituent en aucun cas des conseils juridiques, m\u00e9dicaux ou techniques. Les liens fournis ne constituent pas une approbation formelle. Nous sommes un Centre d'\u00c9ducation qui propose des options, des solutions\u2026","rel":"","context":"Similar post","block_context":{"text":"Similar post","link":""},"img":{"alt_text":"","src":"","width":0,"height":0},"classes":[]},{"id":10215,"url":"https:\/\/centredebienetreholistique.com\/?page_id=10215","url_meta":{"origin":6307,"position":4},"title":"Volontariat: apprentis,  wwoofers et membres work-away","author":"centredebienetreholistique","date":"May 8, 2021","format":false,"excerpt":"Selon les saisons, nous accueillons des volontaires, apprentis, wwoofers et membres de l'association work-away. Nous \u00e9crire pour davantage d'info. coachsupercentenaire@gmail.com https:\/\/wwoof.fr\/fr\/host\/1356 \u00a0","rel":"","context":"Similar post","block_context":{"text":"Similar post","link":""},"img":{"alt_text":"","src":"","width":0,"height":0},"classes":[]},{"id":10456,"url":"https:\/\/centredebienetreholistique.com\/?page_id=10456","url_meta":{"origin":6307,"position":5},"title":"Formation en M\u00e9decine Holistique","author":"centredebienetreholistique","date":"May 13, 2021","format":false,"excerpt":"En cours de construction","rel":"","context":"Similar post","block_context":{"text":"Similar post","link":""},"img":{"alt_text":"","src":"","width":0,"height":0},"classes":[]}],"_links":{"self":[{"href":"https:\/\/centredebienetreholistique.com\/index.php?rest_route=\/wp\/v2\/pages\/6307"}],"collection":[{"href":"https:\/\/centredebienetreholistique.com\/index.php?rest_route=\/wp\/v2\/pages"}],"about":[{"href":"https:\/\/centredebienetreholistique.com\/index.php?rest_route=\/wp\/v2\/types\/page"}],"author":[{"embeddable":true,"href":"https:\/\/centredebienetreholistique.com\/index.php?rest_route=\/wp\/v2\/users\/1"}],"replies":[{"embeddable":true,"href":"https:\/\/centredebienetreholistique.com\/index.php?rest_route=%2Fwp%2Fv2%2Fcomments&post=6307"}],"version-history":[{"count":1,"href":"https:\/\/centredebienetreholistique.com\/index.php?rest_route=\/wp\/v2\/pages\/6307\/revisions"}],"predecessor-version":[{"id":6308,"href":"https:\/\/centredebienetreholistique.com\/index.php?rest_route=\/wp\/v2\/pages\/6307\/revisions\/6308"}],"wp:attachment":[{"href":"https:\/\/centredebienetreholistique.com\/index.php?rest_route=%2Fwp%2Fv2%2Fmedia&parent=6307"}],"curies":[{"name":"wp","href":"https:\/\/api.w.org\/{rel}","templated":true}]}}