{"id":6299,"date":"2020-10-21T19:43:29","date_gmt":"2020-10-21T19:43:29","guid":{"rendered":"http:\/\/centredebienetreholistique.com\/?page_id=6299"},"modified":"2020-10-21T19:43:29","modified_gmt":"2020-10-21T19:43:29","slug":"mortier-chaux-platre","status":"publish","type":"page","link":"https:\/\/centredebienetreholistique.com\/?page_id=6299","title":{"rendered":"Mortier Chaux-Platre"},"content":{"rendered":"","protected":true},"excerpt":{"rendered":"","protected":true},"author":1,"featured_media":0,"parent":0,"menu_order":0,"comment_status":"open","ping_status":"open","template":"","meta":{"footnotes":""},"jetpack_sharing_enabled":true,"jetpack_shortlink":"https:\/\/wp.me\/P4FfFc-1DB","jetpack_likes_enabled":true,"jetpack-related-posts":[{"id":9473,"url":"https:\/\/centredebienetreholistique.com\/?page_id=9473","url_meta":{"origin":6299,"position":0},"title":"La Garantie du Centre M\u00e9diterran\u00e9en et l&#8217;engagement des Parties","author":"centredebienetreholistique","date":"April 5, 2021","format":false,"excerpt":"La Garantie Si le s\u00e9journant, stagiaire ou coachee (1) met en application les techniques\u00a0 holistiques que nous pr\u00e9conisons, il y aura une optimisation de plusieurs\u00a0marqueurs biologiques\u00a0 de la long\u00e9vit\u00e9 optimale et une r\u00e9duction des bio-marqueurs de la majorit\u00e9 des maladies chroniques et du vieillissement pr\u00e9coce. (voir r\u00e9sultats garantis). Mais il\u2026","rel":"","context":"Similar post","block_context":{"text":"Similar post","link":""},"img":{"alt_text":"","src":"","width":0,"height":0},"classes":[]},{"id":662,"url":"https:\/\/centredebienetreholistique.com\/?page_id=662","url_meta":{"origin":6299,"position":1},"title":"Colloque du Centre Holistique: &#8220;Cancer, Droit M\u00e9dical et Libert\u00e9 Th\u00e9rapeutique&#8221;","author":"centredebienetreholistique","date":"June 5, 2015","format":false,"excerpt":"CONGR\u00c8S SUR LES\u00a0TH\u00c9RAPIES ALTERNATIVES ET COMPL\u00c9MENTAIRES CONCERNANT LE CANCER, LE DROIT M\u00c9DICAL ET LES LIBERT\u00c9S TH\u00c9RAPEUTIQUE \u00a0LE 17 & 18 AVRIL 2004 Vis m\u00e9dicatrix naturae Prieur\u00e9 de Marcevol 66320 Arboussols (pr\u00e8s de Vinca dans un site grandiose, idyllique, en pleine montagne des Pyr\u00e9n\u00e9es orientales). Route\u00a0: RN 116, (direction Prades). A\u2026","rel":"","context":"Similar post","block_context":{"text":"Similar post","link":""},"img":{"alt_text":"","src":"","width":0,"height":0},"classes":[]},{"id":814,"url":"https:\/\/centredebienetreholistique.com\/?page_id=814","url_meta":{"origin":6299,"position":2},"title":"Techniques Sant\u00e9 Tib\u00e9taines","author":"centredebienetreholistique","date":"June 13, 2015","format":false,"excerpt":"LA M\u00c9DECINE TIB\u00c9TAINES TRADITIONELLE La m\u00e9decine tib\u00e9taine traditionnelle est un syst\u00e8me m\u00e9dical vieux de plusieurs mill\u00e9naires qui comporte une m\u00e9thodologie complexe pour le diagnostique telle l'analyse des pouls, de l'urine, de la langue, du visage, des odeurs, des oncles entre autres. Le traitement se focalise sur la restoration de l'\u00e9nergie\u2026","rel":"","context":"Similar post","block_context":{"text":"Similar post","link":""},"img":{"alt_text":"","src":"https:\/\/i0.wp.com\/img.youtube.com\/vi\/OW7TH2U4hps\/0.jpg?resize=350%2C200","width":350,"height":200},"classes":[]},{"id":11612,"url":"https:\/\/centredebienetreholistique.com\/?page_id=11612","url_meta":{"origin":6299,"position":3},"title":"Responsabilit\u00e9 civile serait engag\u00e9e contre tout forcing m\u00e9dical vaccination Covid","author":"centredebienetreholistique","date":"July 14, 2021","format":false,"excerpt":"En d\u00e9pit du fait qu'il y ait plein d'autres mani\u00e8res de stopper la pand\u00e9mie Covid, y compris avec l'ivermectin et une forte dose de vitamine D, le forcing vaccinal du Gouvernement viole les principes fondamentaux en mati\u00e8re de l'int\u00e9grit\u00e9 physique et du consentement \u00e9clair\u00e9e. En outre, nous avons \u00e0 faire\u2026","rel":"","context":"Similar post","block_context":{"text":"Similar post","link":""},"img":{"alt_text":"","src":"https:\/\/i0.wp.com\/centredebienetreholistique.com\/wp-content\/uploads\/2015\/06\/Screen-Shot-2015-06-10-at-10.06.32-PM-300x271.png?resize=350%2C200","width":350,"height":200},"classes":[]},{"id":3523,"url":"https:\/\/centredebienetreholistique.com\/?page_id=3523","url_meta":{"origin":6299,"position":4},"title":"Equipe","author":"centredebienetreholistique","date":"May 20, 2020","format":false,"excerpt":"Pendant 8 ans, le Centre \u00e9tait ferm\u00e9. Revenu en France, le directeur-fondateur est en train de restorer l'\u00e9co-lieu et d'organsier une nouvelle \u00e9quipe ainsi que des \u00a0ateliers et stages de formation en m\u00e9decine holistique et dans la science de la biog\u00e9rontologie holistique. Nous sommes sp\u00e9cialis\u00e9s dans l'approche holistique de la\u2026","rel":"","context":"Similar post","block_context":{"text":"Similar post","link":""},"img":{"alt_text":"","src":"","width":0,"height":0},"classes":[]},{"id":644,"url":"https:\/\/centredebienetreholistique.com\/?page_id=644","url_meta":{"origin":6299,"position":5},"title":"R\u00e9sultats escompt\u00e9s de nos Services","author":"centredebienetreholistique","date":"June 4, 2015","format":false,"excerpt":"Apr\u00e8s 10 \u00e0 21 jours de retraite long\u00e9vit\u00e9 accomplis avec assiduit\u00e9 et diligence,\u00a0les stagiaires pourront via examens m\u00e9dicaux constater que la grande majorit\u00e9 des marqueurs physiologiques importants seront am\u00e9lior\u00e9s de fa\u00e7on significative, y compris la longueur de leur t\u00e9lom\u00e9res et l'enzyme t\u00e9lom\u00e9rase y aff\u00e9rent, indicateurs que l'un des quatorze \"pathways\"\u2026","rel":"","context":"Similar post","block_context":{"text":"Similar post","link":""},"img":{"alt_text":"","src":"","width":0,"height":0},"classes":[]}],"_links":{"self":[{"href":"https:\/\/centredebienetreholistique.com\/index.php?rest_route=\/wp\/v2\/pages\/6299"}],"collection":[{"href":"https:\/\/centredebienetreholistique.com\/index.php?rest_route=\/wp\/v2\/pages"}],"about":[{"href":"https:\/\/centredebienetreholistique.com\/index.php?rest_route=\/wp\/v2\/types\/page"}],"author":[{"embeddable":true,"href":"https:\/\/centredebienetreholistique.com\/index.php?rest_route=\/wp\/v2\/users\/1"}],"replies":[{"embeddable":true,"href":"https:\/\/centredebienetreholistique.com\/index.php?rest_route=%2Fwp%2Fv2%2Fcomments&post=6299"}],"version-history":[{"count":1,"href":"https:\/\/centredebienetreholistique.com\/index.php?rest_route=\/wp\/v2\/pages\/6299\/revisions"}],"predecessor-version":[{"id":6300,"href":"https:\/\/centredebienetreholistique.com\/index.php?rest_route=\/wp\/v2\/pages\/6299\/revisions\/6300"}],"wp:attachment":[{"href":"https:\/\/centredebienetreholistique.com\/index.php?rest_route=%2Fwp%2Fv2%2Fmedia&parent=6299"}],"curies":[{"name":"wp","href":"https:\/\/api.w.org\/{rel}","templated":true}]}}