{"id":5618,"date":"2020-08-30T19:06:11","date_gmt":"2020-08-30T19:06:11","guid":{"rendered":"http:\/\/centredebienetreholistique.com\/?page_id=5618"},"modified":"2020-08-30T19:06:11","modified_gmt":"2020-08-30T19:06:11","slug":"peinture-a-base-de-carbonate-de-calcium-et-dargile-blanc-craie","status":"publish","type":"page","link":"https:\/\/centredebienetreholistique.com\/?page_id=5618","title":{"rendered":"Peinture \u00e0 base de carbonate de calcium et d&#8217;argile Blanc  (craie)"},"content":{"rendered":"","protected":true},"excerpt":{"rendered":"","protected":true},"author":1,"featured_media":0,"parent":0,"menu_order":0,"comment_status":"open","ping_status":"open","template":"","meta":{"footnotes":""},"jetpack_sharing_enabled":true,"jetpack_shortlink":"https:\/\/wp.me\/P4FfFc-1sC","jetpack_likes_enabled":true,"jetpack-related-posts":[{"id":210,"url":"https:\/\/centredebienetreholistique.com\/?page_id=210","url_meta":{"origin":5618,"position":0},"title":"Recherches sur le Mal-etre et le Bien-\u00catre","author":"centredebienetreholistique","date":"February 9, 2015","format":false,"excerpt":"\u00a0 A. \u00a0POUR LA RECHERCHE VIA NOS BLOGS, VOIR LA COLONNE \u00c0 DROITE. B. POUR LA RECHERCHE EN MATI\u00c8RE DE CANC\u00c9ROLOGIE G\u00c9N\u00c9RALE ET HOLISTIQUE, VOIR NOS RAPPORTS\/PROTOCOLES ET LES TRAVAUX DE L'INSTITUT ACR LA\u00a0RECHERCHE AVANC\u00c9E EN CANC\u00c9ROLOGIE\u00a0(riche en\u00a0perc\u00e9es scientifiques) C. POUR LA RECHERCHE EN LONG\u00c9VIT\u00c9 OPTIMALE Cliquez ici pour le\u2026","rel":"","context":"Similar post","block_context":{"text":"Similar post","link":""},"img":{"alt_text":"","src":"","width":0,"height":0},"classes":[]},{"id":11162,"url":"https:\/\/centredebienetreholistique.com\/?page_id=11162","url_meta":{"origin":5618,"position":1},"title":"La m\u00e9decine R\u00e9g\u00e9n\u00e9rative est au centre de la Nouvelle M\u00e9decine Holistique","author":"centredebienetreholistique","date":"June 21, 2021","format":false,"excerpt":"Dans le cadre de la long\u00e9vit\u00e9 optimale voire du rajeunissement, nous avons la m\u00e9decine r\u00e9g\u00e9n\u00e9rative, qui est une nouvelle discipline m\u00e9dicale qui est enseign\u00e9e dans les facult\u00e9s de m\u00e9decine progressistes, surtout aux Etats-Unis. Vu son int\u00e9r\u00eat, qui ne peut que grandir avec le temps, comme la m\u00e9decine quantique, la m\u00e9decine\u2026","rel":"","context":"Similar post","block_context":{"text":"Similar post","link":""},"img":{"alt_text":"","src":"","width":0,"height":0},"classes":[]},{"id":427,"url":"https:\/\/centredebienetreholistique.com\/?page_id=427","url_meta":{"origin":5618,"position":2},"title":"Remise en Forme via un programme de D\u00e9toxication et Revitalisation entre les Ateliers (ou sans)","author":"centredebienetreholistique","date":"May 25, 2015","format":false,"excerpt":"1. R\u00e9veil \u00e0 la lev\u00e9e du jour via musico-th\u00e9rapie: yoga, lait d\u2019argile, technique \u00ab eft \u00bb, m\u00e9ditation, exercices respiratoires et exercices physiques mod\u00e9r\u00e9s. 2. D\u00e9tox matinale : tisanes d\u00e9toxifiantes, jus d'herbe, \u00a0trampoline (pour le drainage lymphatique) et autres techniques. 3. S\u00e9ance d'aromath\u00e9rapie et chants tib\u00e9tains, gr\u00e9goriens et-ou classiques. 4. Smoothy\u2026","rel":"","context":"Similar post","block_context":{"text":"Similar post","link":""},"img":{"alt_text":"","src":"","width":0,"height":0},"classes":[]},{"id":789,"url":"https:\/\/centredebienetreholistique.com\/?page_id=789","url_meta":{"origin":5618,"position":3},"title":"Type de Menu Holistique","author":"centredebienetreholistique","date":"June 11, 2015","format":false,"excerpt":"MENU DETOX-IMMUNO BOOST DU CENTRE PYR\u00c9N\u00c9EN HOLISTIQUE (HORS STAGE) \u00a0COURANT MATIN\u00c9E Elixir de lait d\u2019amande mix\u00e9 aux dattes d\u2019Arabie et arros\u00e9 d\u2019une liqueur du Su\u00e9dois (\u00e0 base de 59 composants de plantes sauvages vivifiantes). DEJEUNER DETOX-IMMUNO-FORTIFIANT Fruits diur\u00e9tiques. L\u2019int\u00e9r\u00eat d\u2019ing\u00e9rer des fruits avant le repas tient au fait que le\u2026","rel":"","context":"Similar post","block_context":{"text":"Similar post","link":""},"img":{"alt_text":"","src":"","width":0,"height":0},"classes":[]},{"id":662,"url":"https:\/\/centredebienetreholistique.com\/?page_id=662","url_meta":{"origin":5618,"position":4},"title":"Colloque du Centre Holistique: &#8220;Cancer, Droit M\u00e9dical et Libert\u00e9 Th\u00e9rapeutique&#8221;","author":"centredebienetreholistique","date":"June 5, 2015","format":false,"excerpt":"CONGR\u00c8S SUR LES\u00a0TH\u00c9RAPIES ALTERNATIVES ET COMPL\u00c9MENTAIRES CONCERNANT LE CANCER, LE DROIT M\u00c9DICAL ET LES LIBERT\u00c9S TH\u00c9RAPEUTIQUE \u00a0LE 17 & 18 AVRIL 2004 Vis m\u00e9dicatrix naturae Prieur\u00e9 de Marcevol 66320 Arboussols (pr\u00e8s de Vinca dans un site grandiose, idyllique, en pleine montagne des Pyr\u00e9n\u00e9es orientales). Route\u00a0: RN 116, (direction Prades). A\u2026","rel":"","context":"Similar post","block_context":{"text":"Similar post","link":""},"img":{"alt_text":"","src":"","width":0,"height":0},"classes":[]},{"id":9063,"url":"https:\/\/centredebienetreholistique.com\/?page_id=9063","url_meta":{"origin":5618,"position":5},"title":"L&#8217;Analyse et &#8220;Tips&#8221; Covid 19 du Centre M\u00e9diterran\u00e9en Holistique","author":"centredebienetreholistique","date":"February 28, 2021","format":false,"excerpt":"L'analyse COVID du CMH examinera quelques limites et bienfaits de la Politique sanitaire COVID du Gouvernement (Partie A), puis enchainera sur la n\u00e9cessit\u00e9 de mettre en oeuvre une strat\u00e9gie anti-Covid holistique de la sant\u00e9 publique, fond\u00e9e sur plusieurs \"anti-covid tips\" (conseils). (Partie B). Avant d'entamer une conclusion de nos travaux\u2026","rel":"","context":"Similar post","block_context":{"text":"Similar post","link":""},"img":{"alt_text":"","src":"","width":0,"height":0},"classes":[]}],"_links":{"self":[{"href":"https:\/\/centredebienetreholistique.com\/index.php?rest_route=\/wp\/v2\/pages\/5618"}],"collection":[{"href":"https:\/\/centredebienetreholistique.com\/index.php?rest_route=\/wp\/v2\/pages"}],"about":[{"href":"https:\/\/centredebienetreholistique.com\/index.php?rest_route=\/wp\/v2\/types\/page"}],"author":[{"embeddable":true,"href":"https:\/\/centredebienetreholistique.com\/index.php?rest_route=\/wp\/v2\/users\/1"}],"replies":[{"embeddable":true,"href":"https:\/\/centredebienetreholistique.com\/index.php?rest_route=%2Fwp%2Fv2%2Fcomments&post=5618"}],"version-history":[{"count":1,"href":"https:\/\/centredebienetreholistique.com\/index.php?rest_route=\/wp\/v2\/pages\/5618\/revisions"}],"predecessor-version":[{"id":5620,"href":"https:\/\/centredebienetreholistique.com\/index.php?rest_route=\/wp\/v2\/pages\/5618\/revisions\/5620"}],"wp:attachment":[{"href":"https:\/\/centredebienetreholistique.com\/index.php?rest_route=%2Fwp%2Fv2%2Fmedia&parent=5618"}],"curies":[{"name":"wp","href":"https:\/\/api.w.org\/{rel}","templated":true}]}}