{"id":5437,"date":"2020-08-17T21:44:52","date_gmt":"2020-08-17T21:44:52","guid":{"rendered":"http:\/\/centredebienetreholistique.com\/?page_id=5437"},"modified":"2020-08-17T22:01:55","modified_gmt":"2020-08-17T22:01:55","slug":"5437-2","status":"publish","type":"page","link":"https:\/\/centredebienetreholistique.com\/?page_id=5437","title":{"rendered":"L&#8217;auto-regeneration de la vessie"},"content":{"rendered":"","protected":true},"excerpt":{"rendered":"","protected":true},"author":1,"featured_media":0,"parent":0,"menu_order":0,"comment_status":"open","ping_status":"open","template":"","meta":{"footnotes":""},"jetpack_sharing_enabled":true,"jetpack_shortlink":"https:\/\/wp.me\/P4FfFc-1pH","jetpack_likes_enabled":true,"jetpack-related-posts":[{"id":11162,"url":"https:\/\/centredebienetreholistique.com\/?page_id=11162","url_meta":{"origin":5437,"position":0},"title":"La m\u00e9decine R\u00e9g\u00e9n\u00e9rative est au centre de la Nouvelle M\u00e9decine Holistique","author":"centredebienetreholistique","date":"June 21, 2021","format":false,"excerpt":"Dans le cadre de la long\u00e9vit\u00e9 optimale voire du rajeunissement, nous avons la m\u00e9decine r\u00e9g\u00e9n\u00e9rative, qui est une nouvelle discipline m\u00e9dicale qui est enseign\u00e9e dans les facult\u00e9s de m\u00e9decine progressistes, surtout aux Etats-Unis. Vu son int\u00e9r\u00eat, qui ne peut que grandir avec le temps, comme la m\u00e9decine quantique, la m\u00e9decine\u2026","rel":"","context":"Similar post","block_context":{"text":"Similar post","link":""},"img":{"alt_text":"","src":"","width":0,"height":0},"classes":[]},{"id":4002,"url":"https:\/\/centredebienetreholistique.com\/?page_id=4002","url_meta":{"origin":5437,"position":1},"title":"S\u00e9jours de Long\u00e9vit\u00e9 Optimale en pleine Montagne Catalane des Pyr\u00e9n\u00e9es Orientales (Optimal Healing &#038; Longevity Retreat)","author":"centredebienetreholistique","date":"June 4, 2020","format":false,"excerpt":"Des vacances de sant\u00e9-long\u00e9vit\u00e9 en pleine montagne, organis\u00e9s par \u00a0coachsupercentenaire@gmail.com (Click on the bottom right for language translation) \"Un c\u0153ur joyeux est un bon rem\u00e8de, mais un esprit abattu dess\u00e8che les os.\"\u00a0(Verset 22 de Proverbes 17) Situ\u00e9 dans la vall\u00e9e du Vallespir, au coeur des Pyr\u00e9n\u00e9es-Orientales et de la M\u00e9diterran\u00e9e\u2026","rel":"","context":"Similar post","block_context":{"text":"Similar post","link":""},"img":{"alt_text":"","src":"https:\/\/i0.wp.com\/centredebienetreholistique.com\/wp-content\/uploads\/2014\/12\/jushousetwo.jpg?resize=350%2C200","width":350,"height":200},"classes":[]},{"id":629,"url":"https:\/\/centredebienetreholistique.com\/?page_id=629","url_meta":{"origin":5437,"position":2},"title":"Photos et Vid\u00e9os de Pr\u00e9sentation (en construction)","author":"centredebienetreholistique","date":"June 3, 2015","format":false,"excerpt":"PHOTOS DU CENTRE \u00a0 \u00a0Photo: Le Centre baigne dans un environnement riche en for\u00eats, huiles essentielles, plantes m\u00e9dicinales, champignons, rivi\u00e8res, eaux de sources, faunes et montagnes dont le majestueux Canigou. Logement Possibilit\u00e9 de loger soit dans la maison centrale, soit dans la maison Yoga. Maison Yoga, \u00e0 proximit\u00e9 de la\u2026","rel":"","context":"Similar post","block_context":{"text":"Similar post","link":""},"img":{"alt_text":"","src":"https:\/\/i0.wp.com\/centredebienetreholistique.com\/wp-content\/uploads\/2014\/12\/jushousetwo.jpg?resize=350%2C200","width":350,"height":200},"classes":[]},{"id":10760,"url":"https:\/\/centredebienetreholistique.com\/?page_id=10760","url_meta":{"origin":5437,"position":3},"title":"M\u00e9decine R\u00e9g\u00e9n\u00e9rative bas\u00e9e sur cellules de souches","author":"centredebienetreholistique","date":"May 18, 2021","format":false,"excerpt":"\u00a0 Un traitement \u00e0 base de cellules souches afin de lutter contre le vieillissement ? D\u2019apr\u00e8s deux r\u00e9centes \u00e9tudes, parues dans\u00a0The Journals of Gerontology\u00a0et r\u00e9alis\u00e9es par une \u00e9quipe de chercheurs de l\u2019Interdisciplinary Stem Cell Institute\u00a0de l\u2019Universit\u00e9 de Miami aux \u00c9tats-Unis, un nouveau traitement \u00e0 base de cellules souches de la\u2026","rel":"","context":"Similar post","block_context":{"text":"Similar post","link":""},"img":{"alt_text":"","src":"https:\/\/i0.wp.com\/www.longlonglife.org\/wp-content\/uploads\/2017\/10\/1_msc_DAPIThR001_b.jpg?resize=350%2C200","width":350,"height":200,"srcset":"https:\/\/i0.wp.com\/www.longlonglife.org\/wp-content\/uploads\/2017\/10\/1_msc_DAPIThR001_b.jpg?resize=350%2C200 1x, https:\/\/i0.wp.com\/www.longlonglife.org\/wp-content\/uploads\/2017\/10\/1_msc_DAPIThR001_b.jpg?resize=525%2C300 1.5x, https:\/\/i0.wp.com\/www.longlonglife.org\/wp-content\/uploads\/2017\/10\/1_msc_DAPIThR001_b.jpg?resize=700%2C400 2x"},"classes":[]},{"id":13,"url":"https:\/\/centredebienetreholistique.com\/?page_id=13","url_meta":{"origin":5437,"position":4},"title":"Mission du Centre M\u00e9diterran\u00e9en de Long\u00e9vit\u00e9 (Mediterranean Longevity)","author":"centredebienetreholistique","date":"December 23, 2014","format":false,"excerpt":"La mission principale du Centre Mediterranean Longevity (CML) est la recherche\u00a0 fondamentale et appliqu\u00e9e dans la science de la long\u00e9vit\u00e9 optimale (que l'on appelle biog\u00e9rontologie), dont l'objectif central est de trouver un protocole de long\u00e9vit\u00e9 efficace et accessible pour ce qui est de la \"healthy and successful aging\",\u00a0 (1) puis\u2026","rel":"","context":"Similar post","block_context":{"text":"Similar post","link":""},"img":{"alt_text":"","src":"","width":0,"height":0},"classes":[]},{"id":9473,"url":"https:\/\/centredebienetreholistique.com\/?page_id=9473","url_meta":{"origin":5437,"position":5},"title":"La Garantie du Centre M\u00e9diterran\u00e9en et l&#8217;engagement des Parties","author":"centredebienetreholistique","date":"April 5, 2021","format":false,"excerpt":"La Garantie Si le s\u00e9journant, stagiaire ou coachee (1) met en application les techniques\u00a0 holistiques que nous pr\u00e9conisons, il y aura une optimisation de plusieurs\u00a0marqueurs biologiques\u00a0 de la long\u00e9vit\u00e9 optimale et une r\u00e9duction des bio-marqueurs de la majorit\u00e9 des maladies chroniques et du vieillissement pr\u00e9coce. (voir r\u00e9sultats garantis). Mais il\u2026","rel":"","context":"Similar post","block_context":{"text":"Similar post","link":""},"img":{"alt_text":"","src":"","width":0,"height":0},"classes":[]}],"_links":{"self":[{"href":"https:\/\/centredebienetreholistique.com\/index.php?rest_route=\/wp\/v2\/pages\/5437"}],"collection":[{"href":"https:\/\/centredebienetreholistique.com\/index.php?rest_route=\/wp\/v2\/pages"}],"about":[{"href":"https:\/\/centredebienetreholistique.com\/index.php?rest_route=\/wp\/v2\/types\/page"}],"author":[{"embeddable":true,"href":"https:\/\/centredebienetreholistique.com\/index.php?rest_route=\/wp\/v2\/users\/1"}],"replies":[{"embeddable":true,"href":"https:\/\/centredebienetreholistique.com\/index.php?rest_route=%2Fwp%2Fv2%2Fcomments&post=5437"}],"version-history":[{"count":3,"href":"https:\/\/centredebienetreholistique.com\/index.php?rest_route=\/wp\/v2\/pages\/5437\/revisions"}],"predecessor-version":[{"id":5440,"href":"https:\/\/centredebienetreholistique.com\/index.php?rest_route=\/wp\/v2\/pages\/5437\/revisions\/5440"}],"wp:attachment":[{"href":"https:\/\/centredebienetreholistique.com\/index.php?rest_route=%2Fwp%2Fv2%2Fmedia&parent=5437"}],"curies":[{"name":"wp","href":"https:\/\/api.w.org\/{rel}","templated":true}]}}