{"id":4877,"date":"2020-07-05T20:43:07","date_gmt":"2020-07-05T20:43:07","guid":{"rendered":"http:\/\/centredebienetreholistique.com\/?page_id=4877"},"modified":"2021-01-02T19:04:42","modified_gmt":"2021-01-02T19:04:42","slug":"corona-confusion-une-projection-du-mal-etre-des-agents-publics-mythes-et-faits","status":"publish","type":"page","link":"https:\/\/centredebienetreholistique.com\/?page_id=4877","title":{"rendered":"Corona-confusion et &#8220;l&#8217;infodemie&#8221; (infodemic), d\u00e9sinformations des agents publics et-ou des groupes priv\u00e9s de mauvaise foi ? Mythes et Faits"},"content":{"rendered":"","protected":true},"excerpt":{"rendered":"","protected":true},"author":1,"featured_media":0,"parent":0,"menu_order":0,"comment_status":"open","ping_status":"open","template":"","meta":{"footnotes":""},"jetpack_sharing_enabled":true,"jetpack_shortlink":"https:\/\/wp.me\/P4FfFc-1gF","jetpack_likes_enabled":true,"jetpack-related-posts":[{"id":2878,"url":"https:\/\/centredebienetreholistique.com\/?page_id=2878","url_meta":{"origin":4877,"position":0},"title":"L&#8217;agriculteur bio: le premier m\u00e9decin","author":"centredebienetreholistique","date":"November 27, 2019","format":false,"excerpt":"Suite \u00e0 une certification d'Ecocert en 2010, nous avions plant\u00e9 pr\u00e8s de 2000 fraisiers bio (vari\u00e9t\u00e9 \"cihos\u00e9\" et \"mara des bois\") en synergie avec une centaine de \u00a0framboisiers, mytrillers et plantes de gojis et st\u00e9via. Avec les fraises sauvages \u00a0qui poussent spontan\u00e9ment, il y avait de quoi renforcer la sant\u00e9\u2026","rel":"","context":"Similar post","block_context":{"text":"Similar post","link":""},"img":{"alt_text":"","src":"","width":0,"height":0},"classes":[]},{"id":4002,"url":"https:\/\/centredebienetreholistique.com\/?page_id=4002","url_meta":{"origin":4877,"position":1},"title":"S\u00e9jours de Long\u00e9vit\u00e9 Optimale en pleine Montagne Catalane des Pyr\u00e9n\u00e9es Orientales (Optimal Healing &#038; Longevity Retreat)","author":"centredebienetreholistique","date":"June 4, 2020","format":false,"excerpt":"Des vacances de sant\u00e9-long\u00e9vit\u00e9 en pleine montagne, organis\u00e9s par \u00a0coachsupercentenaire@gmail.com (Click on the bottom right for language translation) \"Un c\u0153ur joyeux est un bon rem\u00e8de, mais un esprit abattu dess\u00e8che les os.\"\u00a0(Verset 22 de Proverbes 17) Situ\u00e9 dans la vall\u00e9e du Vallespir, au coeur des Pyr\u00e9n\u00e9es-Orientales et de la M\u00e9diterran\u00e9e\u2026","rel":"","context":"Similar post","block_context":{"text":"Similar post","link":""},"img":{"alt_text":"","src":"https:\/\/i0.wp.com\/centredebienetreholistique.com\/wp-content\/uploads\/2014\/12\/jushousetwo.jpg?resize=350%2C200","width":350,"height":200},"classes":[]},{"id":3529,"url":"https:\/\/centredebienetreholistique.com\/?page_id=3529","url_meta":{"origin":4877,"position":2},"title":"Th\u00e9rapies Bien-etre Holistiques","author":"centredebienetreholistique","date":"May 20, 2020","format":false,"excerpt":"La m\u00e9decine holistique se fonde sur les avanc\u00e9es scientifiques et m\u00e9dicales (ie, \"medical breakthroughs\") depuis des mill\u00e9naires. Elle\u00a0vise la globalit\u00e9 de l'etre humain afin de maintenir son bien-\u00eatre-etre et son m\u00e9tabolisme de centenaire.. Cette m\u00e9decine dispose de milliers de th\u00e9rapies et techniques diff\u00e9rentes. Toutes sont destin\u00e9es a revitaliser l'\u00e9nergie primordiale,\u2026","rel":"","context":"Similar post","block_context":{"text":"Similar post","link":""},"img":{"alt_text":"","src":"","width":0,"height":0},"classes":[]},{"id":9470,"url":"https:\/\/centredebienetreholistique.com\/?page_id=9470","url_meta":{"origin":4877,"position":3},"title":"Les Services des S\u00e9jours de Long\u00e9vit\u00e9 Optimale","author":"centredebienetreholistique","date":"April 5, 2021","format":false,"excerpt":"Pour la formule B du s\u00e9jour long\u00e9vit\u00e9 1. Six heures de formation les deux premier jours du s\u00e9jour\u00a0en mati\u00e8re de long\u00e9vit\u00e9 optimale (ie, les m\u00e9canismes principaux de la s\u00e9nescence et du vieillissement pr\u00e9coce, techniques innovantes et holistiques en faveur de la r\u00e9paration ainsi que de la r\u00e9g\u00e9n\u00e9ration c\u00e9llulaire et options\u2026","rel":"","context":"Similar post","block_context":{"text":"Similar post","link":""},"img":{"alt_text":"","src":"","width":0,"height":0},"classes":[]},{"id":143,"url":"https:\/\/centredebienetreholistique.com\/?page_id=143","url_meta":{"origin":4877,"position":4},"title":"Coaching et Formation Pr\u00e9liminaire en canc\u00e9rologie holistique","author":"centredebienetreholistique","date":"December 24, 2014","format":false,"excerpt":"Introduction \"Nous ne pr\u00e9tendons pas r\u00e9soudre le probl\u00e8me du cancer \u00e0 100 pourcent, mais nous avons la conviction qu'il le serait au moins \u00e0 80 pourcent si les techniques pr\u00e9ventives et curatives \u00e9voqu\u00e9es dans les pages qui vont suivre \u00e9taient mises en oeuvre de mani\u00e8re usuelle\". Dr Joseph L\u00e9vy, \"Les\u2026","rel":"","context":"Similar post","block_context":{"text":"Similar post","link":""},"img":{"alt_text":"","src":"","width":0,"height":0},"classes":[]},{"id":166,"url":"https:\/\/centredebienetreholistique.com\/?page_id=166","url_meta":{"origin":4877,"position":5},"title":"Mission du Centre Pyr\u00e9n\u00e9en","author":"centredebienetreholistique","date":"December 24, 2014","format":false,"excerpt":"Dans le coeur de la Catalogne, entre la M\u00e9diterran\u00e9e et le Mont Canigou, se situe le Centre Pyr\u00e9n\u00e9en \u00a0dont la mission repose sur le maintien du bien-\u00eatre holistique gra\u00e7e \u00e0 trois activit\u00e9s: 1) ateliers et \u00e9ducation en bien-\u00eatre, 2) agriculture soutenable et 3) protection et promotion des libert\u00e9s fondamentales. \u00a0Gra\u00e7e\u2026","rel":"","context":"Similar post","block_context":{"text":"Similar post","link":""},"img":{"alt_text":"","src":"","width":0,"height":0},"classes":[]}],"_links":{"self":[{"href":"https:\/\/centredebienetreholistique.com\/index.php?rest_route=\/wp\/v2\/pages\/4877"}],"collection":[{"href":"https:\/\/centredebienetreholistique.com\/index.php?rest_route=\/wp\/v2\/pages"}],"about":[{"href":"https:\/\/centredebienetreholistique.com\/index.php?rest_route=\/wp\/v2\/types\/page"}],"author":[{"embeddable":true,"href":"https:\/\/centredebienetreholistique.com\/index.php?rest_route=\/wp\/v2\/users\/1"}],"replies":[{"embeddable":true,"href":"https:\/\/centredebienetreholistique.com\/index.php?rest_route=%2Fwp%2Fv2%2Fcomments&post=4877"}],"version-history":[{"count":3,"href":"https:\/\/centredebienetreholistique.com\/index.php?rest_route=\/wp\/v2\/pages\/4877\/revisions"}],"predecessor-version":[{"id":7934,"href":"https:\/\/centredebienetreholistique.com\/index.php?rest_route=\/wp\/v2\/pages\/4877\/revisions\/7934"}],"wp:attachment":[{"href":"https:\/\/centredebienetreholistique.com\/index.php?rest_route=%2Fwp%2Fv2%2Fmedia&parent=4877"}],"curies":[{"name":"wp","href":"https:\/\/api.w.org\/{rel}","templated":true}]}}