{"id":4528,"date":"2020-06-18T11:01:47","date_gmt":"2020-06-18T11:01:47","guid":{"rendered":"http:\/\/centredebienetreholistique.com\/?page_id=4528"},"modified":"2020-06-18T11:01:47","modified_gmt":"2020-06-18T11:01:47","slug":"les-plantivores-limmunite-les-anticorps-les-maladies-chroniques-et-la-covid-19","status":"publish","type":"page","link":"https:\/\/centredebienetreholistique.com\/?page_id=4528","title":{"rendered":"Les Plantivores, l&#8217;immunit\u00e9, les anticorps, les maladies chroniques et la COVID 19"},"content":{"rendered":"","protected":true},"excerpt":{"rendered":"","protected":true},"author":1,"featured_media":0,"parent":0,"menu_order":0,"comment_status":"open","ping_status":"open","template":"","meta":{"footnotes":""},"jetpack_sharing_enabled":true,"jetpack_shortlink":"https:\/\/wp.me\/P4FfFc-1b2","jetpack_likes_enabled":true,"jetpack-related-posts":[{"id":2938,"url":"https:\/\/centredebienetreholistique.com\/?page_id=2938","url_meta":{"origin":4528,"position":0},"title":"Chrono M\u00e9decine","author":"centredebienetreholistique","date":"February 7, 2020","format":false,"excerpt":"\u00a0 \u00a0 Core Concept: Emerging science of chronotherapy offers big opportunities to optimize drug delivery David Adam PNAS\u00a0October 29, 2019\u00a0116\u00a0(44)\u00a021957-21959;\u00a0https:\/\/doi.org\/10.1073\/pnas.1916118116 A growing number of biomedical researchers advocate a simple way to improve the effectiveness of medications: administer them based on what studies say is the ideal time. \u201cAlmost every drug\u2026","rel":"","context":"Similar post","block_context":{"text":"Similar post","link":""},"img":{"alt_text":"","src":"","width":0,"height":0},"classes":[]},{"id":409,"url":"https:\/\/centredebienetreholistique.com\/?page_id=409","url_meta":{"origin":4528,"position":1},"title":"Atelier maladies chroniques vues au travers de la m\u00e9decine holistique","author":"centredebienetreholistique","date":"May 8, 2015","format":false,"excerpt":"1. La magnitude et la prolif\u00e9ration des maladies chroniques (dont plus de cent maladies auto-immunes) et les limites de la m\u00e9decine allopathique officielle en la mati\u00e8re. 2. Techniques holistiques en mati\u00e8re de maladies chroniques: principes de base. 3. \u00c9tude de cas: diab\u00e8te et ost\u00e9o-arthritisme. Les faits montrent que le diab\u00e8te\u2026","rel":"","context":"Similar post","block_context":{"text":"Similar post","link":""},"img":{"alt_text":"","src":"","width":0,"height":0},"classes":[]},{"id":4177,"url":"https:\/\/centredebienetreholistique.com\/?page_id=4177","url_meta":{"origin":4528,"position":2},"title":"Formation en agriculture holistique et r\u00e9g\u00e9n\u00e9rative","author":"centredebienetreholistique","date":"June 8, 2020","format":false,"excerpt":"Le Programme Introduction A. Typologie des modes agricoles 1. Agriculture traditionnelle 2. Agriculture de l'Etat (moderne) 3. Agriculture biologique 4. Agriculture bio-dynamique 5. Permaculture 6. Agro-foresterie B. L' Agriculture Holistique est faite des meilleurs \u00e9l\u00e9ments des syst\u00e8mes agricoles existants 1. Le Sol et la Microbiologie 2. L'environnement et l'eau 3.\u2026","rel":"","context":"Similar post","block_context":{"text":"Similar post","link":""},"img":{"alt_text":"","src":"","width":0,"height":0},"classes":[]},{"id":434,"url":"https:\/\/centredebienetreholistique.com\/?page_id=434","url_meta":{"origin":4528,"position":3},"title":"Coaching 101 et Formation Approfondie en Canc\u00e9rologie g\u00e9n\u00e9rale, conventionnelle et alternative","author":"centredebienetreholistique","date":"May 25, 2015","format":false,"excerpt":"Introduction La recherche fondamentale en canc\u00e9rologie conventionnelle, (ie, internationalement \"oncologie\") et les immenses \u00a0efforts scientifiques internationaux (et les centaines de billions de dollars qui vont avec) depuis quelques d\u00e9cennies pour identifier et comprendre les causes et les \u00a0co-facteurs (m\u00e9canismes physiopathologiques) du d\u00e9veloppement du cancer (canc\u00e9rogen\u00e8se) ont \u00e9t\u00e9 en partie fructuese,\u2026","rel":"","context":"Similar post","block_context":{"text":"Similar post","link":""},"img":{"alt_text":"","src":"https:\/\/i0.wp.com\/img.youtube.com\/vi\/jgJKaP0Sj5U\/0.jpg?resize=350%2C200","width":350,"height":200},"classes":[]},{"id":5132,"url":"https:\/\/centredebienetreholistique.com\/?page_id=5132","url_meta":{"origin":4528,"position":4},"title":"Les Globules Blancs: valeurs normatives","author":"centredebienetreholistique","date":"August 1, 2020","format":false,"excerpt":"Pr\u00e9sentation des maladies des globules blancs Par Mary Territo , MD, David Geffen School of Medicine at UCLA Derni\u00e8re r\u00e9vision totale janv. 2020| Derni\u00e8re modification du contenu janv. 2020 REMARQUE\u00a0:\u00a0Il s\u2019agit de la version grand public.\u00a0M\u00c9DECINS\u00a0:\u00a0Cliquez ici pour la version professionnelle Ressources du sujet Les globules blancs (leucocytes) jouent un\u2026","rel":"","context":"Similar post","block_context":{"text":"Similar post","link":""},"img":{"alt_text":"","src":"","width":0,"height":0},"classes":[]},{"id":488,"url":"https:\/\/centredebienetreholistique.com\/?page_id=488","url_meta":{"origin":4528,"position":5},"title":"Vid\u00e9os en Canc\u00e9rologie Innovante","author":"centredebienetreholistique","date":"June 2, 2015","format":false,"excerpt":"BANDE-ANNONCE (Trailer) DU FILM-DOCUMENTAIRE \"Holistic Oncology Movie\" (HOM) https:\/\/vimeo.com\/81067766 INTERVIEW DU DR NICHOLAS GONZALEZ, CANC\u00c9ROLOGUE https:\/\/vimeo.com\/80077162 INTERVIEW DE JOHN THORP, EXPERT EN ELECTRO-MEDICINE https:\/\/vimeo.com\/94779359 INTERVIEW DE CHARLOTTE GERSON, EXPERTE EN CANC\u00c9ROLOGIE HOLISTIQUE https:\/\/vimeo.com\/80730828 INTERVIEW DU DR ROSS, EXPERT EN M\u00c9DECINE INT\u00c9GRATIVE https:\/\/vimeo.com\/82658527 INTERVIEW DU DR SANDRA ROSE MICHAEL, EXPERTE EN\u2026","rel":"","context":"Similar post","block_context":{"text":"Similar post","link":""},"img":{"alt_text":"","src":"","width":0,"height":0},"classes":[]}],"_links":{"self":[{"href":"https:\/\/centredebienetreholistique.com\/index.php?rest_route=\/wp\/v2\/pages\/4528"}],"collection":[{"href":"https:\/\/centredebienetreholistique.com\/index.php?rest_route=\/wp\/v2\/pages"}],"about":[{"href":"https:\/\/centredebienetreholistique.com\/index.php?rest_route=\/wp\/v2\/types\/page"}],"author":[{"embeddable":true,"href":"https:\/\/centredebienetreholistique.com\/index.php?rest_route=\/wp\/v2\/users\/1"}],"replies":[{"embeddable":true,"href":"https:\/\/centredebienetreholistique.com\/index.php?rest_route=%2Fwp%2Fv2%2Fcomments&post=4528"}],"version-history":[{"count":1,"href":"https:\/\/centredebienetreholistique.com\/index.php?rest_route=\/wp\/v2\/pages\/4528\/revisions"}],"predecessor-version":[{"id":4529,"href":"https:\/\/centredebienetreholistique.com\/index.php?rest_route=\/wp\/v2\/pages\/4528\/revisions\/4529"}],"wp:attachment":[{"href":"https:\/\/centredebienetreholistique.com\/index.php?rest_route=%2Fwp%2Fv2%2Fmedia&parent=4528"}],"curies":[{"name":"wp","href":"https:\/\/api.w.org\/{rel}","templated":true}]}}