{"id":4186,"date":"2020-06-08T20:38:20","date_gmt":"2020-06-08T20:38:20","guid":{"rendered":"http:\/\/centredebienetreholistique.com\/?page_id=4186"},"modified":"2024-12-05T21:13:01","modified_gmt":"2024-12-05T21:13:01","slug":"documentaires-en-matiere-dagriculture-biologique-et-ecologie","status":"publish","type":"page","link":"https:\/\/centredebienetreholistique.com\/?page_id=4186","title":{"rendered":"Documentaires en mati\u00e8re d&#8217;Agriculture Biologique et \u00c9cologie"},"content":{"rendered":"<p style=\"text-align: center;\">\u00a0<strong>DOCUMENTAIRES FILMS PERTINENTS EN MATI\u00c8RE DE L&#8217;AGRICULTURE \u00c9COLOGIQUE, LE PREMIER FRONT \u00c0 TOUTE RESTORATION \u00a0DE LA SANT\u00c9<\/strong><\/p>\n<p style=\"text-align: center;\"><em>\u201cThe first duty of the agriculturalist must always be to understand that he is a part of Nature and cannot escape from his environment. He must therefore obey Nature&#8217;s rules.\u201d \u00a0Albert Howard, The Soil and Health: A Study of Organic Agriculture<\/em><\/p>\n<h5 style=\"text-align: center;\">1. SOLUTION LOCALE POUR UN D\u00c9SORDRE GLOBAL<\/h5>\n<p><span class=\"embed-youtube\" style=\"text-align:center; display: block;\"><iframe loading=\"lazy\" class=\"youtube-player\" width=\"605\" height=\"341\" src=\"https:\/\/www.youtube.com\/embed\/nGZvog9-iRE?version=3&#038;rel=1&#038;showsearch=0&#038;showinfo=1&#038;iv_load_policy=1&#038;fs=1&#038;hl=en-US&#038;autohide=2&#038;start=312&#038;wmode=transparent\" allowfullscreen=\"true\" style=\"border:0;\" sandbox=\"allow-scripts allow-same-origin allow-popups allow-presentation\"><\/iframe><\/span><\/p>\n<p><a href=\"https:\/\/centredebienetreholistique.com\/wp-content\/uploads\/2014\/12\/ylang-ylang.jpg\"><img data-attachment-id=\"124\" data-permalink=\"https:\/\/centredebienetreholistique.com\/?attachment_id=124\" data-orig-file=\"https:\/\/centredebienetreholistique.com\/wp-content\/uploads\/2014\/12\/ylang-ylang.jpg\" data-orig-size=\"275,183\" data-comments-opened=\"1\" data-image-meta=\"{&quot;aperture&quot;:&quot;0&quot;,&quot;credit&quot;:&quot;&quot;,&quot;camera&quot;:&quot;&quot;,&quot;caption&quot;:&quot;&quot;,&quot;created_timestamp&quot;:&quot;0&quot;,&quot;copyright&quot;:&quot;&quot;,&quot;focal_length&quot;:&quot;0&quot;,&quot;iso&quot;:&quot;0&quot;,&quot;shutter_speed&quot;:&quot;0&quot;,&quot;title&quot;:&quot;&quot;}\" data-image-title=\"ylang ylang\" data-image-description=\"\" data-image-caption=\"\" data-medium-file=\"https:\/\/centredebienetreholistique.com\/wp-content\/uploads\/2014\/12\/ylang-ylang.jpg\" data-large-file=\"https:\/\/centredebienetreholistique.com\/wp-content\/uploads\/2014\/12\/ylang-ylang.jpg\" decoding=\"async\" loading=\"lazy\" class=\"wp-image-124 aligncenter\" src=\"https:\/\/centredebienetreholistique.com\/wp-content\/uploads\/2014\/12\/ylang-ylang.jpg\" alt=\"ylang ylang\" width=\"206\" height=\"137\" srcset=\"https:\/\/centredebienetreholistique.com\/wp-content\/uploads\/2014\/12\/ylang-ylang.jpg 275w, https:\/\/centredebienetreholistique.com\/wp-content\/uploads\/2014\/12\/ylang-ylang-100x66.jpg 100w, https:\/\/centredebienetreholistique.com\/wp-content\/uploads\/2014\/12\/ylang-ylang-150x99.jpg 150w, https:\/\/centredebienetreholistique.com\/wp-content\/uploads\/2014\/12\/ylang-ylang-200x133.jpg 200w\" sizes=\"(max-width: 206px) 100vw, 206px\" \/><\/a><\/p>\n<h5 style=\"text-align: center;\">2. POINT DE VUE DE LA PRODUCTRICE, COLINE SERREAU<\/h5>\n<p><span class=\"embed-youtube\" style=\"text-align:center; display: block;\"><iframe loading=\"lazy\" class=\"youtube-player\" width=\"605\" height=\"341\" src=\"https:\/\/www.youtube.com\/embed\/Etp2_-eqVKU?version=3&#038;rel=1&#038;showsearch=0&#038;showinfo=1&#038;iv_load_policy=1&#038;fs=1&#038;hl=en-US&#038;autohide=2&#038;start=85&#038;wmode=transparent\" allowfullscreen=\"true\" style=\"border:0;\" sandbox=\"allow-scripts allow-same-origin allow-popups allow-presentation\"><\/iframe><\/span><\/p>\n<p><img data-attachment-id=\"125\" data-permalink=\"https:\/\/centredebienetreholistique.com\/?attachment_id=125\" data-orig-file=\"https:\/\/centredebienetreholistique.com\/wp-content\/uploads\/2014\/12\/cropped-flowerlys.jpg\" data-orig-size=\"183,140\" data-comments-opened=\"1\" data-image-meta=\"{&quot;aperture&quot;:&quot;0&quot;,&quot;credit&quot;:&quot;&quot;,&quot;camera&quot;:&quot;&quot;,&quot;caption&quot;:&quot;&quot;,&quot;created_timestamp&quot;:&quot;0&quot;,&quot;copyright&quot;:&quot;&quot;,&quot;focal_length&quot;:&quot;0&quot;,&quot;iso&quot;:&quot;0&quot;,&quot;shutter_speed&quot;:&quot;0&quot;,&quot;title&quot;:&quot;&quot;}\" data-image-title=\"cropped-flowerlys.jpg\" data-image-description=\"&lt;p&gt;http:\/\/centredebienetreholistique.com\/wp-content\/uploads\/2014\/12\/cropped-flowerlys.jpg&lt;\/p&gt;\n\" data-image-caption=\"\" data-medium-file=\"https:\/\/centredebienetreholistique.com\/wp-content\/uploads\/2014\/12\/cropped-flowerlys.jpg\" data-large-file=\"https:\/\/centredebienetreholistique.com\/wp-content\/uploads\/2014\/12\/cropped-flowerlys.jpg\" decoding=\"async\" loading=\"lazy\" class=\" wp-image-125 aligncenter\" src=\"https:\/\/centredebienetreholistique.com\/wp-content\/uploads\/2014\/12\/cropped-flowerlys.jpg\" alt=\"cropped-flowerlys.jpg\" width=\"197\" height=\"150\" srcset=\"https:\/\/centredebienetreholistique.com\/wp-content\/uploads\/2014\/12\/cropped-flowerlys.jpg 183w, https:\/\/centredebienetreholistique.com\/wp-content\/uploads\/2014\/12\/cropped-flowerlys-100x76.jpg 100w, https:\/\/centredebienetreholistique.com\/wp-content\/uploads\/2014\/12\/cropped-flowerlys-150x114.jpg 150w\" sizes=\"(max-width: 197px) 100vw, 197px\" \/><\/p>\n<h5 style=\"text-align: center;\">\u00a03. DOCUMENTAIRE: NOS ENFANTS NOUS ACCUSERONT<\/h5>\n<p style=\"text-align: center;\">Bande-annonce<\/p>\n<p><span class=\"embed-youtube\" style=\"text-align:center; display: block;\"><iframe loading=\"lazy\" class=\"youtube-player\" width=\"605\" height=\"341\" src=\"https:\/\/www.youtube.com\/embed\/nXu3w2PqAZw?version=3&#038;rel=1&#038;showsearch=0&#038;showinfo=1&#038;iv_load_policy=1&#038;fs=1&#038;hl=en-US&#038;autohide=2&#038;wmode=transparent\" allowfullscreen=\"true\" style=\"border:0;\" sandbox=\"allow-scripts allow-same-origin allow-popups allow-presentation\"><\/iframe><\/span><\/p>\n<p>&nbsp;<\/p>\n<p style=\"text-align: center;\"><a href=\"https:\/\/www.youtube.com\/watch?v=pIMf_mV2GoI\">Version compl\u00e8te<\/a><\/p>\n<p>&nbsp;<\/p>\n<figure id=\"attachment_100\" aria-describedby=\"caption-attachment-100\" style=\"width: 203px\" class=\"wp-caption aligncenter\"><a href=\"https:\/\/centredebienetreholistique.com\/wp-content\/uploads\/2014\/12\/plantswort.jpg\"><img data-attachment-id=\"100\" data-permalink=\"https:\/\/centredebienetreholistique.com\/?attachment_id=100\" data-orig-file=\"https:\/\/centredebienetreholistique.com\/wp-content\/uploads\/2014\/12\/plantswort.jpg\" data-orig-size=\"275,183\" data-comments-opened=\"1\" data-image-meta=\"{&quot;aperture&quot;:&quot;0&quot;,&quot;credit&quot;:&quot;&quot;,&quot;camera&quot;:&quot;&quot;,&quot;caption&quot;:&quot;&quot;,&quot;created_timestamp&quot;:&quot;0&quot;,&quot;copyright&quot;:&quot;&quot;,&quot;focal_length&quot;:&quot;0&quot;,&quot;iso&quot;:&quot;0&quot;,&quot;shutter_speed&quot;:&quot;0&quot;,&quot;title&quot;:&quot;&quot;}\" data-image-title=\"plantswort\" data-image-description=\"\" data-image-caption=\"&lt;p&gt;Millepertuis en abondance dans la for\u00eat&lt;\/p&gt;\n\" data-medium-file=\"https:\/\/centredebienetreholistique.com\/wp-content\/uploads\/2014\/12\/plantswort.jpg\" data-large-file=\"https:\/\/centredebienetreholistique.com\/wp-content\/uploads\/2014\/12\/plantswort.jpg\" decoding=\"async\" loading=\"lazy\" class=\" wp-image-100\" src=\"https:\/\/centredebienetreholistique.com\/wp-content\/uploads\/2014\/12\/plantswort.jpg\" alt=\"Millepertuis en abondance dans la for\u00eat\" width=\"203\" height=\"135\" srcset=\"https:\/\/centredebienetreholistique.com\/wp-content\/uploads\/2014\/12\/plantswort.jpg 275w, https:\/\/centredebienetreholistique.com\/wp-content\/uploads\/2014\/12\/plantswort-100x66.jpg 100w, https:\/\/centredebienetreholistique.com\/wp-content\/uploads\/2014\/12\/plantswort-150x99.jpg 150w, https:\/\/centredebienetreholistique.com\/wp-content\/uploads\/2014\/12\/plantswort-200x133.jpg 200w\" sizes=\"(max-width: 203px) 100vw, 203px\" \/><\/a><figcaption id=\"caption-attachment-100\" class=\"wp-caption-text\">Millepertuis en abondance dans la for\u00eat<\/figcaption><\/figure>\n<h5 style=\"text-align: center;\">\u00a04. DOCUMENTAIRE:\u00a0<a href=\"http:\/\/blogs.rue89.nouvelobs.com\/no-wine-is-innocent\/2015\/04\/13\/insecticide-mon-amour-le-film-qui-atomise-les-pesticides-234464\">INSECTICIDE MON AMOUR<\/a><\/h5>\n<p><span class=\"embed-youtube\" style=\"text-align:center; display: block;\"><iframe loading=\"lazy\" class=\"youtube-player\" width=\"605\" height=\"341\" src=\"https:\/\/www.youtube.com\/embed\/qNfH84y3YEg?version=3&#038;rel=1&#038;showsearch=0&#038;showinfo=1&#038;iv_load_policy=1&#038;fs=1&#038;hl=en-US&#038;autohide=2&#038;wmode=transparent\" allowfullscreen=\"true\" style=\"border:0;\" sandbox=\"allow-scripts allow-same-origin allow-popups allow-presentation\"><\/iframe><\/span><\/p>\n<p><img data-attachment-id=\"603\" data-permalink=\"https:\/\/centredebienetreholistique.com\/?attachment_id=603\" data-orig-file=\"https:\/\/centredebienetreholistique.com\/wp-content\/uploads\/2014\/12\/rawgoji.jpg\" data-orig-size=\"115,118\" data-comments-opened=\"1\" data-image-meta=\"{&quot;aperture&quot;:&quot;0&quot;,&quot;credit&quot;:&quot;&quot;,&quot;camera&quot;:&quot;&quot;,&quot;caption&quot;:&quot;&quot;,&quot;created_timestamp&quot;:&quot;0&quot;,&quot;copyright&quot;:&quot;&quot;,&quot;focal_length&quot;:&quot;0&quot;,&quot;iso&quot;:&quot;0&quot;,&quot;shutter_speed&quot;:&quot;0&quot;,&quot;title&quot;:&quot;&quot;}\" data-image-title=\"rawgoji\" data-image-description=\"\" data-image-caption=\"\" data-medium-file=\"https:\/\/centredebienetreholistique.com\/wp-content\/uploads\/2014\/12\/rawgoji.jpg\" data-large-file=\"https:\/\/centredebienetreholistique.com\/wp-content\/uploads\/2014\/12\/rawgoji.jpg\" decoding=\"async\" loading=\"lazy\" class=\" wp-image-603 aligncenter\" src=\"https:\/\/centredebienetreholistique.com\/wp-content\/uploads\/2014\/12\/rawgoji.jpg\" alt=\"rawgoji\" width=\"153\" height=\"157\" srcset=\"https:\/\/centredebienetreholistique.com\/wp-content\/uploads\/2014\/12\/rawgoji.jpg 115w, https:\/\/centredebienetreholistique.com\/wp-content\/uploads\/2014\/12\/rawgoji-100x102.jpg 100w\" sizes=\"(max-width: 153px) 100vw, 153px\" \/><\/p>\n<h5 style=\"text-align: center;\">\u00a05. DOCUMENTAIRE &#8220;FED UP&#8221;.<\/h5>\n<p><span class=\"embed-youtube\" style=\"text-align:center; display: block;\"><iframe loading=\"lazy\" class=\"youtube-player\" width=\"605\" height=\"341\" src=\"https:\/\/www.youtube.com\/embed\/aCUbvOwwfWM?version=3&#038;rel=1&#038;showsearch=0&#038;showinfo=1&#038;iv_load_policy=1&#038;fs=1&#038;hl=en-US&#038;autohide=2&#038;wmode=transparent\" allowfullscreen=\"true\" style=\"border:0;\" sandbox=\"allow-scripts allow-same-origin allow-popups allow-presentation\"><\/iframe><\/span><\/p>\n<p><img data-attachment-id=\"607\" data-permalink=\"https:\/\/centredebienetreholistique.com\/?attachment_id=607\" data-orig-file=\"https:\/\/centredebienetreholistique.com\/wp-content\/uploads\/2014\/12\/rawbroccoli.jpg\" data-orig-size=\"100,112\" data-comments-opened=\"1\" data-image-meta=\"{&quot;aperture&quot;:&quot;0&quot;,&quot;credit&quot;:&quot;&quot;,&quot;camera&quot;:&quot;&quot;,&quot;caption&quot;:&quot;&quot;,&quot;created_timestamp&quot;:&quot;0&quot;,&quot;copyright&quot;:&quot;&quot;,&quot;focal_length&quot;:&quot;0&quot;,&quot;iso&quot;:&quot;0&quot;,&quot;shutter_speed&quot;:&quot;0&quot;,&quot;title&quot;:&quot;&quot;}\" data-image-title=\"rawbroccoli\" data-image-description=\"\" data-image-caption=\"\" data-medium-file=\"https:\/\/centredebienetreholistique.com\/wp-content\/uploads\/2014\/12\/rawbroccoli.jpg\" data-large-file=\"https:\/\/centredebienetreholistique.com\/wp-content\/uploads\/2014\/12\/rawbroccoli.jpg\" decoding=\"async\" loading=\"lazy\" class=\" wp-image-607 aligncenter\" src=\"https:\/\/centredebienetreholistique.com\/wp-content\/uploads\/2014\/12\/rawbroccoli.jpg\" alt=\"rawbroccoli\" width=\"143\" height=\"160\" \/><\/p>\n<h5 style=\"text-align: center;\">6. ALERTE \u00c0 BABYLONE (DOCUMENTAIRE)<\/h5>\n<p><iframe loading=\"lazy\" title=\"Alerte \u00e0 Babylone, le film de Jean Druon\" frameborder=\"0\" width=\"605\" height=\"453\" src=\"https:\/\/geo.dailymotion.com\/player.html?video=x1ds9p&#038;\" allowfullscreen allow=\"autoplay; fullscreen; picture-in-picture; web-share\"><\/iframe><\/p>\n<figure id=\"attachment_37\" aria-describedby=\"caption-attachment-37\" style=\"width: 139px\" class=\"wp-caption aligncenter\"><a href=\"https:\/\/centredebienetreholistique.com\/wp-content\/uploads\/2014\/12\/cherries.jpg\"><img data-attachment-id=\"37\" data-permalink=\"https:\/\/centredebienetreholistique.com\/?attachment_id=37\" data-orig-file=\"https:\/\/centredebienetreholistique.com\/wp-content\/uploads\/2014\/12\/cherries.jpg\" data-orig-size=\"400,400\" data-comments-opened=\"1\" data-image-meta=\"{&quot;aperture&quot;:&quot;0&quot;,&quot;credit&quot;:&quot;&quot;,&quot;camera&quot;:&quot;&quot;,&quot;caption&quot;:&quot;&quot;,&quot;created_timestamp&quot;:&quot;0&quot;,&quot;copyright&quot;:&quot;&quot;,&quot;focal_length&quot;:&quot;0&quot;,&quot;iso&quot;:&quot;0&quot;,&quot;shutter_speed&quot;:&quot;0&quot;,&quot;title&quot;:&quot;&quot;}\" data-image-title=\"cherries\" data-image-description=\"\" data-image-caption=\"&lt;p&gt;Cerises, en abondance dans la r\u00e9gion, indiqu\u00e9es pour le sommeil&lt;\/p&gt;\n\" data-medium-file=\"https:\/\/centredebienetreholistique.com\/wp-content\/uploads\/2014\/12\/cherries-300x300.jpg\" data-large-file=\"https:\/\/centredebienetreholistique.com\/wp-content\/uploads\/2014\/12\/cherries.jpg\" decoding=\"async\" loading=\"lazy\" class=\" wp-image-37\" src=\"https:\/\/centredebienetreholistique.com\/wp-content\/uploads\/2014\/12\/cherries-300x300.jpg\" alt=\"Cerises, en abondance dans la r\u00e9gion, indiqu\u00e9es pour le sommeil\" width=\"139\" height=\"139\" srcset=\"https:\/\/centredebienetreholistique.com\/wp-content\/uploads\/2014\/12\/cherries-300x300.jpg 300w, https:\/\/centredebienetreholistique.com\/wp-content\/uploads\/2014\/12\/cherries-150x150.jpg 150w, https:\/\/centredebienetreholistique.com\/wp-content\/uploads\/2014\/12\/cherries-100x100.jpg 100w, https:\/\/centredebienetreholistique.com\/wp-content\/uploads\/2014\/12\/cherries-200x200.jpg 200w, https:\/\/centredebienetreholistique.com\/wp-content\/uploads\/2014\/12\/cherries.jpg 400w\" sizes=\"(max-width: 139px) 100vw, 139px\" \/><\/a><figcaption id=\"caption-attachment-37\" class=\"wp-caption-text\">Cerises, en abondance dans la r\u00e9gion, indiqu\u00e9es pour le sommeil<\/figcaption><\/figure>\n<p style=\"text-align: center;\"><strong>7. LA BELLE VERTE<\/strong><\/p>\n<p><span class=\"embed-youtube\" style=\"text-align:center; display: block;\"><iframe loading=\"lazy\" class=\"youtube-player\" width=\"605\" height=\"341\" src=\"https:\/\/www.youtube.com\/embed\/1WN9bv5NVPQ?version=3&#038;rel=1&#038;showsearch=0&#038;showinfo=1&#038;iv_load_policy=1&#038;fs=1&#038;hl=en-US&#038;autohide=2&#038;wmode=transparent\" allowfullscreen=\"true\" style=\"border:0;\" sandbox=\"allow-scripts allow-same-origin allow-popups allow-presentation\"><\/iframe><\/span><\/p>\n<p style=\"text-align: center;\"><strong>\u00a08. AGRICULTURE ET ALIMENTATION VEG\u00c9TALE<\/strong><\/p>\n<p style=\"text-align: left;\"><span class=\"embed-youtube\" style=\"text-align:center; display: block;\"><iframe loading=\"lazy\" class=\"youtube-player\" width=\"605\" height=\"341\" src=\"https:\/\/www.youtube.com\/embed\/iSpglxHTJVM?version=3&#038;rel=1&#038;showsearch=0&#038;showinfo=1&#038;iv_load_policy=1&#038;fs=1&#038;hl=en-US&#038;autohide=2&#038;wmode=transparent\" allowfullscreen=\"true\" style=\"border:0;\" sandbox=\"allow-scripts allow-same-origin allow-popups allow-presentation\"><\/iframe><\/span><\/p>\n<p style=\"text-align: left;\"><span class=\"embed-youtube\" style=\"text-align:center; display: block;\"><iframe loading=\"lazy\" class=\"youtube-player\" width=\"605\" height=\"341\" src=\"https:\/\/www.youtube.com\/embed\/bX-F8mcEjWM?version=3&#038;rel=1&#038;showsearch=0&#038;showinfo=1&#038;iv_load_policy=1&#038;fs=1&#038;hl=en-US&#038;autohide=2&#038;wmode=transparent\" allowfullscreen=\"true\" style=\"border:0;\" sandbox=\"allow-scripts allow-same-origin allow-popups allow-presentation\"><\/iframe><\/span><\/p>\n<p style=\"text-align: left;\"><span class=\"embed-youtube\" style=\"text-align:center; display: block;\"><iframe loading=\"lazy\" class=\"youtube-player\" width=\"605\" height=\"341\" src=\"https:\/\/www.youtube.com\/embed\/iSpglxHTJVM?version=3&#038;rel=1&#038;showsearch=0&#038;showinfo=1&#038;iv_load_policy=1&#038;fs=1&#038;hl=en-US&#038;autohide=2&#038;wmode=transparent\" allowfullscreen=\"true\" style=\"border:0;\" sandbox=\"allow-scripts allow-same-origin allow-popups allow-presentation\"><\/iframe><\/span><\/p>\n<h4 style=\"text-align: center;\"><a href=\"https:\/\/centredebienetreholistique.com\/?page_id=4177\">Atelier en Agriculture Holistique Bio<\/a><\/h4>\n<h6 style=\"text-align: center;\">2015 (c) Le Centre Pyr\u00e9n\u00e9en d&#8217;\u00c9tude du Bien-\u00eatre Holistique et agents<\/h6>\n<h6 style=\"text-align: center;\">Avertissements: Toutes les informations de ce site sont de nature \u00e9ducative et ne constituent en aucun cas des conseils juridiques, m\u00e9dicaux ou techniques. Les liens fournis ne constituent pas une approbation formelle. Nous sommes un Centre d&#8217;\u00c9ducation qui propose des options, des solutions alternatives aux impasses et aux dogmes, et ce, sur le fondement de la science, du droit et de la raison.<\/h6>\n","protected":false},"excerpt":{"rendered":"<p>\u00a0DOCUMENTAIRES FILMS PERTINENTS EN MATI\u00c8RE DE L&#8217;AGRICULTURE \u00c9COLOGIQUE, LE PREMIER FRONT \u00c0 TOUTE RESTORATION \u00a0DE LA SANT\u00c9 \u201cThe first duty of the agriculturalist must always be to understand that he is a part of Nature and cannot escape from his &hellip;<\/p>\n<p class=\"read-more\"> <a class=\"more-link\" href=\"https:\/\/centredebienetreholistique.com\/?page_id=4186\"> <span class=\"screen-reader-text\">Documentaires en mati\u00e8re d&#8217;Agriculture Biologique et \u00c9cologie<\/span> Read More &raquo;<\/a><\/p>\n","protected":false},"author":1,"featured_media":0,"parent":0,"menu_order":0,"comment_status":"open","ping_status":"open","template":"","meta":{"footnotes":""},"jetpack_sharing_enabled":true,"jetpack_shortlink":"https:\/\/wp.me\/P4FfFc-15w","jetpack_likes_enabled":true,"jetpack-related-posts":[{"id":2878,"url":"https:\/\/centredebienetreholistique.com\/?page_id=2878","url_meta":{"origin":4186,"position":0},"title":"L&#8217;agriculteur bio: le premier m\u00e9decin","author":"centredebienetreholistique","date":"November 27, 2019","format":false,"excerpt":"Suite \u00e0 une certification d'Ecocert en 2010, nous avions plant\u00e9 pr\u00e8s de 2000 fraisiers bio (vari\u00e9t\u00e9 \"cihos\u00e9\" et \"mara des bois\") en synergie avec une centaine de \u00a0framboisiers, mytrillers et plantes de gojis et st\u00e9via. Avec les fraises sauvages \u00a0qui poussent spontan\u00e9ment, il y avait de quoi renforcer la sant\u00e9\u2026","rel":"","context":"Similar post","block_context":{"text":"Similar post","link":""},"img":{"alt_text":"","src":"","width":0,"height":0},"classes":[]},{"id":947,"url":"https:\/\/centredebienetreholistique.com\/?page_id=947","url_meta":{"origin":4186,"position":1},"title":"Atelier sur les bien-faits de l&#8217;approche naturopathique en mati\u00e8re de reproduction","author":"centredebienetreholistique","date":"August 23, 2015","format":false,"excerpt":"Que nous organiserons suivant la demande populaire","rel":"","context":"Similar post","block_context":{"text":"Similar post","link":""},"img":{"alt_text":"","src":"","width":0,"height":0},"classes":[]},{"id":942,"url":"https:\/\/centredebienetreholistique.com\/?page_id=942","url_meta":{"origin":4186,"position":2},"title":"Atelier sur les bien-faits du cannabis m\u00e9dical en mati\u00e8re de maladies chroniques","author":"centredebienetreholistique","date":"August 23, 2015","format":false,"excerpt":"Que nous organiserons suivant la demande populaire.","rel":"","context":"Similar post","block_context":{"text":"Similar post","link":""},"img":{"alt_text":"","src":"","width":0,"height":0},"classes":[]},{"id":330,"url":"https:\/\/centredebienetreholistique.com\/?page_id=330","url_meta":{"origin":4186,"position":3},"title":"Vid\u00e9o de pr\u00e9sentation des ateliers du Centre M\u00e9diterran\u00e9en de Bien-\u00catre Holistique","author":"centredebienetreholistique","date":"March 31, 2015","format":false,"excerpt":"https:\/\/www.youtube.com\/watch?v=r-Z-XVcxteA#t=20 \u00a0","rel":"","context":"Similar post","block_context":{"text":"Similar post","link":""},"img":{"alt_text":"","src":"https:\/\/i0.wp.com\/img.youtube.com\/vi\/r-Z-XVcxteA\/0.jpg?resize=350%2C200","width":350,"height":200},"classes":[]},{"id":13,"url":"https:\/\/centredebienetreholistique.com\/?page_id=13","url_meta":{"origin":4186,"position":4},"title":"Mission du Centre M\u00e9diterran\u00e9en de Long\u00e9vit\u00e9 (Mediterranean Longevity)","author":"centredebienetreholistique","date":"December 23, 2014","format":false,"excerpt":"La mission principale du Centre Mediterranean Longevity (CML) est la recherche\u00a0 fondamentale et appliqu\u00e9e dans la science de la long\u00e9vit\u00e9 optimale (que l'on appelle biog\u00e9rontologie), dont l'objectif central est de trouver un protocole de long\u00e9vit\u00e9 efficace et accessible pour ce qui est de la \"healthy and successful aging\",\u00a0 (1) puis\u2026","rel":"","context":"Similar post","block_context":{"text":"Similar post","link":""},"img":{"alt_text":"","src":"","width":0,"height":0},"classes":[]},{"id":732,"url":"https:\/\/centredebienetreholistique.com\/?page_id=732","url_meta":{"origin":4186,"position":5},"title":"Agriculture r\u00e9g\u00e9n\u00e9rative en montagne m\u00e9diterran\u00e9enne","author":"centredebienetreholistique","date":"June 7, 2015","format":false,"excerpt":"\u00a0 \u00a0 \u00a0 \u00a0 \u00a0 \u00a0 \u00a0 \u00a0 \u00a0 \u00a0 \u00a0 \u00a0 \u00a0 \u00a0 \u00a0 \u00a0 \u00a0 \u00a0 \u00a0 \u00a0 \u00a0 \u00a0 \u00a0 \u00a0 \u00a0 LABOURAGE DE L'HIVER EN MONTAGNE Mulching de nos fraisiers Vari\u00e9t\u00e9s \"cihos\u00e9\", \"mara des bois\", \"cyrano\" et autres qui poussent \u00a0en synergie avec des poirreaux, les\u2026","rel":"","context":"Similar post","block_context":{"text":"Similar post","link":""},"img":{"alt_text":"Screen Shot 2017-08-11 at 10.08.01 AM","src":"https:\/\/i0.wp.com\/centredebienetreholistique.com\/wp-content\/uploads\/2014\/12\/Screen-Shot-2017-08-11-at-10.08.01-AM-300x217.png?resize=350%2C200","width":350,"height":200},"classes":[]}],"_links":{"self":[{"href":"https:\/\/centredebienetreholistique.com\/index.php?rest_route=\/wp\/v2\/pages\/4186"}],"collection":[{"href":"https:\/\/centredebienetreholistique.com\/index.php?rest_route=\/wp\/v2\/pages"}],"about":[{"href":"https:\/\/centredebienetreholistique.com\/index.php?rest_route=\/wp\/v2\/types\/page"}],"author":[{"embeddable":true,"href":"https:\/\/centredebienetreholistique.com\/index.php?rest_route=\/wp\/v2\/users\/1"}],"replies":[{"embeddable":true,"href":"https:\/\/centredebienetreholistique.com\/index.php?rest_route=%2Fwp%2Fv2%2Fcomments&post=4186"}],"version-history":[{"count":12,"href":"https:\/\/centredebienetreholistique.com\/index.php?rest_route=\/wp\/v2\/pages\/4186\/revisions"}],"predecessor-version":[{"id":15213,"href":"https:\/\/centredebienetreholistique.com\/index.php?rest_route=\/wp\/v2\/pages\/4186\/revisions\/15213"}],"wp:attachment":[{"href":"https:\/\/centredebienetreholistique.com\/index.php?rest_route=%2Fwp%2Fv2%2Fmedia&parent=4186"}],"curies":[{"name":"wp","href":"https:\/\/api.w.org\/{rel}","templated":true}]}}