{"id":413,"date":"2015-05-08T20:40:36","date_gmt":"2015-05-08T20:40:36","guid":{"rendered":"http:\/\/centredebienetreholistique.com\/?page_id=413"},"modified":"2024-07-15T20:44:19","modified_gmt":"2024-07-15T20:44:19","slug":"les-limites-de-la-cancerologie-conventionelle","status":"publish","type":"page","link":"https:\/\/centredebienetreholistique.com\/?page_id=413","title":{"rendered":"Les limites de la canc\u00e9rologie conventionelle"},"content":{"rendered":"","protected":true},"excerpt":{"rendered":"","protected":true},"author":1,"featured_media":0,"parent":0,"menu_order":0,"comment_status":"open","ping_status":"open","template":"","meta":{"footnotes":""},"jetpack_sharing_enabled":true,"jetpack_shortlink":"https:\/\/wp.me\/P4FfFc-6F","jetpack_likes_enabled":true,"jetpack-related-posts":[{"id":143,"url":"https:\/\/centredebienetreholistique.com\/?page_id=143","url_meta":{"origin":413,"position":0},"title":"Coaching et Formation Pr\u00e9liminaire en canc\u00e9rologie holistique","author":"centredebienetreholistique","date":"December 24, 2014","format":false,"excerpt":"Introduction \"Nous ne pr\u00e9tendons pas r\u00e9soudre le probl\u00e8me du cancer \u00e0 100 pourcent, mais nous avons la conviction qu'il le serait au moins \u00e0 80 pourcent si les techniques pr\u00e9ventives et curatives \u00e9voqu\u00e9es dans les pages qui vont suivre \u00e9taient mises en oeuvre de mani\u00e8re usuelle\". Dr Joseph L\u00e9vy, \"Les\u2026","rel":"","context":"Similar post","block_context":{"text":"Similar post","link":""},"img":{"alt_text":"","src":"","width":0,"height":0},"classes":[]},{"id":260,"url":"https:\/\/centredebienetreholistique.com\/?page_id=260","url_meta":{"origin":413,"position":1},"title":"Fondement Scientifique de la Canc\u00e9rologie Holistique","author":"centredebienetreholistique","date":"March 9, 2015","format":false,"excerpt":"La recherche avanc\u00e9e en mati\u00e8re de canc\u00e9rologie \u00a0 PS. \u00a0N'oubliez pas de cliquer la rubrique \"Blogs & FB\" pour d'autres liens dont le FB du Centre \u00a0","rel":"","context":"Similar post","block_context":{"text":"Similar post","link":""},"img":{"alt_text":"","src":"","width":0,"height":0},"classes":[]},{"id":157,"url":"https:\/\/centredebienetreholistique.com\/?page_id=157","url_meta":{"origin":413,"position":2},"title":"Livre &#038; Documentaire sur la Canc\u00e9rologie Int\u00e9grative","author":"centredebienetreholistique","date":"December 24, 2014","format":false,"excerpt":"Achetez le HOM (Holistic Oncology Movie) documentaire Avec plus de 40 experts am\u00e9ricains de la canc\u00e9rologie et plus de 15 patients qui ont eu raison de leur cancer gra\u00e7e \u00e0 la canc\u00e9rologie int\u00e9grative et holistique, notre documentaire \"HOM\" sortira bient\u00f4t. Pour la bande d'annonce du filme (trailer), voir le lien\u2026","rel":"","context":"Similar post","block_context":{"text":"Similar post","link":""},"img":{"alt_text":"","src":"","width":0,"height":0},"classes":[]},{"id":210,"url":"https:\/\/centredebienetreholistique.com\/?page_id=210","url_meta":{"origin":413,"position":3},"title":"Recherches sur le Mal-etre et le Bien-\u00catre","author":"centredebienetreholistique","date":"February 9, 2015","format":false,"excerpt":"\u00a0 A. \u00a0POUR LA RECHERCHE VIA NOS BLOGS, VOIR LA COLONNE \u00c0 DROITE. B. POUR LA RECHERCHE EN MATI\u00c8RE DE CANC\u00c9ROLOGIE G\u00c9N\u00c9RALE ET HOLISTIQUE, VOIR NOS RAPPORTS\/PROTOCOLES ET LES TRAVAUX DE L'INSTITUT ACR LA\u00a0RECHERCHE AVANC\u00c9E EN CANC\u00c9ROLOGIE\u00a0(riche en\u00a0perc\u00e9es scientifiques) C. POUR LA RECHERCHE EN LONG\u00c9VIT\u00c9 OPTIMALE Cliquez ici pour le\u2026","rel":"","context":"Similar post","block_context":{"text":"Similar post","link":""},"img":{"alt_text":"","src":"","width":0,"height":0},"classes":[]},{"id":359,"url":"https:\/\/centredebienetreholistique.com\/?page_id=359","url_meta":{"origin":413,"position":4},"title":"ESSAI CLINIQUE","author":"centredebienetreholistique","date":"March 31, 2015","format":false,"excerpt":"NOUS SOMMES EN TRAIN D'ORGANISER UN ESSAI CLINIQUE (CLINICAL TRIAL) PROUVANT QUE LA CANC\u00c9ROLOGIE HOLISTIQUE EST CLINIQUEMENT SUP\u00c9RIEURE \u00c0 LA CANC\u00c9ROLOGIE ALLOPATHIQUE.","rel":"","context":"Similar post","block_context":{"text":"Similar post","link":""},"img":{"alt_text":"","src":"","width":0,"height":0},"classes":[]},{"id":434,"url":"https:\/\/centredebienetreholistique.com\/?page_id=434","url_meta":{"origin":413,"position":5},"title":"Coaching 101 et Formation Approfondie en Canc\u00e9rologie g\u00e9n\u00e9rale, conventionnelle et alternative","author":"centredebienetreholistique","date":"May 25, 2015","format":false,"excerpt":"Introduction La recherche fondamentale en canc\u00e9rologie conventionnelle, (ie, internationalement \"oncologie\") et les immenses \u00a0efforts scientifiques internationaux (et les centaines de billions de dollars qui vont avec) depuis quelques d\u00e9cennies pour identifier et comprendre les causes et les \u00a0co-facteurs (m\u00e9canismes physiopathologiques) du d\u00e9veloppement du cancer (canc\u00e9rogen\u00e8se) ont \u00e9t\u00e9 en partie fructuese,\u2026","rel":"","context":"Similar post","block_context":{"text":"Similar post","link":""},"img":{"alt_text":"","src":"https:\/\/i0.wp.com\/img.youtube.com\/vi\/jgJKaP0Sj5U\/0.jpg?resize=350%2C200","width":350,"height":200},"classes":[]}],"_links":{"self":[{"href":"https:\/\/centredebienetreholistique.com\/index.php?rest_route=\/wp\/v2\/pages\/413"}],"collection":[{"href":"https:\/\/centredebienetreholistique.com\/index.php?rest_route=\/wp\/v2\/pages"}],"about":[{"href":"https:\/\/centredebienetreholistique.com\/index.php?rest_route=\/wp\/v2\/types\/page"}],"author":[{"embeddable":true,"href":"https:\/\/centredebienetreholistique.com\/index.php?rest_route=\/wp\/v2\/users\/1"}],"replies":[{"embeddable":true,"href":"https:\/\/centredebienetreholistique.com\/index.php?rest_route=%2Fwp%2Fv2%2Fcomments&post=413"}],"version-history":[{"count":5,"href":"https:\/\/centredebienetreholistique.com\/index.php?rest_route=\/wp\/v2\/pages\/413\/revisions"}],"predecessor-version":[{"id":14078,"href":"https:\/\/centredebienetreholistique.com\/index.php?rest_route=\/wp\/v2\/pages\/413\/revisions\/14078"}],"wp:attachment":[{"href":"https:\/\/centredebienetreholistique.com\/index.php?rest_route=%2Fwp%2Fv2%2Fmedia&parent=413"}],"curies":[{"name":"wp","href":"https:\/\/api.w.org\/{rel}","templated":true}]}}