{"id":3888,"date":"2020-06-02T10:17:18","date_gmt":"2020-06-02T10:17:18","guid":{"rendered":"http:\/\/centredebienetreholistique.com\/?page_id=3888"},"modified":"2020-06-06T17:49:48","modified_gmt":"2020-06-06T17:49:48","slug":"herboristerie-holistique","status":"publish","type":"page","link":"https:\/\/centredebienetreholistique.com\/?page_id=3888","title":{"rendered":"Herboristerie Holistique &#038; Phytoth\u00e9rapie"},"content":{"rendered":"","protected":true},"excerpt":{"rendered":"","protected":true},"author":1,"featured_media":0,"parent":0,"menu_order":0,"comment_status":"open","ping_status":"open","template":"","meta":{"footnotes":""},"jetpack_sharing_enabled":true,"jetpack_shortlink":"https:\/\/wp.me\/P4FfFc-10I","jetpack_likes_enabled":true,"jetpack-related-posts":[{"id":1288,"url":"https:\/\/centredebienetreholistique.com\/?page_id=1288","url_meta":{"origin":3888,"position":0},"title":"News en M\u00e9decine Holistique","author":"centredebienetreholistique","date":"August 25, 2016","format":false,"excerpt":"https:\/\/www.facebook.com\/medecineholistiquenews","rel":"","context":"Similar post","block_context":{"text":"Similar post","link":""},"img":{"alt_text":"","src":"","width":0,"height":0},"classes":[]},{"id":10456,"url":"https:\/\/centredebienetreholistique.com\/?page_id=10456","url_meta":{"origin":3888,"position":1},"title":"Formation en M\u00e9decine Holistique","author":"centredebienetreholistique","date":"May 13, 2021","format":false,"excerpt":"En cours de construction","rel":"","context":"Similar post","block_context":{"text":"Similar post","link":""},"img":{"alt_text":"","src":"","width":0,"height":0},"classes":[]},{"id":4066,"url":"https:\/\/centredebienetreholistique.com\/?page_id=4066","url_meta":{"origin":3888,"position":2},"title":"Cardiologie Holistique: ouvrage","author":"centredebienetreholistique","date":"June 6, 2020","format":false,"excerpt":"Nous avions fini un ouvrage de plus de 500 pages muni de centaines de notes de r\u00e9f\u00e9rence sur un nouveau type de cardiologie qui s'appelle la cardiologie holistique. Cette science est fond\u00e9e. Toutefois, la plupart des experts en cardiologie conventionnelle ignorent ce qui en est. Cet ouvrage sera bient\u00f4t disponible.","rel":"","context":"Similar post","block_context":{"text":"Similar post","link":""},"img":{"alt_text":"","src":"","width":0,"height":0},"classes":[]},{"id":988,"url":"https:\/\/centredebienetreholistique.com\/?page_id=988","url_meta":{"origin":3888,"position":3},"title":"Vid\u00e9o sur la m\u00e9decine holistique, version allemande.","author":"centredebienetreholistique","date":"November 5, 2015","format":false,"excerpt":"\u00a0 https:\/\/www.youtube.com\/watch?v=7kAucOc55h4","rel":"","context":"Similar post","block_context":{"text":"Similar post","link":""},"img":{"alt_text":"","src":"https:\/\/i0.wp.com\/img.youtube.com\/vi\/7kAucOc55h4\/0.jpg?resize=350%2C200","width":350,"height":200},"classes":[]},{"id":1284,"url":"https:\/\/centredebienetreholistique.com\/?page_id=1284","url_meta":{"origin":3888,"position":4},"title":"FB page sur le Centre de Bien-\u00eatre et de M\u00e9decine Holistique","author":"centredebienetreholistique","date":"August 25, 2016","format":false,"excerpt":"https:\/\/www.facebook.com\/medecinesholistiques\/","rel":"","context":"Similar post","block_context":{"text":"Similar post","link":""},"img":{"alt_text":"","src":"","width":0,"height":0},"classes":[]},{"id":330,"url":"https:\/\/centredebienetreholistique.com\/?page_id=330","url_meta":{"origin":3888,"position":5},"title":"Vid\u00e9o de pr\u00e9sentation des ateliers du Centre M\u00e9diterran\u00e9en de Bien-\u00catre Holistique","author":"centredebienetreholistique","date":"March 31, 2015","format":false,"excerpt":"https:\/\/www.youtube.com\/watch?v=r-Z-XVcxteA#t=20 \u00a0","rel":"","context":"Similar post","block_context":{"text":"Similar post","link":""},"img":{"alt_text":"","src":"https:\/\/i0.wp.com\/img.youtube.com\/vi\/r-Z-XVcxteA\/0.jpg?resize=350%2C200","width":350,"height":200},"classes":[]}],"_links":{"self":[{"href":"https:\/\/centredebienetreholistique.com\/index.php?rest_route=\/wp\/v2\/pages\/3888"}],"collection":[{"href":"https:\/\/centredebienetreholistique.com\/index.php?rest_route=\/wp\/v2\/pages"}],"about":[{"href":"https:\/\/centredebienetreholistique.com\/index.php?rest_route=\/wp\/v2\/types\/page"}],"author":[{"embeddable":true,"href":"https:\/\/centredebienetreholistique.com\/index.php?rest_route=\/wp\/v2\/users\/1"}],"replies":[{"embeddable":true,"href":"https:\/\/centredebienetreholistique.com\/index.php?rest_route=%2Fwp%2Fv2%2Fcomments&post=3888"}],"version-history":[{"count":2,"href":"https:\/\/centredebienetreholistique.com\/index.php?rest_route=\/wp\/v2\/pages\/3888\/revisions"}],"predecessor-version":[{"id":4069,"href":"https:\/\/centredebienetreholistique.com\/index.php?rest_route=\/wp\/v2\/pages\/3888\/revisions\/4069"}],"wp:attachment":[{"href":"https:\/\/centredebienetreholistique.com\/index.php?rest_route=%2Fwp%2Fv2%2Fmedia&parent=3888"}],"curies":[{"name":"wp","href":"https:\/\/api.w.org\/{rel}","templated":true}]}}