{"id":3870,"date":"2020-06-02T10:09:21","date_gmt":"2020-06-02T10:09:21","guid":{"rendered":"http:\/\/centredebienetreholistique.com\/?page_id=3870"},"modified":"2020-06-02T10:09:21","modified_gmt":"2020-06-02T10:09:21","slug":"heliotherapie","status":"publish","type":"page","link":"https:\/\/centredebienetreholistique.com\/?page_id=3870","title":{"rendered":"H\u00e9lioth\u00e9rapie"},"content":{"rendered":"","protected":true},"excerpt":{"rendered":"","protected":true},"author":1,"featured_media":0,"parent":0,"menu_order":0,"comment_status":"open","ping_status":"open","template":"","meta":{"footnotes":""},"jetpack_sharing_enabled":true,"jetpack_shortlink":"https:\/\/wp.me\/P4FfFc-10q","jetpack_likes_enabled":true,"jetpack-related-posts":[{"id":427,"url":"https:\/\/centredebienetreholistique.com\/?page_id=427","url_meta":{"origin":3870,"position":0},"title":"Remise en Forme via un programme de D\u00e9toxication et Revitalisation entre les Ateliers (ou sans)","author":"centredebienetreholistique","date":"May 25, 2015","format":false,"excerpt":"1. R\u00e9veil \u00e0 la lev\u00e9e du jour via musico-th\u00e9rapie: yoga, lait d\u2019argile, technique \u00ab eft \u00bb, m\u00e9ditation, exercices respiratoires et exercices physiques mod\u00e9r\u00e9s. 2. D\u00e9tox matinale : tisanes d\u00e9toxifiantes, jus d'herbe, \u00a0trampoline (pour le drainage lymphatique) et autres techniques. 3. S\u00e9ance d'aromath\u00e9rapie et chants tib\u00e9tains, gr\u00e9goriens et-ou classiques. 4. Smoothy\u2026","rel":"","context":"Similar post","block_context":{"text":"Similar post","link":""},"img":{"alt_text":"","src":"","width":0,"height":0},"classes":[]},{"id":13,"url":"https:\/\/centredebienetreholistique.com\/?page_id=13","url_meta":{"origin":3870,"position":1},"title":"Mission du Centre M\u00e9diterran\u00e9en de Long\u00e9vit\u00e9 (Mediterranean Longevity)","author":"centredebienetreholistique","date":"December 23, 2014","format":false,"excerpt":"La mission principale du Centre Mediterranean Longevity (CML) est la recherche\u00a0 fondamentale et appliqu\u00e9e dans la science de la long\u00e9vit\u00e9 optimale (que l'on appelle biog\u00e9rontologie), dont l'objectif central est de trouver un protocole de long\u00e9vit\u00e9 efficace et accessible pour ce qui est de la \"healthy and successful aging\",\u00a0 (1) puis\u2026","rel":"","context":"Similar post","block_context":{"text":"Similar post","link":""},"img":{"alt_text":"","src":"","width":0,"height":0},"classes":[]},{"id":480,"url":"https:\/\/centredebienetreholistique.com\/?page_id=480","url_meta":{"origin":3870,"position":2},"title":"Stage-Retraite: M\u00e9decine Holistique, M\u00e9decine R\u00e9g\u00e9n\u00e9rative et la Science de la Long\u00e9vit\u00e9 Optimale","author":"centredebienetreholistique","date":"June 2, 2015","format":false,"excerpt":"CONTENU Formation holistique (avec protocoles) concernant les grandes maladies chroniques,, le vieillissement acc\u00e9l\u00e9r\u00e9, la long\u00e9vit\u00e9 optimale, la m\u00e9decine r\u00e9g\u00e9n\u00e9rative, l'alimentation clinique, la m\u00e9decine orientale et de droit m\u00e9dical. ORIGINALIT\u00c9 L'originalit\u00e9 de cet enseignement repose sur une perspective holistique et innovante. Ce programme met l'accent sur les voies d'activation du potentiel\u2026","rel":"","context":"Similar post","block_context":{"text":"Similar post","link":""},"img":{"alt_text":"","src":"","width":0,"height":0},"classes":[]},{"id":3525,"url":"https:\/\/centredebienetreholistique.com\/?page_id=3525","url_meta":{"origin":3870,"position":3},"title":"COVID-19 et l&#8217;Holistique","author":"centredebienetreholistique","date":"May 20, 2020","format":false,"excerpt":"Alors que les mesures hygi\u00e9niques de bon sens ainsi que le \"social distancing\" seraient b\u00e9n\u00e9fique, en particulier la \"distancing\" de la pollution industrielle, de la tox\u00e9mie g\u00e9n\u00e9ralis\u00e9e, des exc\u00e8s de la m\u00e9decine allopathique, de l'\u00e9conomie ali\u00e9nante, du stress chronique, de la di\u00e9t\u00e9tique officielle d\u00e9ficiente, du syst\u00e8me \u00e9ducatif inadapt\u00e9, de la\u2026","rel":"","context":"With 2 comments","block_context":{"text":"With 2 comments","link":"https:\/\/centredebienetreholistique.com\/?page_id=3525#comments"},"img":{"alt_text":"","src":"","width":0,"height":0},"classes":[]},{"id":4002,"url":"https:\/\/centredebienetreholistique.com\/?page_id=4002","url_meta":{"origin":3870,"position":4},"title":"S\u00e9jours de Long\u00e9vit\u00e9 Optimale en pleine Montagne Catalane des Pyr\u00e9n\u00e9es Orientales (Optimal Healing &#038; Longevity Retreat)","author":"centredebienetreholistique","date":"June 4, 2020","format":false,"excerpt":"Des vacances de sant\u00e9-long\u00e9vit\u00e9 en pleine montagne, organis\u00e9s par \u00a0coachsupercentenaire@gmail.com (Click on the bottom right for language translation) \"Un c\u0153ur joyeux est un bon rem\u00e8de, mais un esprit abattu dess\u00e8che les os.\"\u00a0(Verset 22 de Proverbes 17) Situ\u00e9 dans la vall\u00e9e du Vallespir, au coeur des Pyr\u00e9n\u00e9es-Orientales et de la M\u00e9diterran\u00e9e\u2026","rel":"","context":"Similar post","block_context":{"text":"Similar post","link":""},"img":{"alt_text":"","src":"https:\/\/i0.wp.com\/centredebienetreholistique.com\/wp-content\/uploads\/2014\/12\/jushousetwo.jpg?resize=350%2C200","width":350,"height":200},"classes":[]}],"_links":{"self":[{"href":"https:\/\/centredebienetreholistique.com\/index.php?rest_route=\/wp\/v2\/pages\/3870"}],"collection":[{"href":"https:\/\/centredebienetreholistique.com\/index.php?rest_route=\/wp\/v2\/pages"}],"about":[{"href":"https:\/\/centredebienetreholistique.com\/index.php?rest_route=\/wp\/v2\/types\/page"}],"author":[{"embeddable":true,"href":"https:\/\/centredebienetreholistique.com\/index.php?rest_route=\/wp\/v2\/users\/1"}],"replies":[{"embeddable":true,"href":"https:\/\/centredebienetreholistique.com\/index.php?rest_route=%2Fwp%2Fv2%2Fcomments&post=3870"}],"version-history":[{"count":1,"href":"https:\/\/centredebienetreholistique.com\/index.php?rest_route=\/wp\/v2\/pages\/3870\/revisions"}],"predecessor-version":[{"id":3871,"href":"https:\/\/centredebienetreholistique.com\/index.php?rest_route=\/wp\/v2\/pages\/3870\/revisions\/3871"}],"wp:attachment":[{"href":"https:\/\/centredebienetreholistique.com\/index.php?rest_route=%2Fwp%2Fv2%2Fmedia&parent=3870"}],"curies":[{"name":"wp","href":"https:\/\/api.w.org\/{rel}","templated":true}]}}