{"id":3859,"date":"2020-06-02T09:56:49","date_gmt":"2020-06-02T09:56:49","guid":{"rendered":"http:\/\/centredebienetreholistique.com\/?page_id=3859"},"modified":"2020-06-02T09:56:49","modified_gmt":"2020-06-02T09:56:49","slug":"alimentation-holistique","status":"publish","type":"page","link":"https:\/\/centredebienetreholistique.com\/?page_id=3859","title":{"rendered":"Alimentation Holistique"},"content":{"rendered":"","protected":true},"excerpt":{"rendered":"","protected":true},"author":1,"featured_media":0,"parent":0,"menu_order":0,"comment_status":"open","ping_status":"open","template":"","meta":{"footnotes":""},"jetpack_sharing_enabled":true,"jetpack_shortlink":"https:\/\/wp.me\/P4FfFc-10f","jetpack_likes_enabled":true,"jetpack-related-posts":[{"id":4186,"url":"https:\/\/centredebienetreholistique.com\/?page_id=4186","url_meta":{"origin":3859,"position":0},"title":"Documentaires en mati\u00e8re d&#8217;Agriculture Biologique et \u00c9cologie","author":"centredebienetreholistique","date":"June 8, 2020","format":false,"excerpt":"\u00a0DOCUMENTAIRES FILMS PERTINENTS EN MATI\u00c8RE DE L'AGRICULTURE \u00c9COLOGIQUE, LE PREMIER FRONT \u00c0 TOUTE RESTORATION \u00a0DE LA SANT\u00c9 \u201cThe first duty of the agriculturalist must always be to understand that he is a part of Nature and cannot escape from his environment. He must therefore obey Nature's rules.\u201d \u00a0Albert Howard, The\u2026","rel":"","context":"Similar post","block_context":{"text":"Similar post","link":""},"img":{"alt_text":"","src":"https:\/\/i0.wp.com\/img.youtube.com\/vi\/nGZvog9-iRE\/0.jpg?resize=350%2C200","width":350,"height":200},"classes":[]},{"id":480,"url":"https:\/\/centredebienetreholistique.com\/?page_id=480","url_meta":{"origin":3859,"position":1},"title":"Stage-Retraite: M\u00e9decine Holistique, M\u00e9decine R\u00e9g\u00e9n\u00e9rative et la Science de la Long\u00e9vit\u00e9 Optimale","author":"centredebienetreholistique","date":"June 2, 2015","format":false,"excerpt":"CONTENU Formation holistique (avec protocoles) concernant les grandes maladies chroniques,, le vieillissement acc\u00e9l\u00e9r\u00e9, la long\u00e9vit\u00e9 optimale, la m\u00e9decine r\u00e9g\u00e9n\u00e9rative, l'alimentation clinique, la m\u00e9decine orientale et de droit m\u00e9dical. ORIGINALIT\u00c9 L'originalit\u00e9 de cet enseignement repose sur une perspective holistique et innovante. Ce programme met l'accent sur les voies d'activation du potentiel\u2026","rel":"","context":"Similar post","block_context":{"text":"Similar post","link":""},"img":{"alt_text":"","src":"","width":0,"height":0},"classes":[]},{"id":143,"url":"https:\/\/centredebienetreholistique.com\/?page_id=143","url_meta":{"origin":3859,"position":2},"title":"Coaching et Formation Pr\u00e9liminaire en canc\u00e9rologie holistique","author":"centredebienetreholistique","date":"December 24, 2014","format":false,"excerpt":"Introduction \"Nous ne pr\u00e9tendons pas r\u00e9soudre le probl\u00e8me du cancer \u00e0 100 pourcent, mais nous avons la conviction qu'il le serait au moins \u00e0 80 pourcent si les techniques pr\u00e9ventives et curatives \u00e9voqu\u00e9es dans les pages qui vont suivre \u00e9taient mises en oeuvre de mani\u00e8re usuelle\". Dr Joseph L\u00e9vy, \"Les\u2026","rel":"","context":"With 2 comments","block_context":{"text":"With 2 comments","link":"https:\/\/centredebienetreholistique.com\/?page_id=143#comments"},"img":{"alt_text":"","src":"","width":0,"height":0},"classes":[]},{"id":1288,"url":"https:\/\/centredebienetreholistique.com\/?page_id=1288","url_meta":{"origin":3859,"position":3},"title":"News en M\u00e9decine Holistique","author":"centredebienetreholistique","date":"August 25, 2016","format":false,"excerpt":"https:\/\/www.facebook.com\/medecineholistiquenews","rel":"","context":"Similar post","block_context":{"text":"Similar post","link":""},"img":{"alt_text":"","src":"","width":0,"height":0},"classes":[]},{"id":10456,"url":"https:\/\/centredebienetreholistique.com\/?page_id=10456","url_meta":{"origin":3859,"position":4},"title":"Formation en M\u00e9decine Holistique","author":"centredebienetreholistique","date":"May 13, 2021","format":false,"excerpt":"En cours de construction","rel":"","context":"Similar post","block_context":{"text":"Similar post","link":""},"img":{"alt_text":"","src":"","width":0,"height":0},"classes":[]},{"id":4066,"url":"https:\/\/centredebienetreholistique.com\/?page_id=4066","url_meta":{"origin":3859,"position":5},"title":"Cardiologie Holistique: ouvrage","author":"centredebienetreholistique","date":"June 6, 2020","format":false,"excerpt":"Nous avions fini un ouvrage de plus de 500 pages muni de centaines de notes de r\u00e9f\u00e9rence sur un nouveau type de cardiologie qui s'appelle la cardiologie holistique. Cette science est fond\u00e9e. Toutefois, la plupart des experts en cardiologie conventionnelle ignorent ce qui en est. Cet ouvrage sera bient\u00f4t disponible.","rel":"","context":"Similar post","block_context":{"text":"Similar post","link":""},"img":{"alt_text":"","src":"","width":0,"height":0},"classes":[]}],"_links":{"self":[{"href":"https:\/\/centredebienetreholistique.com\/index.php?rest_route=\/wp\/v2\/pages\/3859"}],"collection":[{"href":"https:\/\/centredebienetreholistique.com\/index.php?rest_route=\/wp\/v2\/pages"}],"about":[{"href":"https:\/\/centredebienetreholistique.com\/index.php?rest_route=\/wp\/v2\/types\/page"}],"author":[{"embeddable":true,"href":"https:\/\/centredebienetreholistique.com\/index.php?rest_route=\/wp\/v2\/users\/1"}],"replies":[{"embeddable":true,"href":"https:\/\/centredebienetreholistique.com\/index.php?rest_route=%2Fwp%2Fv2%2Fcomments&post=3859"}],"version-history":[{"count":1,"href":"https:\/\/centredebienetreholistique.com\/index.php?rest_route=\/wp\/v2\/pages\/3859\/revisions"}],"predecessor-version":[{"id":3860,"href":"https:\/\/centredebienetreholistique.com\/index.php?rest_route=\/wp\/v2\/pages\/3859\/revisions\/3860"}],"wp:attachment":[{"href":"https:\/\/centredebienetreholistique.com\/index.php?rest_route=%2Fwp%2Fv2%2Fmedia&parent=3859"}],"curies":[{"name":"wp","href":"https:\/\/api.w.org\/{rel}","templated":true}]}}