{"id":2878,"date":"2019-11-27T03:02:31","date_gmt":"2019-11-27T03:02:31","guid":{"rendered":"http:\/\/centredebienetreholistique.com\/?page_id=2878"},"modified":"2020-06-09T08:58:03","modified_gmt":"2020-06-09T08:58:03","slug":"volontariat","status":"publish","type":"page","link":"https:\/\/centredebienetreholistique.com\/?page_id=2878","title":{"rendered":"L&#8217;agriculteur bio: le premier m\u00e9decin"},"content":{"rendered":"<p style=\"text-align: justify;\">Suite \u00e0 une certification d&#8217;Ecocert en 2010, nous avions plant\u00e9 pr\u00e8s de 2000 fraisiers bio (vari\u00e9t\u00e9 &#8220;cihos\u00e9&#8221; et &#8220;mara des bois&#8221;) en synergie avec une centaine de \u00a0framboisiers, mytrillers et plantes de gojis et st\u00e9via.<\/p>\n<p style=\"text-align: justify;\">Avec les fraises sauvages \u00a0qui poussent spontan\u00e9ment, il y avait de quoi renforcer la sant\u00e9 de nos stagiaires. Nous b\u00e9n\u00e9ficions aussi d&#8217;un potager. \u00a0Ainsi qu&#8217;une aire de plantes m\u00e9dicinales. Tout a \u00e9t\u00e9 cultiv\u00e9 avec des outils manuels et avec les techniques de l&#8217;agriculture biologique, inspir\u00e9e de la bio-dynamie, de la bio-intensit\u00e9 et de la permaculture.<\/p>\n<p style=\"text-align: justify;\">Sur les terres du Centre, il y a aussi des raisins, des arbres fruitiers comme des figuiers, pommiers, poiriers, abricotiers, un arbre de kaki, un olivier, un poirier japonais, un amandier, un citronier, un granadier (arbre produisant des pomegrates) et beaucoup de plantes sauvages comestibles sur le terrain (ch\u00e9nopodes, pourpiers, &#8211; riches en om\u00e9ga 3 -, luzerne, pissenlit, trefle, m\u00e9lisse, origan, lavande, thym, plantain, millepertuis, romarin, sauge etc).<\/p>\n<p style=\"text-align: justify;\">Et dans les for\u00eats avoisinantes, on trouve, en saison, c\u00eapes, chanterelles, oronges, trompettes, gonaderma et, entre autres, des morilles, des framboisiers sauvages, des muriers, des cerisiers sauvages, pommiers sauvages, \u00e9glantiers, des chataigniers et autres plantes et fruits que nous collectons et utilisons dans nos jus sauvages.<\/p>\n<address style=\"text-align: center;\"><a href=\"https:\/\/centredebienetreholistique.com\/?page_id=160\">\u00a0L&#8217;agriculture du Centre Holistique<\/a><\/address>\n<address style=\"text-align: center;\"><a href=\"https:\/\/centredebienetreholistique.com\/?page_id=4177\">Atelier en Agriculture Holistique Bio<\/a><\/address>\n<address style=\"text-align: center;\"><a href=\"https:\/\/centredebienetreholistique.com\/?page_id=4186\">Documentaires en mati\u00e8re d&#8217;agriculture holistique<\/a><\/address>\n<h6 style=\"text-align: center;\">2020 (c) Le Centre M\u00e9diterran\u00e9en du Bien-\u00eatre Holistique et agents<\/h6>\n<h6 style=\"text-align: center;\">Avertissements: Toutes les informations de ce site sont de nature \u00e9ducative et ne constituent en aucun cas des conseils juridiques, m\u00e9dicaux ou techniques. Les liens fournis ne constituent pas une approbation formelle. Nous sommes un Centre d&#8217;\u00c9ducation qui propose des options, des solutions alternatives aux impasses et aux dogmes, et ce, sur le fondement de la science, du droit et de la raison.<\/h6>\n","protected":false},"excerpt":{"rendered":"<p>Suite \u00e0 une certification d&#8217;Ecocert en 2010, nous avions plant\u00e9 pr\u00e8s de 2000 fraisiers bio (vari\u00e9t\u00e9 &#8220;cihos\u00e9&#8221; et &#8220;mara des bois&#8221;) en synergie avec une centaine de \u00a0framboisiers, mytrillers et plantes de gojis et st\u00e9via. Avec les fraises sauvages \u00a0qui &hellip;<\/p>\n<p class=\"read-more\"> <a class=\"more-link\" href=\"https:\/\/centredebienetreholistique.com\/?page_id=2878\"> <span class=\"screen-reader-text\">L&#8217;agriculteur bio: le premier m\u00e9decin<\/span> Read More &raquo;<\/a><\/p>\n","protected":false},"author":1,"featured_media":0,"parent":0,"menu_order":0,"comment_status":"open","ping_status":"open","template":"","meta":{"footnotes":""},"jetpack_sharing_enabled":true,"jetpack_shortlink":"https:\/\/wp.me\/P4FfFc-Kq","jetpack_likes_enabled":true,"jetpack-related-posts":[{"id":160,"url":"https:\/\/centredebienetreholistique.com\/?page_id=160","url_meta":{"origin":2878,"position":0},"title":"Agriculture bio du Centre Holistique certifi\u00e9e par ECOCERT","author":"centredebienetreholistique","date":"December 24, 2014","format":false,"excerpt":"LA MINI FERME DE SANT\u00c9 (HEALTH FARM) DU CENTRE M\u00c9DITERRAN\u00c9EN DE BIEN-ETRE HOLISTIQUE Certifi\u00e9e \"biologique\" par ECOCERT pour les petits fruits, l\u00e9gumes, les champignons ainsi que pour nos truffes de chocolat AGRICULTURE SOUTENABLE En temps normal, le Centre Holistique est muni d'une structure agricole et \u00a0paysanne, certifi\u00e9e par Ecocert, gra\u00e7e\u2026","rel":"","context":"Similar post","block_context":{"text":"Similar post","link":""},"img":{"alt_text":"Screen Shot 2017-08-11 at 10.08.01 AM","src":"https:\/\/i0.wp.com\/centredebienetreholistique.com\/wp-content\/uploads\/2014\/12\/Screen-Shot-2017-08-11-at-10.08.01-AM-300x217.png?resize=350%2C200","width":350,"height":200},"classes":[]},{"id":732,"url":"https:\/\/centredebienetreholistique.com\/?page_id=732","url_meta":{"origin":2878,"position":1},"title":"Agriculture r\u00e9g\u00e9n\u00e9rative en montagne m\u00e9diterran\u00e9enne","author":"centredebienetreholistique","date":"June 7, 2015","format":false,"excerpt":"\u00a0 \u00a0 \u00a0 \u00a0 \u00a0 \u00a0 \u00a0 \u00a0 \u00a0 \u00a0 \u00a0 \u00a0 \u00a0 \u00a0 \u00a0 \u00a0 \u00a0 \u00a0 \u00a0 \u00a0 \u00a0 \u00a0 \u00a0 \u00a0 \u00a0 LABOURAGE DE L'HIVER EN MONTAGNE Mulching de nos fraisiers Vari\u00e9t\u00e9s \"cihos\u00e9\", \"mara des bois\", \"cyrano\" et autres qui poussent \u00a0en synergie avec des poirreaux, les\u2026","rel":"","context":"Similar post","block_context":{"text":"Similar post","link":""},"img":{"alt_text":"Screen Shot 2017-08-11 at 10.08.01 AM","src":"https:\/\/i0.wp.com\/centredebienetreholistique.com\/wp-content\/uploads\/2014\/12\/Screen-Shot-2017-08-11-at-10.08.01-AM-300x217.png?resize=350%2C200","width":350,"height":200},"classes":[]},{"id":9470,"url":"https:\/\/centredebienetreholistique.com\/?page_id=9470","url_meta":{"origin":2878,"position":2},"title":"Les Services des S\u00e9jours de Long\u00e9vit\u00e9 Optimale","author":"centredebienetreholistique","date":"April 5, 2021","format":false,"excerpt":"Pour la formule B du s\u00e9jour long\u00e9vit\u00e9 1. Six heures de formation les deux premier jours du s\u00e9jour\u00a0en mati\u00e8re de long\u00e9vit\u00e9 optimale (ie, les m\u00e9canismes principaux de la s\u00e9nescence et du vieillissement pr\u00e9coce, techniques innovantes et holistiques en faveur de la r\u00e9paration ainsi que de la r\u00e9g\u00e9n\u00e9ration c\u00e9llulaire et options\u2026","rel":"","context":"Similar post","block_context":{"text":"Similar post","link":""},"img":{"alt_text":"","src":"","width":0,"height":0},"classes":[]},{"id":427,"url":"https:\/\/centredebienetreholistique.com\/?page_id=427","url_meta":{"origin":2878,"position":3},"title":"Remise en Forme via un programme de D\u00e9toxication et Revitalisation entre les Ateliers (ou sans)","author":"centredebienetreholistique","date":"May 25, 2015","format":false,"excerpt":"1. R\u00e9veil \u00e0 la lev\u00e9e du jour via musico-th\u00e9rapie: yoga, lait d\u2019argile, technique \u00ab eft \u00bb, m\u00e9ditation, exercices respiratoires et exercices physiques mod\u00e9r\u00e9s. 2. D\u00e9tox matinale : tisanes d\u00e9toxifiantes, jus d'herbe, \u00a0trampoline (pour le drainage lymphatique) et autres techniques. 3. S\u00e9ance d'aromath\u00e9rapie et chants tib\u00e9tains, gr\u00e9goriens et-ou classiques. 4. Smoothy\u2026","rel":"","context":"Similar post","block_context":{"text":"Similar post","link":""},"img":{"alt_text":"","src":"","width":0,"height":0},"classes":[]},{"id":480,"url":"https:\/\/centredebienetreholistique.com\/?page_id=480","url_meta":{"origin":2878,"position":4},"title":"Stage-Retraite: M\u00e9decine Holistique, M\u00e9decine R\u00e9g\u00e9n\u00e9rative et la Science de la Long\u00e9vit\u00e9 Optimale","author":"centredebienetreholistique","date":"June 2, 2015","format":false,"excerpt":"CONTENU Formation holistique (avec protocoles) concernant les grandes maladies chroniques,, le vieillissement acc\u00e9l\u00e9r\u00e9, la long\u00e9vit\u00e9 optimale, la m\u00e9decine r\u00e9g\u00e9n\u00e9rative, l'alimentation clinique, la m\u00e9decine orientale et de droit m\u00e9dical. ORIGINALIT\u00c9 L'originalit\u00e9 de cet enseignement repose sur une perspective holistique et innovante. Ce programme met l'accent sur les voies d'activation du potentiel\u2026","rel":"","context":"Similar post","block_context":{"text":"Similar post","link":""},"img":{"alt_text":"","src":"","width":0,"height":0},"classes":[]},{"id":13,"url":"https:\/\/centredebienetreholistique.com\/?page_id=13","url_meta":{"origin":2878,"position":5},"title":"Mission du Centre M\u00e9diterran\u00e9en de Long\u00e9vit\u00e9 (Mediterranean Longevity)","author":"centredebienetreholistique","date":"December 23, 2014","format":false,"excerpt":"La mission principale du Centre Mediterranean Longevity (CML) est la recherche\u00a0 fondamentale et appliqu\u00e9e dans la science de la long\u00e9vit\u00e9 optimale (que l'on appelle biog\u00e9rontologie), dont l'objectif central est de trouver un protocole de long\u00e9vit\u00e9 efficace et accessible pour ce qui est de la \"healthy and successful aging\",\u00a0 (1) puis\u2026","rel":"","context":"With 2 comments","block_context":{"text":"With 2 comments","link":"https:\/\/centredebienetreholistique.com\/?page_id=13#comments"},"img":{"alt_text":"","src":"","width":0,"height":0},"classes":[]}],"_links":{"self":[{"href":"https:\/\/centredebienetreholistique.com\/index.php?rest_route=\/wp\/v2\/pages\/2878"}],"collection":[{"href":"https:\/\/centredebienetreholistique.com\/index.php?rest_route=\/wp\/v2\/pages"}],"about":[{"href":"https:\/\/centredebienetreholistique.com\/index.php?rest_route=\/wp\/v2\/types\/page"}],"author":[{"embeddable":true,"href":"https:\/\/centredebienetreholistique.com\/index.php?rest_route=\/wp\/v2\/users\/1"}],"replies":[{"embeddable":true,"href":"https:\/\/centredebienetreholistique.com\/index.php?rest_route=%2Fwp%2Fv2%2Fcomments&post=2878"}],"version-history":[{"count":6,"href":"https:\/\/centredebienetreholistique.com\/index.php?rest_route=\/wp\/v2\/pages\/2878\/revisions"}],"predecessor-version":[{"id":4218,"href":"https:\/\/centredebienetreholistique.com\/index.php?rest_route=\/wp\/v2\/pages\/2878\/revisions\/4218"}],"wp:attachment":[{"href":"https:\/\/centredebienetreholistique.com\/index.php?rest_route=%2Fwp%2Fv2%2Fmedia&parent=2878"}],"curies":[{"name":"wp","href":"https:\/\/api.w.org\/{rel}","templated":true}]}}