{"id":2754,"date":"2019-04-07T22:12:02","date_gmt":"2019-04-07T22:12:02","guid":{"rendered":"http:\/\/centredebienetreholistique.com\/?page_id=2754"},"modified":"2019-04-07T22:12:02","modified_gmt":"2019-04-07T22:12:02","slug":"maladie-chronique-des-reins","status":"publish","type":"page","link":"https:\/\/centredebienetreholistique.com\/?page_id=2754","title":{"rendered":"Maladie Chronique des Reins"},"content":{"rendered":"","protected":true},"excerpt":{"rendered":"","protected":true},"author":1,"featured_media":0,"parent":0,"menu_order":0,"comment_status":"open","ping_status":"open","template":"full-width-page.php","meta":{"footnotes":""},"jetpack_sharing_enabled":true,"jetpack_shortlink":"https:\/\/wp.me\/P4FfFc-Iq","jetpack_likes_enabled":true,"jetpack-related-posts":[{"id":2920,"url":"https:\/\/centredebienetreholistique.com\/?page_id=2920","url_meta":{"origin":2754,"position":0},"title":"&nbsp; La\u00a0maladie de Parkinson, d\u00e9crite\u2026","author":"centredebienetreholistique","date":"February 1, 2020","format":false,"excerpt":"\u00a0 La\u00a0maladie de Parkinson, d\u00e9crite par\u00a0James Parkinson\u00a0en\u00a01817, est une\u00a0maladie neurologique chronique d\u00e9g\u00e9n\u00e9rative(perte progressive des neurones) affectant le\u00a0syst\u00e8me nerveux central\u00a0responsable de troubles progressifs\u00a0: mouvements ralentis, tremblements, rigidit\u00e9 puis troubles cognitifs. C'est le second trouble neurod\u00e9g\u00e9n\u00e9ratif le plus fr\u00e9quent1. Ses causes sont mal connues. Le tableau clinique est la cons\u00e9quence de la\u2026","rel":"","context":"Similar post","block_context":{"text":"Similar post","link":""},"img":{"alt_text":"","src":"https:\/\/upload.wikimedia.org\/wikipedia\/commons\/thumb\/6\/6f\/Substantia_nigra.gif\/220px-Substantia_nigra.gif","width":350,"height":200},"classes":[]},{"id":5132,"url":"https:\/\/centredebienetreholistique.com\/?page_id=5132","url_meta":{"origin":2754,"position":1},"title":"Les Globules Blancs: valeurs normatives","author":"centredebienetreholistique","date":"August 1, 2020","format":false,"excerpt":"Pr\u00e9sentation des maladies des globules blancs Par Mary Territo , MD, David Geffen School of Medicine at UCLA Derni\u00e8re r\u00e9vision totale janv. 2020| Derni\u00e8re modification du contenu janv. 2020 REMARQUE\u00a0:\u00a0Il s\u2019agit de la version grand public.\u00a0M\u00c9DECINS\u00a0:\u00a0Cliquez ici pour la version professionnelle Ressources du sujet Les globules blancs (leucocytes) jouent un\u2026","rel":"","context":"Similar post","block_context":{"text":"Similar post","link":""},"img":{"alt_text":"","src":"","width":0,"height":0},"classes":[]},{"id":434,"url":"https:\/\/centredebienetreholistique.com\/?page_id=434","url_meta":{"origin":2754,"position":2},"title":"Coaching 101 et Formation Approfondie en Canc\u00e9rologie g\u00e9n\u00e9rale, conventionnelle et alternative","author":"centredebienetreholistique","date":"May 25, 2015","format":false,"excerpt":"Introduction La recherche fondamentale en canc\u00e9rologie conventionnelle, (ie, internationalement \"oncologie\") et les immenses \u00a0efforts scientifiques internationaux (et les centaines de billions de dollars qui vont avec) depuis quelques d\u00e9cennies pour identifier et comprendre les causes et les \u00a0co-facteurs (m\u00e9canismes physiopathologiques) du d\u00e9veloppement du cancer (canc\u00e9rogen\u00e8se) ont \u00e9t\u00e9 en partie fructuese,\u2026","rel":"","context":"Similar post","block_context":{"text":"Similar post","link":""},"img":{"alt_text":"","src":"https:\/\/i0.wp.com\/img.youtube.com\/vi\/jgJKaP0Sj5U\/0.jpg?resize=350%2C200","width":350,"height":200},"classes":[]},{"id":3525,"url":"https:\/\/centredebienetreholistique.com\/?page_id=3525","url_meta":{"origin":2754,"position":3},"title":"COVID-19 et l&#8217;Holistique","author":"centredebienetreholistique","date":"May 20, 2020","format":false,"excerpt":"Alors que les mesures hygi\u00e9niques de bon sens ainsi que le \"social distancing\" seraient b\u00e9n\u00e9fique, en particulier la \"distancing\" de la pollution industrielle, de la tox\u00e9mie g\u00e9n\u00e9ralis\u00e9e, des exc\u00e8s de la m\u00e9decine allopathique, de l'\u00e9conomie ali\u00e9nante, du stress chronique, de la di\u00e9t\u00e9tique officielle d\u00e9ficiente, du syst\u00e8me \u00e9ducatif inadapt\u00e9, de la\u2026","rel":"","context":"Similar post","block_context":{"text":"Similar post","link":""},"img":{"alt_text":"","src":"","width":0,"height":0},"classes":[]},{"id":873,"url":"https:\/\/centredebienetreholistique.com\/?page_id=873","url_meta":{"origin":2754,"position":4},"title":"Pour Qui et Pourquoi une Formation et un S\u00e9jour Holistique ?","author":"centredebienetreholistique","date":"June 17, 2015","format":false,"excerpt":"Dans le coeur de la Catalogne fran\u00e7aise, entre la M\u00e9diterran\u00e9e et le sommet Mont Canigou, dans un environnement montagneux et ensolleill\u00e9, pr\u00e8s d'une chute d'eau vivifiante et reposante, se trouve le Centre M\u00e9diterran\u00e9en de Bien-Etre Holistique. Les activit\u00e9s du Centre sont destin\u00e9es aux personnes aspirant \u00e0 une approche holistique de\u2026","rel":"","context":"Similar post","block_context":{"text":"Similar post","link":""},"img":{"alt_text":"","src":"","width":0,"height":0},"classes":[]},{"id":4304,"url":"https:\/\/centredebienetreholistique.com\/?page_id=4304","url_meta":{"origin":2754,"position":5},"title":"Qui","author":"centredebienetreholistique","date":"June 12, 2020","format":false,"excerpt":"L'approche, la formation et l'exp\u00e9rience clinique du Coach Christian\u00a0 Une approche scientifique et holistique en m\u00e9decine S'inspirant de sa formation m\u00e9dicale et juridique ainsi que de sa pratique clinique (voir ci-dessous), Coach\u00a0 Christian \u00a0\u00a0examine en d\u00e9tail avec le client toutes les options cr\u00e9dibles pour ce qui est de la meilleure\u2026","rel":"","context":"Similar post","block_context":{"text":"Similar post","link":""},"img":{"alt_text":"","src":"","width":0,"height":0},"classes":[]}],"_links":{"self":[{"href":"https:\/\/centredebienetreholistique.com\/index.php?rest_route=\/wp\/v2\/pages\/2754"}],"collection":[{"href":"https:\/\/centredebienetreholistique.com\/index.php?rest_route=\/wp\/v2\/pages"}],"about":[{"href":"https:\/\/centredebienetreholistique.com\/index.php?rest_route=\/wp\/v2\/types\/page"}],"author":[{"embeddable":true,"href":"https:\/\/centredebienetreholistique.com\/index.php?rest_route=\/wp\/v2\/users\/1"}],"replies":[{"embeddable":true,"href":"https:\/\/centredebienetreholistique.com\/index.php?rest_route=%2Fwp%2Fv2%2Fcomments&post=2754"}],"version-history":[{"count":1,"href":"https:\/\/centredebienetreholistique.com\/index.php?rest_route=\/wp\/v2\/pages\/2754\/revisions"}],"predecessor-version":[{"id":2755,"href":"https:\/\/centredebienetreholistique.com\/index.php?rest_route=\/wp\/v2\/pages\/2754\/revisions\/2755"}],"wp:attachment":[{"href":"https:\/\/centredebienetreholistique.com\/index.php?rest_route=%2Fwp%2Fv2%2Fmedia&parent=2754"}],"curies":[{"name":"wp","href":"https:\/\/api.w.org\/{rel}","templated":true}]}}