{"id":143,"date":"2014-12-24T00:55:39","date_gmt":"2014-12-24T00:55:39","guid":{"rendered":"http:\/\/centredebienetreholistique.com\/?page_id=143"},"modified":"2024-07-15T12:49:59","modified_gmt":"2024-07-15T12:49:59","slug":"atelier-maladies-chroniques","status":"publish","type":"page","link":"https:\/\/centredebienetreholistique.com\/?page_id=143","title":{"rendered":"Coaching et Formation Pr\u00e9liminaire en canc\u00e9rologie holistique"},"content":{"rendered":"<h3 style=\"text-align: center;\">Introduction<\/h3>\n<h6 style=\"text-align: center;\"><em>&#8220;Nous ne pr\u00e9tendons pas r\u00e9soudre le probl\u00e8me du cancer \u00e0 100 pourcent, mais nous avons la conviction qu&#8217;il le serait au moins \u00e0 80 pourcent si les techniques pr\u00e9ventives et curatives \u00e9voqu\u00e9es dans les pages qui vont suivre \u00e9taient mises en oeuvre de mani\u00e8re usuelle&#8221;. Dr Joseph L\u00e9vy, <a href=\"https:\/\/www.amazon.fr\/Voies-alternatives-dans-traitement-cancer\/dp\/2753800561\">&#8220;Les voies alternatives en canc\u00e9rologie&#8221;<\/a> (1998). <\/em><\/h6>\n<p style=\"text-align: justify;\">Le Dr L\u00e9vy avait \u00e9t\u00e9 l&#8217;un de nos experts en pulmonologie concernant une affaire de &#8220;wrongful death&#8221; concernant un cancer du poumon trait\u00e9 avec la m\u00e9decine conventionnelle, laquelle avait tortur\u00e9 le patient jusqu&#8217;\u00e0 sa mort pr\u00e9matur\u00e9e, six semaines apr\u00e8s le diagnostique. Le Dr Joseph L\u00e9vy \u00e9tait docteur en m\u00e9decine et docteur de sp\u00e9cialit\u00e9 en sciences physiques, dipl\u00f4m\u00e9 de m\u00e9decine nucl\u00e9aire ainsi que de l&#8217;Institut international d&#8217;acupuncture et de m\u00e9decine \u00e9nerg\u00e9tique, et ancien membre de l&#8217;Acad\u00e9mie des sciences de New York. Nous \u00e9tions en unisson au regard de l&#8217;int\u00e9ret de la m\u00e9decine \u00e9nerg\u00e9tique ainsi que de l&#8217;acupuncture, ce qui heurtait les pr\u00e9jug\u00e9s de la canc\u00e9rologie mainstream en France. D&#8217;ou la pr\u00e9f\u00e9rence du Dr L\u00e9vy d&#8217;etre membre de l&#8217;Acad\u00e9mie des sciences de New York. \u00a0Il \u00e9tait \u00e9galement l&#8217;auteur du Dictionnaire de la m\u00e9decine \u00e9cologique, de La R\u00e9volution silencieuse de la m\u00e9decine (\u00e9ditions du Rocher) et du Code de pr\u00e9vention en mati\u00e8re de sant\u00e9 (\u00e9ditions du Rocher) Dr L\u00e9vy avait plus de 40 ans d&#8217;exp\u00e9rience en canc\u00e9rologie. Quand il essay\u00e9 quelques th\u00e9rapies alternatives que son entourage qualifiait de pseudo-science et des d\u00e9rives sectaires, il \u00e9tait \u00e9tonn\u00e9 que ces m\u00e9thodes majoritairement holistiques prosp\u00e9rer.<\/p>\n<p style=\"text-align: justify;\">Dans cette formation, \u00a0nous examinerons les limites de la canc\u00e9rologie allopathique contemporaine, puis nous enchainerons sur une analyse de plus de vingt techniques holistiques et int\u00e9gratives fond\u00e9es en science, pouvant contribuer \u00e0 solutionner les d\u00e9fis li\u00e9s \u00e0 l&#8217;\u00e9pid\u00e9mie du cancer, y compris la souffrance collective et \u00e9puisement des finances publiques que nous consid\u00e9ront \u00e9vitable avec la m\u00e9decine holistique en association avec la m\u00e9decine traditionnelle chinoise et la biog\u00e9rontologie.<\/p>\n<h3 style=\"text-align: center;\">A. CANC\u00c9ROLOGIE HOLISTIQUE<\/h3>\n<h4 style=\"text-align: center;\">L&#8217;ANCIEN PARADIGME ET LES LIMITES DE LA CANC\u00c9ROLOGIE ORTHODOXE (ALLOPATHIQUE)<\/h4>\n<h6 style=\"text-align: center;\"><em>\u00abOn arrive ainsi \u00e0 s\u00e9lectionner involontairement des cellules tumorales r\u00e9sistantes. Au bout de six mois, la tumeur \u00e9chappe au traitement, il faut employer de telles doses de poisons que les patients se retrouvent en aplasie et meurent autant de la toxicit\u00e9 que de leur cancer \u00bb. Prof. CREPIN, in: \u00ab Sciences et Avenir \u00bb, septembre 2001, p.7.<\/em><\/h6>\n<p>1. La canc\u00e9rologie officielle (avantages, inconv\u00e9nients et absurdit\u00e9s).<\/p>\n<p>2. Les point forts et les limites de la chimioth\u00e9rapie, de la radioth\u00e9rapie, th\u00e9rapies cibl\u00e9es, hormonoth\u00e9rapie et de la chirurgie.<\/p>\n<p>2.1. Correction de la canc\u00e9rologie officielle: Des &#8220;cancer wounds&#8221; (blessures), aux chirurgies traumatisantes en passant par la d\u00e9gats de la radiation (eg fibrose, m\u00e9tastases et autres), \u00a0la toxicit\u00e9 de \u00a0la chimio cytotoxique et les dommages contre les tissus immunitaire, la flore intestinale, l&#8217;activation des d\u00e9fenses de la cellule de cancer souche et autres.<\/p>\n<p>3. Le d\u00e9fi de l&#8217;apport des preuves probantes: exemples des publications dans les grands journaux m\u00e9dicaux fond\u00e9es sur la fraude et de l&#8217;incomp\u00e9tence.<\/p>\n<h3 style=\"text-align: center;\">LE NOUVEAU PARADIGME HOLISTIQUE.<\/h3>\n<h6 style=\"text-align: center;\"><em>\u00ab Notre devoir est de sortir des sentiers battus&#8230;.\u00ab Des connaissances r\u00e9elles, op\u00e9rationnelles, acquises ces derni\u00e8res ann\u00e9es dans le traitement des cancers sont ni\u00e9es et la plupart des malades sont trait\u00e9s comme si elles n\u2019avaient pas \u00e9t\u00e9 acquises \u00bb. Professeur Lucien ISRA\u00cbL<\/em><\/h6>\n<p style=\"text-align: justify;\">Pour comprendre pourquoi la canc\u00e9rologie holistique (qui peut \u00eatre int\u00e9grative, compl\u00e9mentaire ou corrective) doit soit compl\u00e9ter, soit raviver, soit remplacer la canc\u00e9rologie officielle, il est important d&#8217;embl\u00e9e de comprendre que le cancer est moins une maladie g\u00e9n\u00e9tique que m\u00e9tabolique et syst\u00e9mique.<\/p>\n<p style=\"text-align: justify;\">4. Quelques bases en bio-physique ainsi qu&#8217;en m\u00e9decine \u00e9nerg\u00e9tique.<\/p>\n<p style=\"text-align: justify;\">5. Quelques bases en bio-chimie:<\/p>\n<p>6. Quelques bases en canc\u00e9rogen\u00e8se.<\/p>\n<p>6.1. Les agents carcinog\u00e8nes, mutag\u00e8nes et immuno-d\u00e9primants (et les facteurs de risques y aff\u00e9rents)<\/p>\n<p>6.2. Quelques m\u00e9canismes d&#8217;action en canc\u00e9rogen\u00e8se et malignit\u00e9 m\u00e9tastatique:<\/p>\n<h3 style=\"text-align: center;\">\u00a0PRAXIS ET TECHNIQUES HOLISTIQUES EN CANC\u00c9ROLOGIE<\/h3>\n<p>7. Les voies de recours en canc\u00e9rologie holistique:<\/p>\n<p>8. Quelques m\u00e9canismes d&#8217;action:<\/p>\n<p>9. \u00c9pi-g\u00e9n\u00e9tique et cancer:<\/p>\n<p>10. Quelques strat\u00e9gies innovantes en canc\u00e9rologie holistique:<\/p>\n<p style=\"text-align: justify;\">11. Alimentation clinique : Quelques di\u00e8tes anti-cancer:<\/p>\n<p style=\"text-align: justify;\">12. Cancer, douleur, inflamation<\/p>\n<p style=\"text-align: justify;\">13. Plus d&#8217;une vingtaine de techniques holistiques, non invasives et efficaces en canc\u00e9rologie (de l&#8217;\u00e9lectro-th\u00e9rapie en passant par l&#8217;hyperthermie et la r\u00e9activation immunitaire, entre des douzaines d&#8217;autres techniques int\u00e9gratives et holistiques).<\/p>\n<p style=\"text-align: justify;\">14. Les protecteurs et sensiteurs en radioth\u00e9rapie et chim\u00e9oth\u00e9rapie:<\/p>\n<p style=\"text-align: justify;\">15. Quelques d\u00e9couvertes fructueuses d\u00e9batues lors des derniers symposiums de la canc\u00e9rologie holistique et int\u00e9grative. De l&#8217;immunoth\u00e9rapie aux strat\u00e9gies de neutralisation des cellules de cancer souches en passant par l&#8217;hyperthermie, la virologie et les techniques holistiques anti angiogen\u00e8ses.<\/p>\n<p style=\"text-align: justify;\">Quelques chercheurs holistiques (ou &#8220;h\u00e9r\u00e9tiques&#8221;, ou &#8220;alternatifs&#8221; ou innovants) qui ont eu le plus d&#8217;impact sur la compr\u00e9hension et la solution au d\u00e9fi du cancer.<\/p>\n<p>16. Les marqueurs, les tests de d\u00e9tection, l&#8217;imagerie m\u00e9dicale, \u00a0la biopsie et les tests g\u00e9n\u00e9tiques sp\u00e9cifiques (avantages et limites).<\/p>\n<p>17. R\u00e9sum\u00e9 des points forts et des limites de la canc\u00e9rologie alternative, de la science int\u00e9grative et de la m\u00e9decine holistique:<\/p>\n<p>18. Les cliniques holistiques europ\u00e9ennes, am\u00e9ricaines, israeliennes et mexicaines en mati\u00e8re de canc\u00e9rologie holistique et int\u00e9grative.<\/p>\n<p>19. R\u00e9gression spontan\u00e9e des cancers: exemples et explications.<\/p>\n<h3 style=\"text-align: center;\">COMMENT ARRIVER A UNE D\u00c9CISION FOND\u00c9E EN MATI\u00c8RE DE CHOIX TH\u00c9RAPIQUE. \u00c9tude de dossiers et cas.<\/h3>\n<h6 style=\"text-align: center;\"><em>\u00ab Toute manipulation ou agression tumorale doit \u00eatre consid\u00e9r\u00e9e comme dangereuse. \u00bb Dr Jean Bernard.<\/em><\/h6>\n<p style=\"text-align: justify;\">20. Etudes de cas (succ\u00e8s avec la canc\u00e9rologie holistique). Des dizaines de succc\u00e8s de la canc\u00e9rologie holistique et non-violente seront pr\u00e9sent\u00e9s, pi\u00e8ces et-ou vid\u00e9o \u00e0 l&#8217;appui.<\/p>\n<p style=\"text-align: justify;\">21. Etudes de cas (\u00e9chec en mati\u00e8re de canc\u00e9rologie orthodoxe): Idem, plusieurs cas classiques seront pr\u00e9sent\u00e9s, avec \u00e9tudes des m\u00e9canismes d&#8217;action qui expliquent les limites de la canc\u00e9rologie officielle<\/p>\n<p style=\"text-align: justify;\">22. La pr\u00e9vention et l&#8217;avenir de la canc\u00e9rologie holistique dans les ann\u00e9es \u00e0 venir: Le nouveau &#8220;standard&#8221; ?<\/p>\n<p style=\"text-align: justify;\">23. R\u00e9f\u00e9rences et pistes de recherche.<\/p>\n<h3 style=\"text-align: center;\">CONCLUSIONS POUR LA PARTIE CANC\u00c9ROLOGIE HOLISTIQUE<\/h3>\n<h6 style=\"text-align: center;\"><em>\u00ab L\u2019urgence en canc\u00e9rologie, ce n\u2019est pas d\u2019op\u00e9rer, mais c\u2019est de traiter les micro m\u00e9tastases. \u00bb Prof. POUYARD Institut Curie<\/em><\/h6>\n<p style=\"text-align: justify;\">Le Cancer se d\u00e9v\u00e9loppe via des processus complexes de changements mol\u00e9culaires au niveau g\u00e9n\u00e9tique, \u00e9pi-g\u00e9n\u00e9tique, m\u00e9tabolique et syst\u00e8mique. Aujourd&#8217;hui, la connaissance en canc\u00e9rog\u00e9n\u00e8se est avanc\u00e9e. Grace aux travaux du Dr Weiner et al, nous savons qu&#8217;il y a au moins onze &#8220;hallmarks&#8221; dans la biologie du cancer. Ces hallmarks sont des macro-m\u00e9canismes physiopathologiques sur lesquels nous pouvons agir.<\/p>\n<p style=\"text-align: justify;\">En comprennant ces m\u00e9canismes d&#8217;action et les conditions dans lesquelles les cellules se transforment en malignit\u00e9, le stagiaire peut mieux d\u00e9terminer quelles techniques de remise en forme et de soin il ou elle devrait mettre en oeuvre, et ce, avec le concours d&#8217;une \u00e9quipe de m\u00e9decins, th\u00e9rapeutes-\u00e9ducateurs comp\u00e9tents ainsi qu&#8217;un coach qui connait bien l&#8217;ensemble de ces probl\u00e8mes, assurant par l\u00e0 m\u00eame son consentement \u00e9clair\u00e9 et \u00e0 terme, sa remise en forme via la mise en oeuvre assidue d&#8217;un plan d&#8217;action &#8220;vaincre son cancer&#8221; via des m\u00e9thodes &#8220;safe, effective and cost-friendly&#8221;.<\/p>\n<p style=\"text-align: justify;\">Les r\u00e9sultat de ces m\u00e9thodes devraient etre r\u00e9guli\u00e8rement test\u00e9s. Quand ces &#8220;monitoring tests&#8221; ne sont pas satisfaisant, il faudrait que le m\u00e9decin concern\u00e9 change de m\u00e9thodes. La m\u00e9decine holistique et avanc\u00e9e est dynamique et personalis\u00e9e, elle doit etre modifiable selon les r\u00e9sultats obtenus. D&#8217;ou l&#8217;importance de garder de bonne relations avec son m\u00e9decins g\u00e9n\u00e9raliste afin qu&#8217;il puisse prescrire les &#8220;monitoring tests&#8221; concernant le suivi et les r\u00e9sultats.<\/p>\n<p style=\"text-align: justify;\">Dans cette perspective, les faits montrent que la canc\u00e9rologie holistique est cliniquement et scientifiquement sup\u00e9rieure \u00e0 l&#8217;ensemble de la canc\u00e9rologie allopathique officielle dont plusieurs postulats de base sont \u00e0 la fois \u00e9rron\u00e9s, d\u00e9pass\u00e9s et peu fond\u00e9s au regard de la science.<\/p>\n<p style=\"color: #262626; text-align: center;\">Texte en Construction<\/p>\n<h6 style=\"color: #262626; text-align: center;\">Disclaimer<\/h6>\n<h6 style=\"color: #262626; text-align: center;\"><span style=\"color: #000000;\">Toutes les informations de ce site sont de nature \u00e9ducative et ne constituent en aucun cas des conseils juridiques, m\u00e9dicaux ou techniques. Les liens fournis ne constituent pas une approbation formelle. Nous sommes un Centre d&#8217;\u00c9ducation qui propose des options, des solutions innovantes et holistiques aux impasses et aux dogmes de certaines pratiques alternatives et officielles en\u00a0<\/span><span style=\"color: #000000;\">m\u00e9decine<\/span><span style=\"color: #000000;\">\u00a0 et ce, sur le fondement de la science, du droit, de la pratique internationale et de la raison. Nous ne sommes pas une clinique. Nous ne diagnostiquons ni traitons aucune maladie. Au contraire, nous proposons les meilleures informations dans la science de la long\u00e9vit\u00e9 pour retarder, compresser, pr\u00e9venir voire gu\u00e9rir \u00a0(quand c&#8217;est possible) \u00a0les maladies chroniques en activant l&#8217;\u00e9pig\u00e9n\u00e9tique, \u00a0la force vitale, les g\u00e8nes de la long\u00e9vit\u00e9 et les pathways de la biologie supercentenaire tout en apportant l&#8217;\u00e9claircissement n\u00e9cessaire au consentement des patients, \u00a0ce que l&#8217;on appelle, &#8220;informed consent&#8221;.<\/span><\/h6>\n<h6 style=\"color: #262626; text-align: center;\">2024 (c) Le Centre M\u00e9diterran\u00e9en t de Long\u00e9vit\u00e9 \u00a0et agents<\/h6>\n","protected":false},"excerpt":{"rendered":"<p>Introduction &#8220;Nous ne pr\u00e9tendons pas r\u00e9soudre le probl\u00e8me du cancer \u00e0 100 pourcent, mais nous avons la conviction qu&#8217;il le serait au moins \u00e0 80 pourcent si les techniques pr\u00e9ventives et curatives \u00e9voqu\u00e9es dans les pages qui vont suivre \u00e9taient &hellip;<\/p>\n<p class=\"read-more\"> <a class=\"more-link\" href=\"https:\/\/centredebienetreholistique.com\/?page_id=143\"> <span class=\"screen-reader-text\">Coaching et Formation Pr\u00e9liminaire en canc\u00e9rologie holistique<\/span> Read More &raquo;<\/a><\/p>\n","protected":false},"author":1,"featured_media":0,"parent":0,"menu_order":0,"comment_status":"open","ping_status":"open","template":"","meta":{"footnotes":""},"jetpack_sharing_enabled":true,"jetpack_shortlink":"https:\/\/wp.me\/P4FfFc-2j","jetpack_likes_enabled":true,"jetpack-related-posts":[{"id":488,"url":"https:\/\/centredebienetreholistique.com\/?page_id=488","url_meta":{"origin":143,"position":0},"title":"Vid\u00e9os en Canc\u00e9rologie Innovante","author":"centredebienetreholistique","date":"June 2, 2015","format":false,"excerpt":"BANDE-ANNONCE (Trailer) DU FILM-DOCUMENTAIRE \"Holistic Oncology Movie\" (HOM) https:\/\/vimeo.com\/81067766 INTERVIEW DU DR NICHOLAS GONZALEZ, CANC\u00c9ROLOGUE https:\/\/vimeo.com\/80077162 INTERVIEW DE JOHN THORP, EXPERT EN ELECTRO-MEDICINE https:\/\/vimeo.com\/94779359 INTERVIEW DE CHARLOTTE GERSON, EXPERTE EN CANC\u00c9ROLOGIE HOLISTIQUE https:\/\/vimeo.com\/80730828 INTERVIEW DU DR ROSS, EXPERT EN M\u00c9DECINE INT\u00c9GRATIVE https:\/\/vimeo.com\/82658527 INTERVIEW DU DR SANDRA ROSE MICHAEL, EXPERTE EN\u2026","rel":"","context":"Similar post","block_context":{"text":"Similar post","link":""},"img":{"alt_text":"","src":"","width":0,"height":0},"classes":[]},{"id":662,"url":"https:\/\/centredebienetreholistique.com\/?page_id=662","url_meta":{"origin":143,"position":1},"title":"Colloque du Centre Holistique: &#8220;Cancer, Droit M\u00e9dical et Libert\u00e9 Th\u00e9rapeutique&#8221;","author":"centredebienetreholistique","date":"June 5, 2015","format":false,"excerpt":"CONGR\u00c8S SUR LES\u00a0TH\u00c9RAPIES ALTERNATIVES ET COMPL\u00c9MENTAIRES CONCERNANT LE CANCER, LE DROIT M\u00c9DICAL ET LES LIBERT\u00c9S TH\u00c9RAPEUTIQUE \u00a0LE 17 & 18 AVRIL 2004 Vis m\u00e9dicatrix naturae Prieur\u00e9 de Marcevol 66320 Arboussols (pr\u00e8s de Vinca dans un site grandiose, idyllique, en pleine montagne des Pyr\u00e9n\u00e9es orientales). Route\u00a0: RN 116, (direction Prades). A\u2026","rel":"","context":"Similar post","block_context":{"text":"Similar post","link":""},"img":{"alt_text":"","src":"","width":0,"height":0},"classes":[]},{"id":434,"url":"https:\/\/centredebienetreholistique.com\/?page_id=434","url_meta":{"origin":143,"position":2},"title":"Coaching 101 et Formation Approfondie en Canc\u00e9rologie g\u00e9n\u00e9rale, conventionnelle et alternative","author":"centredebienetreholistique","date":"May 25, 2015","format":false,"excerpt":"Introduction La recherche fondamentale en canc\u00e9rologie conventionnelle, (ie, internationalement \"oncologie\") et les immenses \u00a0efforts scientifiques internationaux (et les centaines de billions de dollars qui vont avec) depuis quelques d\u00e9cennies pour identifier et comprendre les causes et les \u00a0co-facteurs (m\u00e9canismes physiopathologiques) du d\u00e9veloppement du cancer (canc\u00e9rogen\u00e8se) ont \u00e9t\u00e9 en partie fructuese,\u2026","rel":"","context":"Similar post","block_context":{"text":"Similar post","link":""},"img":{"alt_text":"","src":"https:\/\/i0.wp.com\/img.youtube.com\/vi\/jgJKaP0Sj5U\/0.jpg?resize=350%2C200","width":350,"height":200},"classes":[]},{"id":480,"url":"https:\/\/centredebienetreholistique.com\/?page_id=480","url_meta":{"origin":143,"position":3},"title":"Stage-Retraite: M\u00e9decine Holistique, M\u00e9decine R\u00e9g\u00e9n\u00e9rative et la Science de la Long\u00e9vit\u00e9 Optimale","author":"centredebienetreholistique","date":"June 2, 2015","format":false,"excerpt":"CONTENU Formation holistique (avec protocoles) concernant les grandes maladies chroniques,, le vieillissement acc\u00e9l\u00e9r\u00e9, la long\u00e9vit\u00e9 optimale, la m\u00e9decine r\u00e9g\u00e9n\u00e9rative, l'alimentation clinique, la m\u00e9decine orientale et de droit m\u00e9dical. ORIGINALIT\u00c9 L'originalit\u00e9 de cet enseignement repose sur une perspective holistique et innovante. Ce programme met l'accent sur les voies d'activation du potentiel\u2026","rel":"","context":"Similar post","block_context":{"text":"Similar post","link":""},"img":{"alt_text":"","src":"","width":0,"height":0},"classes":[]},{"id":3523,"url":"https:\/\/centredebienetreholistique.com\/?page_id=3523","url_meta":{"origin":143,"position":4},"title":"Equipe","author":"centredebienetreholistique","date":"May 20, 2020","format":false,"excerpt":"Pendant 8 ans, le Centre \u00e9tait ferm\u00e9. Revenu en France, le directeur-fondateur est en train de restorer l'\u00e9co-lieu et d'organsier une nouvelle \u00e9quipe ainsi que des \u00a0ateliers et stages de formation en m\u00e9decine holistique et dans la science de la biog\u00e9rontologie holistique. Nous sommes sp\u00e9cialis\u00e9s dans l'approche holistique de la\u2026","rel":"","context":"With 2 comments","block_context":{"text":"With 2 comments","link":"https:\/\/centredebienetreholistique.com\/?page_id=3523#comments"},"img":{"alt_text":"","src":"","width":0,"height":0},"classes":[]},{"id":409,"url":"https:\/\/centredebienetreholistique.com\/?page_id=409","url_meta":{"origin":143,"position":5},"title":"Atelier maladies chroniques vues au travers de la m\u00e9decine holistique","author":"centredebienetreholistique","date":"May 8, 2015","format":false,"excerpt":"1. La magnitude et la prolif\u00e9ration des maladies chroniques (dont plus de cent maladies auto-immunes) et les limites de la m\u00e9decine allopathique officielle en la mati\u00e8re. 2. Techniques holistiques en mati\u00e8re de maladies chroniques: principes de base. 3. \u00c9tude de cas: diab\u00e8te et ost\u00e9o-arthritisme. Les faits montrent que le diab\u00e8te\u2026","rel":"","context":"Similar post","block_context":{"text":"Similar post","link":""},"img":{"alt_text":"","src":"","width":0,"height":0},"classes":[]}],"_links":{"self":[{"href":"https:\/\/centredebienetreholistique.com\/index.php?rest_route=\/wp\/v2\/pages\/143"}],"collection":[{"href":"https:\/\/centredebienetreholistique.com\/index.php?rest_route=\/wp\/v2\/pages"}],"about":[{"href":"https:\/\/centredebienetreholistique.com\/index.php?rest_route=\/wp\/v2\/types\/page"}],"author":[{"embeddable":true,"href":"https:\/\/centredebienetreholistique.com\/index.php?rest_route=\/wp\/v2\/users\/1"}],"replies":[{"embeddable":true,"href":"https:\/\/centredebienetreholistique.com\/index.php?rest_route=%2Fwp%2Fv2%2Fcomments&post=143"}],"version-history":[{"count":14,"href":"https:\/\/centredebienetreholistique.com\/index.php?rest_route=\/wp\/v2\/pages\/143\/revisions"}],"predecessor-version":[{"id":14062,"href":"https:\/\/centredebienetreholistique.com\/index.php?rest_route=\/wp\/v2\/pages\/143\/revisions\/14062"}],"wp:attachment":[{"href":"https:\/\/centredebienetreholistique.com\/index.php?rest_route=%2Fwp%2Fv2%2Fmedia&parent=143"}],"curies":[{"name":"wp","href":"https:\/\/api.w.org\/{rel}","templated":true}]}}