{"id":12580,"date":"2021-11-15T09:10:49","date_gmt":"2021-11-15T09:10:49","guid":{"rendered":"http:\/\/centredebienetreholistique.com\/?page_id=12580"},"modified":"2021-11-19T21:07:12","modified_gmt":"2021-11-19T21:07:12","slug":"sejour-retraite-pour-trouble-de-stress-post-traumatique","status":"publish","type":"page","link":"https:\/\/centredebienetreholistique.com\/?page_id=12580","title":{"rendered":"S\u00e9jour-retraite holitique pour Trouble de Stress Post-Traumatique"},"content":{"rendered":"","protected":true},"excerpt":{"rendered":"","protected":true},"author":1,"featured_media":0,"parent":0,"menu_order":0,"comment_status":"open","ping_status":"open","template":"","meta":{"footnotes":""},"jetpack_sharing_enabled":true,"jetpack_shortlink":"https:\/\/wp.me\/P4FfFc-3gU","jetpack_likes_enabled":true,"jetpack-related-posts":[{"id":157,"url":"https:\/\/centredebienetreholistique.com\/?page_id=157","url_meta":{"origin":12580,"position":0},"title":"Livre &#038; Documentaire sur la Canc\u00e9rologie Int\u00e9grative","author":"centredebienetreholistique","date":"December 24, 2014","format":false,"excerpt":"Achetez le HOM (Holistic Oncology Movie) documentaire Avec plus de 40 experts am\u00e9ricains de la canc\u00e9rologie et plus de 15 patients qui ont eu raison de leur cancer gra\u00e7e \u00e0 la canc\u00e9rologie int\u00e9grative et holistique, notre documentaire \"HOM\" sortira bient\u00f4t. Pour la bande d'annonce du filme (trailer), voir le lien\u2026","rel":"","context":"Similar post","block_context":{"text":"Similar post","link":""},"img":{"alt_text":"","src":"","width":0,"height":0},"classes":[]},{"id":488,"url":"https:\/\/centredebienetreholistique.com\/?page_id=488","url_meta":{"origin":12580,"position":1},"title":"Vid\u00e9os en Canc\u00e9rologie Innovante","author":"centredebienetreholistique","date":"June 2, 2015","format":false,"excerpt":"BANDE-ANNONCE (Trailer) DU FILM-DOCUMENTAIRE \"Holistic Oncology Movie\" (HOM) https:\/\/vimeo.com\/81067766 INTERVIEW DU DR NICHOLAS GONZALEZ, CANC\u00c9ROLOGUE https:\/\/vimeo.com\/80077162 INTERVIEW DE JOHN THORP, EXPERT EN ELECTRO-MEDICINE https:\/\/vimeo.com\/94779359 INTERVIEW DE CHARLOTTE GERSON, EXPERTE EN CANC\u00c9ROLOGIE HOLISTIQUE https:\/\/vimeo.com\/80730828 INTERVIEW DU DR ROSS, EXPERT EN M\u00c9DECINE INT\u00c9GRATIVE https:\/\/vimeo.com\/82658527 INTERVIEW DU DR SANDRA ROSE MICHAEL, EXPERTE EN\u2026","rel":"","context":"Similar post","block_context":{"text":"Similar post","link":""},"img":{"alt_text":"","src":"","width":0,"height":0},"classes":[]},{"id":2938,"url":"https:\/\/centredebienetreholistique.com\/?page_id=2938","url_meta":{"origin":12580,"position":2},"title":"Chrono M\u00e9decine","author":"centredebienetreholistique","date":"February 7, 2020","format":false,"excerpt":"\u00a0 \u00a0 Core Concept: Emerging science of chronotherapy offers big opportunities to optimize drug delivery David Adam PNAS\u00a0October 29, 2019\u00a0116\u00a0(44)\u00a021957-21959;\u00a0https:\/\/doi.org\/10.1073\/pnas.1916118116 A growing number of biomedical researchers advocate a simple way to improve the effectiveness of medications: administer them based on what studies say is the ideal time. \u201cAlmost every drug\u2026","rel":"","context":"Similar post","block_context":{"text":"Similar post","link":""},"img":{"alt_text":"","src":"","width":0,"height":0},"classes":[]},{"id":629,"url":"https:\/\/centredebienetreholistique.com\/?page_id=629","url_meta":{"origin":12580,"position":3},"title":"Photos et Vid\u00e9os de Pr\u00e9sentation (en construction)","author":"centredebienetreholistique","date":"June 3, 2015","format":false,"excerpt":"PHOTOS DU CENTRE \u00a0 \u00a0Photo: Le Centre baigne dans un environnement riche en for\u00eats, huiles essentielles, plantes m\u00e9dicinales, champignons, rivi\u00e8res, eaux de sources, faunes et montagnes dont le majestueux Canigou. Logement Possibilit\u00e9 de loger soit dans la maison centrale, soit dans la maison Yoga. Maison Yoga, \u00e0 proximit\u00e9 de la\u2026","rel":"","context":"Similar post","block_context":{"text":"Similar post","link":""},"img":{"alt_text":"","src":"https:\/\/i0.wp.com\/centredebienetreholistique.com\/wp-content\/uploads\/2014\/12\/jushousetwo.jpg?resize=350%2C200","width":350,"height":200},"classes":[]},{"id":814,"url":"https:\/\/centredebienetreholistique.com\/?page_id=814","url_meta":{"origin":12580,"position":4},"title":"Techniques Sant\u00e9 Tib\u00e9taines","author":"centredebienetreholistique","date":"June 13, 2015","format":false,"excerpt":"LA M\u00c9DECINE TIB\u00c9TAINES TRADITIONELLE La m\u00e9decine tib\u00e9taine traditionnelle est un syst\u00e8me m\u00e9dical vieux de plusieurs mill\u00e9naires qui comporte une m\u00e9thodologie complexe pour le diagnostique telle l'analyse des pouls, de l'urine, de la langue, du visage, des odeurs, des oncles entre autres. Le traitement se focalise sur la restoration de l'\u00e9nergie\u2026","rel":"","context":"Similar post","block_context":{"text":"Similar post","link":""},"img":{"alt_text":"","src":"https:\/\/i0.wp.com\/img.youtube.com\/vi\/OW7TH2U4hps\/0.jpg?resize=350%2C200","width":350,"height":200},"classes":[]},{"id":3525,"url":"https:\/\/centredebienetreholistique.com\/?page_id=3525","url_meta":{"origin":12580,"position":5},"title":"COVID-19 et l&#8217;Holistique","author":"centredebienetreholistique","date":"May 20, 2020","format":false,"excerpt":"Alors que les mesures hygi\u00e9niques de bon sens ainsi que le \"social distancing\" seraient b\u00e9n\u00e9fique, en particulier la \"distancing\" de la pollution industrielle, de la tox\u00e9mie g\u00e9n\u00e9ralis\u00e9e, des exc\u00e8s de la m\u00e9decine allopathique, de l'\u00e9conomie ali\u00e9nante, du stress chronique, de la di\u00e9t\u00e9tique officielle d\u00e9ficiente, du syst\u00e8me \u00e9ducatif inadapt\u00e9, de la\u2026","rel":"","context":"Similar post","block_context":{"text":"Similar post","link":""},"img":{"alt_text":"","src":"","width":0,"height":0},"classes":[]}],"_links":{"self":[{"href":"https:\/\/centredebienetreholistique.com\/index.php?rest_route=\/wp\/v2\/pages\/12580"}],"collection":[{"href":"https:\/\/centredebienetreholistique.com\/index.php?rest_route=\/wp\/v2\/pages"}],"about":[{"href":"https:\/\/centredebienetreholistique.com\/index.php?rest_route=\/wp\/v2\/types\/page"}],"author":[{"embeddable":true,"href":"https:\/\/centredebienetreholistique.com\/index.php?rest_route=\/wp\/v2\/users\/1"}],"replies":[{"embeddable":true,"href":"https:\/\/centredebienetreholistique.com\/index.php?rest_route=%2Fwp%2Fv2%2Fcomments&post=12580"}],"version-history":[{"count":5,"href":"https:\/\/centredebienetreholistique.com\/index.php?rest_route=\/wp\/v2\/pages\/12580\/revisions"}],"predecessor-version":[{"id":12626,"href":"https:\/\/centredebienetreholistique.com\/index.php?rest_route=\/wp\/v2\/pages\/12580\/revisions\/12626"}],"wp:attachment":[{"href":"https:\/\/centredebienetreholistique.com\/index.php?rest_route=%2Fwp%2Fv2%2Fmedia&parent=12580"}],"curies":[{"name":"wp","href":"https:\/\/api.w.org\/{rel}","templated":true}]}}