{"id":12579,"date":"2021-11-15T09:56:01","date_gmt":"2021-11-15T09:56:01","guid":{"rendered":"http:\/\/centredebienetreholistique.com\/?page_id=12579"},"modified":"2021-11-19T21:20:25","modified_gmt":"2021-11-19T21:20:25","slug":"double-de-stress-post-traumatique-approche-holistique","status":"publish","type":"page","link":"https:\/\/centredebienetreholistique.com\/?page_id=12579","title":{"rendered":"Trouble de stress post-traumatique: approche Holistique"},"content":{"rendered":"","protected":true},"excerpt":{"rendered":"","protected":true},"author":1,"featured_media":0,"parent":0,"menu_order":0,"comment_status":"open","ping_status":"open","template":"","meta":{"footnotes":""},"jetpack_sharing_enabled":true,"jetpack_shortlink":"https:\/\/wp.me\/P4FfFc-3gT","jetpack_likes_enabled":true,"jetpack-related-posts":[{"id":4228,"url":"https:\/\/centredebienetreholistique.com\/?page_id=4228","url_meta":{"origin":12579,"position":0},"title":"La Science du Chocolat","author":"centredebienetreholistique","date":"June 9, 2020","format":false,"excerpt":"Ci-APR\u00c8S, QUELQUES ELEMENTS DE R\u00c9F\u00c9RENCES SUR LES BIENS-FAITS DU CACAO Cardiac risk factors and prevention.\u00a0Habitual chocolate consumption and risk of cardiovascular disease among healthy men and women (Heart: 10.1136) Abstract Objective To examine the association between chocolate intake and the risk of future cardiovascular events. Methods We conducted a prospective\u2026","rel":"","context":"Similar post","block_context":{"text":"Similar post","link":""},"img":{"alt_text":"","src":"","width":0,"height":0},"classes":[]},{"id":732,"url":"https:\/\/centredebienetreholistique.com\/?page_id=732","url_meta":{"origin":12579,"position":1},"title":"Agriculture r\u00e9g\u00e9n\u00e9rative en montagne m\u00e9diterran\u00e9enne","author":"centredebienetreholistique","date":"June 7, 2015","format":false,"excerpt":"\u00a0 \u00a0 \u00a0 \u00a0 \u00a0 \u00a0 \u00a0 \u00a0 \u00a0 \u00a0 \u00a0 \u00a0 \u00a0 \u00a0 \u00a0 \u00a0 \u00a0 \u00a0 \u00a0 \u00a0 \u00a0 \u00a0 \u00a0 \u00a0 \u00a0 LABOURAGE DE L'HIVER EN MONTAGNE Mulching de nos fraisiers Vari\u00e9t\u00e9s \"cihos\u00e9\", \"mara des bois\", \"cyrano\" et autres qui poussent \u00a0en synergie avec des poirreaux, les\u2026","rel":"","context":"Similar post","block_context":{"text":"Similar post","link":""},"img":{"alt_text":"Screen Shot 2017-08-11 at 10.08.01 AM","src":"https:\/\/i0.wp.com\/centredebienetreholistique.com\/wp-content\/uploads\/2014\/12\/Screen-Shot-2017-08-11-at-10.08.01-AM-300x217.png?resize=350%2C200","width":350,"height":200},"classes":[]}],"_links":{"self":[{"href":"https:\/\/centredebienetreholistique.com\/index.php?rest_route=\/wp\/v2\/pages\/12579"}],"collection":[{"href":"https:\/\/centredebienetreholistique.com\/index.php?rest_route=\/wp\/v2\/pages"}],"about":[{"href":"https:\/\/centredebienetreholistique.com\/index.php?rest_route=\/wp\/v2\/types\/page"}],"author":[{"embeddable":true,"href":"https:\/\/centredebienetreholistique.com\/index.php?rest_route=\/wp\/v2\/users\/1"}],"replies":[{"embeddable":true,"href":"https:\/\/centredebienetreholistique.com\/index.php?rest_route=%2Fwp%2Fv2%2Fcomments&post=12579"}],"version-history":[{"count":5,"href":"https:\/\/centredebienetreholistique.com\/index.php?rest_route=\/wp\/v2\/pages\/12579\/revisions"}],"predecessor-version":[{"id":12628,"href":"https:\/\/centredebienetreholistique.com\/index.php?rest_route=\/wp\/v2\/pages\/12579\/revisions\/12628"}],"wp:attachment":[{"href":"https:\/\/centredebienetreholistique.com\/index.php?rest_route=%2Fwp%2Fv2%2Fmedia&parent=12579"}],"curies":[{"name":"wp","href":"https:\/\/api.w.org\/{rel}","templated":true}]}}