{"id":12456,"date":"2021-10-27T05:19:30","date_gmt":"2021-10-27T05:19:30","guid":{"rendered":"http:\/\/centredebienetreholistique.com\/?page_id=12456"},"modified":"2021-10-27T06:38:10","modified_gmt":"2021-10-27T06:38:10","slug":"news-pertinentes-en-sante-publique-doctobre-2021","status":"publish","type":"page","link":"https:\/\/centredebienetreholistique.com\/?page_id=12456","title":{"rendered":"News pertinentes en sant\u00e9 publique d&#8217;Octobre 2021: immunit\u00e9 et censure"},"content":{"rendered":"","protected":true},"excerpt":{"rendered":"","protected":true},"author":1,"featured_media":0,"parent":0,"menu_order":0,"comment_status":"open","ping_status":"open","template":"","meta":{"footnotes":""},"jetpack_sharing_enabled":true,"jetpack_shortlink":"https:\/\/wp.me\/P4FfFc-3eU","jetpack_likes_enabled":true,"jetpack-related-posts":[{"id":3523,"url":"https:\/\/centredebienetreholistique.com\/?page_id=3523","url_meta":{"origin":12456,"position":0},"title":"Equipe","author":"centredebienetreholistique","date":"May 20, 2020","format":false,"excerpt":"Pendant 8 ans, le Centre \u00e9tait ferm\u00e9. Revenu en France, le directeur-fondateur est en train de restorer l'\u00e9co-lieu et d'organsier une nouvelle \u00e9quipe ainsi que des \u00a0ateliers et stages de formation en m\u00e9decine holistique et dans la science de la biog\u00e9rontologie holistique. Nous sommes sp\u00e9cialis\u00e9s dans l'approche holistique de la\u2026","rel":"","context":"Similar post","block_context":{"text":"Similar post","link":""},"img":{"alt_text":"","src":"","width":0,"height":0},"classes":[]},{"id":3525,"url":"https:\/\/centredebienetreholistique.com\/?page_id=3525","url_meta":{"origin":12456,"position":1},"title":"COVID-19 et l&#8217;Holistique","author":"centredebienetreholistique","date":"May 20, 2020","format":false,"excerpt":"Alors que les mesures hygi\u00e9niques de bon sens ainsi que le \"social distancing\" seraient b\u00e9n\u00e9fique, en particulier la \"distancing\" de la pollution industrielle, de la tox\u00e9mie g\u00e9n\u00e9ralis\u00e9e, des exc\u00e8s de la m\u00e9decine allopathique, de l'\u00e9conomie ali\u00e9nante, du stress chronique, de la di\u00e9t\u00e9tique officielle d\u00e9ficiente, du syst\u00e8me \u00e9ducatif inadapt\u00e9, de la\u2026","rel":"","context":"Similar post","block_context":{"text":"Similar post","link":""},"img":{"alt_text":"","src":"","width":0,"height":0},"classes":[]},{"id":480,"url":"https:\/\/centredebienetreholistique.com\/?page_id=480","url_meta":{"origin":12456,"position":2},"title":"Stage-Retraite: M\u00e9decine Holistique, M\u00e9decine R\u00e9g\u00e9n\u00e9rative et la Science de la Long\u00e9vit\u00e9 Optimale","author":"centredebienetreholistique","date":"June 2, 2015","format":false,"excerpt":"CONTENU Formation holistique (avec protocoles) concernant les grandes maladies chroniques,, le vieillissement acc\u00e9l\u00e9r\u00e9, la long\u00e9vit\u00e9 optimale, la m\u00e9decine r\u00e9g\u00e9n\u00e9rative, l'alimentation clinique, la m\u00e9decine orientale et de droit m\u00e9dical. ORIGINALIT\u00c9 L'originalit\u00e9 de cet enseignement repose sur une perspective holistique et innovante. Ce programme met l'accent sur les voies d'activation du potentiel\u2026","rel":"","context":"Similar post","block_context":{"text":"Similar post","link":""},"img":{"alt_text":"","src":"","width":0,"height":0},"classes":[]},{"id":160,"url":"https:\/\/centredebienetreholistique.com\/?page_id=160","url_meta":{"origin":12456,"position":3},"title":"Agriculture bio du Centre Holistique certifi\u00e9e par ECOCERT","author":"centredebienetreholistique","date":"December 24, 2014","format":false,"excerpt":"LA MINI FERME DE SANT\u00c9 (HEALTH FARM) DU CENTRE M\u00c9DITERRAN\u00c9EN DE BIEN-ETRE HOLISTIQUE Certifi\u00e9e \"biologique\" par ECOCERT pour les petits fruits, l\u00e9gumes, les champignons ainsi que pour nos truffes de chocolat AGRICULTURE SOUTENABLE En temps normal, le Centre Holistique est muni d'une structure agricole et \u00a0paysanne, certifi\u00e9e par Ecocert, gra\u00e7e\u2026","rel":"","context":"With 2 comments","block_context":{"text":"With 2 comments","link":"https:\/\/centredebienetreholistique.com\/?page_id=160#comments"},"img":{"alt_text":"Screen Shot 2017-08-11 at 10.08.01 AM","src":"https:\/\/i0.wp.com\/centredebienetreholistique.com\/wp-content\/uploads\/2014\/12\/Screen-Shot-2017-08-11-at-10.08.01-AM-300x217.png?resize=350%2C200","width":350,"height":200},"classes":[]},{"id":4177,"url":"https:\/\/centredebienetreholistique.com\/?page_id=4177","url_meta":{"origin":12456,"position":4},"title":"Formation en agriculture holistique et r\u00e9g\u00e9n\u00e9rative","author":"centredebienetreholistique","date":"June 8, 2020","format":false,"excerpt":"Le Programme Introduction A. Typologie des modes agricoles 1. Agriculture traditionnelle 2. Agriculture de l'Etat (moderne) 3. Agriculture biologique 4. Agriculture bio-dynamique 5. Permaculture 6. Agro-foresterie B. L' Agriculture Holistique est faite des meilleurs \u00e9l\u00e9ments des syst\u00e8mes agricoles existants 1. Le Sol et la Microbiologie 2. L'environnement et l'eau 3.\u2026","rel":"","context":"With 2 comments","block_context":{"text":"With 2 comments","link":"https:\/\/centredebienetreholistique.com\/?page_id=4177#comments"},"img":{"alt_text":"","src":"","width":0,"height":0},"classes":[]},{"id":141,"url":"https:\/\/centredebienetreholistique.com\/?page_id=141","url_meta":{"origin":12456,"position":5},"title":"Atelier droit m\u00e9dical","author":"centredebienetreholistique","date":"December 24, 2014","format":false,"excerpt":"FORMATION EN DROIT M\u00c9DICAL R\u00c9GISSANT LES DROITS ET DEVOIRS DES PATIENTS ET DES PROFESSIONNELS DE LA SANT\u00c9 INTRODUCTION \"Les attaques contre les m\u00e9decines alternatives se multiplient. Pr\u00e9texte : elles serviraient de paravents aux sectes. L\u2019hom\u00e9opathie et l\u2019anthroposophie sont vis\u00e9es. La pens\u00e9e unique cherche \u00e0 imposer sa loi, en m\u00e9decine comme\u2026","rel":"","context":"Similar post","block_context":{"text":"Similar post","link":""},"img":{"alt_text":"","src":"","width":0,"height":0},"classes":[]}],"_links":{"self":[{"href":"https:\/\/centredebienetreholistique.com\/index.php?rest_route=\/wp\/v2\/pages\/12456"}],"collection":[{"href":"https:\/\/centredebienetreholistique.com\/index.php?rest_route=\/wp\/v2\/pages"}],"about":[{"href":"https:\/\/centredebienetreholistique.com\/index.php?rest_route=\/wp\/v2\/types\/page"}],"author":[{"embeddable":true,"href":"https:\/\/centredebienetreholistique.com\/index.php?rest_route=\/wp\/v2\/users\/1"}],"replies":[{"embeddable":true,"href":"https:\/\/centredebienetreholistique.com\/index.php?rest_route=%2Fwp%2Fv2%2Fcomments&post=12456"}],"version-history":[{"count":3,"href":"https:\/\/centredebienetreholistique.com\/index.php?rest_route=\/wp\/v2\/pages\/12456\/revisions"}],"predecessor-version":[{"id":12463,"href":"https:\/\/centredebienetreholistique.com\/index.php?rest_route=\/wp\/v2\/pages\/12456\/revisions\/12463"}],"wp:attachment":[{"href":"https:\/\/centredebienetreholistique.com\/index.php?rest_route=%2Fwp%2Fv2%2Fmedia&parent=12456"}],"curies":[{"name":"wp","href":"https:\/\/api.w.org\/{rel}","templated":true}]}}