{"id":12448,"date":"2021-10-26T18:56:10","date_gmt":"2021-10-26T18:56:10","guid":{"rendered":"http:\/\/centredebienetreholistique.com\/?page_id=12448"},"modified":"2021-10-26T18:56:10","modified_gmt":"2021-10-26T18:56:10","slug":"qualite-de-lair-dans-le-haut-vallespir","status":"publish","type":"page","link":"https:\/\/centredebienetreholistique.com\/?page_id=12448","title":{"rendered":"Qualit\u00e9 de l&#8217;Air dans le Haut Vallespir"},"content":{"rendered":"","protected":true},"excerpt":{"rendered":"","protected":true},"author":1,"featured_media":0,"parent":0,"menu_order":0,"comment_status":"open","ping_status":"open","template":"","meta":{"footnotes":""},"jetpack_sharing_enabled":true,"jetpack_shortlink":"https:\/\/wp.me\/P4FfFc-3eM","jetpack_likes_enabled":true,"jetpack-related-posts":[{"id":488,"url":"https:\/\/centredebienetreholistique.com\/?page_id=488","url_meta":{"origin":12448,"position":0},"title":"Vid\u00e9os en Canc\u00e9rologie Innovante","author":"centredebienetreholistique","date":"June 2, 2015","format":false,"excerpt":"BANDE-ANNONCE (Trailer) DU FILM-DOCUMENTAIRE \"Holistic Oncology Movie\" (HOM) https:\/\/vimeo.com\/81067766 INTERVIEW DU DR NICHOLAS GONZALEZ, CANC\u00c9ROLOGUE https:\/\/vimeo.com\/80077162 INTERVIEW DE JOHN THORP, EXPERT EN ELECTRO-MEDICINE https:\/\/vimeo.com\/94779359 INTERVIEW DE CHARLOTTE GERSON, EXPERTE EN CANC\u00c9ROLOGIE HOLISTIQUE https:\/\/vimeo.com\/80730828 INTERVIEW DU DR ROSS, EXPERT EN M\u00c9DECINE INT\u00c9GRATIVE https:\/\/vimeo.com\/82658527 INTERVIEW DU DR SANDRA ROSE MICHAEL, EXPERTE EN\u2026","rel":"","context":"Similar post","block_context":{"text":"Similar post","link":""},"img":{"alt_text":"","src":"","width":0,"height":0},"classes":[]},{"id":4002,"url":"https:\/\/centredebienetreholistique.com\/?page_id=4002","url_meta":{"origin":12448,"position":1},"title":"S\u00e9jours de Long\u00e9vit\u00e9 Optimale en pleine Montagne Catalane des Pyr\u00e9n\u00e9es Orientales (Optimal Healing &#038; Longevity Retreat)","author":"centredebienetreholistique","date":"June 4, 2020","format":false,"excerpt":"Des vacances de sant\u00e9-long\u00e9vit\u00e9 en pleine montagne, organis\u00e9s par \u00a0coachsupercentenaire@gmail.com (Click on the bottom right for language translation) \"Un c\u0153ur joyeux est un bon rem\u00e8de, mais un esprit abattu dess\u00e8che les os.\"\u00a0(Verset 22 de Proverbes 17) Situ\u00e9 dans la vall\u00e9e du Vallespir, au coeur des Pyr\u00e9n\u00e9es-Orientales et de la M\u00e9diterran\u00e9e\u2026","rel":"","context":"Similar post","block_context":{"text":"Similar post","link":""},"img":{"alt_text":"","src":"https:\/\/i0.wp.com\/centredebienetreholistique.com\/wp-content\/uploads\/2014\/12\/jushousetwo.jpg?resize=350%2C200","width":350,"height":200},"classes":[]},{"id":409,"url":"https:\/\/centredebienetreholistique.com\/?page_id=409","url_meta":{"origin":12448,"position":2},"title":"Atelier maladies chroniques vues au travers de la m\u00e9decine holistique","author":"centredebienetreholistique","date":"May 8, 2015","format":false,"excerpt":"1. La magnitude et la prolif\u00e9ration des maladies chroniques (dont plus de cent maladies auto-immunes) et les limites de la m\u00e9decine allopathique officielle en la mati\u00e8re. 2. Techniques holistiques en mati\u00e8re de maladies chroniques: principes de base. 3. \u00c9tude de cas: diab\u00e8te et ost\u00e9o-arthritisme. Les faits montrent que le diab\u00e8te\u2026","rel":"","context":"Similar post","block_context":{"text":"Similar post","link":""},"img":{"alt_text":"","src":"","width":0,"height":0},"classes":[]},{"id":4177,"url":"https:\/\/centredebienetreholistique.com\/?page_id=4177","url_meta":{"origin":12448,"position":3},"title":"Formation en agriculture holistique et r\u00e9g\u00e9n\u00e9rative","author":"centredebienetreholistique","date":"June 8, 2020","format":false,"excerpt":"Le Programme Introduction A. Typologie des modes agricoles 1. Agriculture traditionnelle 2. Agriculture de l'Etat (moderne) 3. Agriculture biologique 4. Agriculture bio-dynamique 5. Permaculture 6. Agro-foresterie B. L' Agriculture Holistique est faite des meilleurs \u00e9l\u00e9ments des syst\u00e8mes agricoles existants 1. Le Sol et la Microbiologie 2. L'environnement et l'eau 3.\u2026","rel":"","context":"Similar post","block_context":{"text":"Similar post","link":""},"img":{"alt_text":"","src":"","width":0,"height":0},"classes":[]},{"id":9477,"url":"https:\/\/centredebienetreholistique.com\/?page_id=9477","url_meta":{"origin":12448,"position":4},"title":"Attractions culturelles, historiques, arch\u00e9ologiques, scientifiques, th\u00e9rapeutiques, vinicoles, artistiques et  sportives (y compris &#8220;hiking and biking&#8221; adventures) de la R\u00e9gion","author":"centredebienetreholistique","date":"April 5, 2021","format":false,"excerpt":"Depuis le Centre M\u00e9diterran\u00e9en de la long\u00e9vit\u00e9 optimale, le s\u00e9journant peut partir \u00e0 la d\u00e9couverte des nombreux tr\u00e9sors touristiques et culturels du Roussillon, effectuer des belles balades et randonn\u00e9es soit sur le littoral , en plaine ou en montagne, traverser la fronti\u00e8re avec l'Espagne, \u00a0visiter par exemple Cadaqu\u00e8s, Figu\u00e9ras, les\u2026","rel":"","context":"Similar post","block_context":{"text":"Similar post","link":""},"img":{"alt_text":"","src":"","width":0,"height":0},"classes":[]},{"id":143,"url":"https:\/\/centredebienetreholistique.com\/?page_id=143","url_meta":{"origin":12448,"position":5},"title":"Coaching et Formation Pr\u00e9liminaire en canc\u00e9rologie holistique","author":"centredebienetreholistique","date":"December 24, 2014","format":false,"excerpt":"Introduction \"Nous ne pr\u00e9tendons pas r\u00e9soudre le probl\u00e8me du cancer \u00e0 100 pourcent, mais nous avons la conviction qu'il le serait au moins \u00e0 80 pourcent si les techniques pr\u00e9ventives et curatives \u00e9voqu\u00e9es dans les pages qui vont suivre \u00e9taient mises en oeuvre de mani\u00e8re usuelle\". Dr Joseph L\u00e9vy, \"Les\u2026","rel":"","context":"Similar post","block_context":{"text":"Similar post","link":""},"img":{"alt_text":"","src":"","width":0,"height":0},"classes":[]}],"_links":{"self":[{"href":"https:\/\/centredebienetreholistique.com\/index.php?rest_route=\/wp\/v2\/pages\/12448"}],"collection":[{"href":"https:\/\/centredebienetreholistique.com\/index.php?rest_route=\/wp\/v2\/pages"}],"about":[{"href":"https:\/\/centredebienetreholistique.com\/index.php?rest_route=\/wp\/v2\/types\/page"}],"author":[{"embeddable":true,"href":"https:\/\/centredebienetreholistique.com\/index.php?rest_route=\/wp\/v2\/users\/1"}],"replies":[{"embeddable":true,"href":"https:\/\/centredebienetreholistique.com\/index.php?rest_route=%2Fwp%2Fv2%2Fcomments&post=12448"}],"version-history":[{"count":1,"href":"https:\/\/centredebienetreholistique.com\/index.php?rest_route=\/wp\/v2\/pages\/12448\/revisions"}],"predecessor-version":[{"id":12451,"href":"https:\/\/centredebienetreholistique.com\/index.php?rest_route=\/wp\/v2\/pages\/12448\/revisions\/12451"}],"wp:attachment":[{"href":"https:\/\/centredebienetreholistique.com\/index.php?rest_route=%2Fwp%2Fv2%2Fmedia&parent=12448"}],"curies":[{"name":"wp","href":"https:\/\/api.w.org\/{rel}","templated":true}]}}