{"id":1204,"date":"2016-04-19T19:53:01","date_gmt":"2016-04-19T19:53:01","guid":{"rendered":"http:\/\/centredebienetreholistique.com\/?page_id=1204"},"modified":"2020-06-06T18:15:02","modified_gmt":"2020-06-06T18:15:02","slug":"psiram","status":"publish","type":"page","link":"https:\/\/centredebienetreholistique.com\/?page_id=1204","title":{"rendered":"Psi-ram"},"content":{"rendered":"","protected":true},"excerpt":{"rendered":"","protected":true},"author":1,"featured_media":0,"parent":0,"menu_order":0,"comment_status":"open","ping_status":"open","template":"full-width-page.php","meta":{"footnotes":""},"jetpack_sharing_enabled":true,"jetpack_shortlink":"https:\/\/wp.me\/P4FfFc-jq","jetpack_likes_enabled":true,"jetpack-related-posts":[{"id":480,"url":"https:\/\/centredebienetreholistique.com\/?page_id=480","url_meta":{"origin":1204,"position":0},"title":"Stage-Retraite: M\u00e9decine Holistique, M\u00e9decine R\u00e9g\u00e9n\u00e9rative et la Science de la Long\u00e9vit\u00e9 Optimale","author":"centredebienetreholistique","date":"June 2, 2015","format":false,"excerpt":"CONTENU Formation holistique (avec protocoles) concernant les grandes maladies chroniques,, le vieillissement acc\u00e9l\u00e9r\u00e9, la long\u00e9vit\u00e9 optimale, la m\u00e9decine r\u00e9g\u00e9n\u00e9rative, l'alimentation clinique, la m\u00e9decine orientale et de droit m\u00e9dical. ORIGINALIT\u00c9 L'originalit\u00e9 de cet enseignement repose sur une perspective holistique et innovante. Ce programme met l'accent sur les voies d'activation du potentiel\u2026","rel":"","context":"Similar post","block_context":{"text":"Similar post","link":""},"img":{"alt_text":"","src":"","width":0,"height":0},"classes":[]},{"id":4186,"url":"https:\/\/centredebienetreholistique.com\/?page_id=4186","url_meta":{"origin":1204,"position":1},"title":"Documentaires en mati\u00e8re d&#8217;Agriculture Biologique et \u00c9cologie","author":"centredebienetreholistique","date":"June 8, 2020","format":false,"excerpt":"\u00a0DOCUMENTAIRES FILMS PERTINENTS EN MATI\u00c8RE DE L'AGRICULTURE \u00c9COLOGIQUE, LE PREMIER FRONT \u00c0 TOUTE RESTORATION \u00a0DE LA SANT\u00c9 \u201cThe first duty of the agriculturalist must always be to understand that he is a part of Nature and cannot escape from his environment. He must therefore obey Nature's rules.\u201d \u00a0Albert Howard, The\u2026","rel":"","context":"With 2 comments","block_context":{"text":"With 2 comments","link":"https:\/\/centredebienetreholistique.com\/?page_id=4186#comments"},"img":{"alt_text":"","src":"https:\/\/i0.wp.com\/img.youtube.com\/vi\/nGZvog9-iRE\/0.jpg?resize=350%2C200","width":350,"height":200},"classes":[]},{"id":9470,"url":"https:\/\/centredebienetreholistique.com\/?page_id=9470","url_meta":{"origin":1204,"position":2},"title":"Les Services des S\u00e9jours de Long\u00e9vit\u00e9 Optimale","author":"centredebienetreholistique","date":"April 5, 2021","format":false,"excerpt":"Pour la formule B du s\u00e9jour long\u00e9vit\u00e9 1. Six heures de formation les deux premier jours du s\u00e9jour\u00a0en mati\u00e8re de long\u00e9vit\u00e9 optimale (ie, les m\u00e9canismes principaux de la s\u00e9nescence et du vieillissement pr\u00e9coce, techniques innovantes et holistiques en faveur de la r\u00e9paration ainsi que de la r\u00e9g\u00e9n\u00e9ration c\u00e9llulaire et options\u2026","rel":"","context":"Similar post","block_context":{"text":"Similar post","link":""},"img":{"alt_text":"","src":"","width":0,"height":0},"classes":[]},{"id":3523,"url":"https:\/\/centredebienetreholistique.com\/?page_id=3523","url_meta":{"origin":1204,"position":3},"title":"Equipe","author":"centredebienetreholistique","date":"May 20, 2020","format":false,"excerpt":"Pendant 8 ans, le Centre \u00e9tait ferm\u00e9. Revenu en France, le directeur-fondateur est en train de restorer l'\u00e9co-lieu et d'organsier une nouvelle \u00e9quipe ainsi que des \u00a0ateliers et stages de formation en m\u00e9decine holistique et dans la science de la biog\u00e9rontologie holistique. Nous sommes sp\u00e9cialis\u00e9s dans l'approche holistique de la\u2026","rel":"","context":"Similar post","block_context":{"text":"Similar post","link":""},"img":{"alt_text":"","src":"","width":0,"height":0},"classes":[]},{"id":814,"url":"https:\/\/centredebienetreholistique.com\/?page_id=814","url_meta":{"origin":1204,"position":4},"title":"Techniques Sant\u00e9 Tib\u00e9taines","author":"centredebienetreholistique","date":"June 13, 2015","format":false,"excerpt":"LA M\u00c9DECINE TIB\u00c9TAINES TRADITIONELLE La m\u00e9decine tib\u00e9taine traditionnelle est un syst\u00e8me m\u00e9dical vieux de plusieurs mill\u00e9naires qui comporte une m\u00e9thodologie complexe pour le diagnostique telle l'analyse des pouls, de l'urine, de la langue, du visage, des odeurs, des oncles entre autres. Le traitement se focalise sur la restoration de l'\u00e9nergie\u2026","rel":"","context":"Similar post","block_context":{"text":"Similar post","link":""},"img":{"alt_text":"","src":"https:\/\/i0.wp.com\/img.youtube.com\/vi\/OW7TH2U4hps\/0.jpg?resize=350%2C200","width":350,"height":200},"classes":[]},{"id":427,"url":"https:\/\/centredebienetreholistique.com\/?page_id=427","url_meta":{"origin":1204,"position":5},"title":"Remise en Forme via un programme de D\u00e9toxication et Revitalisation entre les Ateliers (ou sans)","author":"centredebienetreholistique","date":"May 25, 2015","format":false,"excerpt":"1. R\u00e9veil \u00e0 la lev\u00e9e du jour via musico-th\u00e9rapie: yoga, lait d\u2019argile, technique \u00ab eft \u00bb, m\u00e9ditation, exercices respiratoires et exercices physiques mod\u00e9r\u00e9s. 2. D\u00e9tox matinale : tisanes d\u00e9toxifiantes, jus d'herbe, \u00a0trampoline (pour le drainage lymphatique) et autres techniques. 3. S\u00e9ance d'aromath\u00e9rapie et chants tib\u00e9tains, gr\u00e9goriens et-ou classiques. 4. Smoothy\u2026","rel":"","context":"Similar post","block_context":{"text":"Similar post","link":""},"img":{"alt_text":"","src":"","width":0,"height":0},"classes":[]}],"_links":{"self":[{"href":"https:\/\/centredebienetreholistique.com\/index.php?rest_route=\/wp\/v2\/pages\/1204"}],"collection":[{"href":"https:\/\/centredebienetreholistique.com\/index.php?rest_route=\/wp\/v2\/pages"}],"about":[{"href":"https:\/\/centredebienetreholistique.com\/index.php?rest_route=\/wp\/v2\/types\/page"}],"author":[{"embeddable":true,"href":"https:\/\/centredebienetreholistique.com\/index.php?rest_route=\/wp\/v2\/users\/1"}],"replies":[{"embeddable":true,"href":"https:\/\/centredebienetreholistique.com\/index.php?rest_route=%2Fwp%2Fv2%2Fcomments&post=1204"}],"version-history":[{"count":3,"href":"https:\/\/centredebienetreholistique.com\/index.php?rest_route=\/wp\/v2\/pages\/1204\/revisions"}],"predecessor-version":[{"id":4073,"href":"https:\/\/centredebienetreholistique.com\/index.php?rest_route=\/wp\/v2\/pages\/1204\/revisions\/4073"}],"wp:attachment":[{"href":"https:\/\/centredebienetreholistique.com\/index.php?rest_route=%2Fwp%2Fv2%2Fmedia&parent=1204"}],"curies":[{"name":"wp","href":"https:\/\/api.w.org\/{rel}","templated":true}]}}