{"id":11566,"date":"2021-07-10T08:19:21","date_gmt":"2021-07-10T08:19:21","guid":{"rendered":"http:\/\/centredebienetreholistique.com\/?page_id=11566"},"modified":"2021-07-10T08:21:31","modified_gmt":"2021-07-10T08:21:31","slug":"la-cascade-complement","status":"publish","type":"page","link":"https:\/\/centredebienetreholistique.com\/?page_id=11566","title":{"rendered":"La Cascade &#8220;complement&#8221;"},"content":{"rendered":"","protected":true},"excerpt":{"rendered":"","protected":true},"author":1,"featured_media":0,"parent":0,"menu_order":0,"comment_status":"open","ping_status":"open","template":"","meta":{"footnotes":""},"jetpack_sharing_enabled":true,"jetpack_shortlink":"https:\/\/wp.me\/P4FfFc-30y","jetpack_likes_enabled":true,"jetpack-related-posts":[{"id":2938,"url":"https:\/\/centredebienetreholistique.com\/?page_id=2938","url_meta":{"origin":11566,"position":0},"title":"Chrono M\u00e9decine","author":"centredebienetreholistique","date":"February 7, 2020","format":false,"excerpt":"\u00a0 \u00a0 Core Concept: Emerging science of chronotherapy offers big opportunities to optimize drug delivery David Adam PNAS\u00a0October 29, 2019\u00a0116\u00a0(44)\u00a021957-21959;\u00a0https:\/\/doi.org\/10.1073\/pnas.1916118116 A growing number of biomedical researchers advocate a simple way to improve the effectiveness of medications: administer them based on what studies say is the ideal time. \u201cAlmost every drug\u2026","rel":"","context":"Similar post","block_context":{"text":"Similar post","link":""},"img":{"alt_text":"","src":"","width":0,"height":0},"classes":[]},{"id":3525,"url":"https:\/\/centredebienetreholistique.com\/?page_id=3525","url_meta":{"origin":11566,"position":1},"title":"COVID-19 et l&#8217;Holistique","author":"centredebienetreholistique","date":"May 20, 2020","format":false,"excerpt":"Alors que les mesures hygi\u00e9niques de bon sens ainsi que le \"social distancing\" seraient b\u00e9n\u00e9fique, en particulier la \"distancing\" de la pollution industrielle, de la tox\u00e9mie g\u00e9n\u00e9ralis\u00e9e, des exc\u00e8s de la m\u00e9decine allopathique, de l'\u00e9conomie ali\u00e9nante, du stress chronique, de la di\u00e9t\u00e9tique officielle d\u00e9ficiente, du syst\u00e8me \u00e9ducatif inadapt\u00e9, de la\u2026","rel":"","context":"Similar post","block_context":{"text":"Similar post","link":""},"img":{"alt_text":"","src":"","width":0,"height":0},"classes":[]},{"id":814,"url":"https:\/\/centredebienetreholistique.com\/?page_id=814","url_meta":{"origin":11566,"position":2},"title":"Techniques Sant\u00e9 Tib\u00e9taines","author":"centredebienetreholistique","date":"June 13, 2015","format":false,"excerpt":"LA M\u00c9DECINE TIB\u00c9TAINES TRADITIONELLE La m\u00e9decine tib\u00e9taine traditionnelle est un syst\u00e8me m\u00e9dical vieux de plusieurs mill\u00e9naires qui comporte une m\u00e9thodologie complexe pour le diagnostique telle l'analyse des pouls, de l'urine, de la langue, du visage, des odeurs, des oncles entre autres. Le traitement se focalise sur la restoration de l'\u00e9nergie\u2026","rel":"","context":"Similar post","block_context":{"text":"Similar post","link":""},"img":{"alt_text":"","src":"https:\/\/i0.wp.com\/img.youtube.com\/vi\/OW7TH2U4hps\/0.jpg?resize=350%2C200","width":350,"height":200},"classes":[]},{"id":434,"url":"https:\/\/centredebienetreholistique.com\/?page_id=434","url_meta":{"origin":11566,"position":3},"title":"Coaching 101 et Formation Approfondie en Canc\u00e9rologie g\u00e9n\u00e9rale, conventionnelle et alternative","author":"centredebienetreholistique","date":"May 25, 2015","format":false,"excerpt":"Introduction La recherche fondamentale en canc\u00e9rologie conventionnelle, (ie, internationalement \"oncologie\") et les immenses \u00a0efforts scientifiques internationaux (et les centaines de billions de dollars qui vont avec) depuis quelques d\u00e9cennies pour identifier et comprendre les causes et les \u00a0co-facteurs (m\u00e9canismes physiopathologiques) du d\u00e9veloppement du cancer (canc\u00e9rogen\u00e8se) ont \u00e9t\u00e9 en partie fructuese,\u2026","rel":"","context":"Similar post","block_context":{"text":"Similar post","link":""},"img":{"alt_text":"","src":"https:\/\/i0.wp.com\/img.youtube.com\/vi\/jgJKaP0Sj5U\/0.jpg?resize=350%2C200","width":350,"height":200},"classes":[]},{"id":10136,"url":"https:\/\/centredebienetreholistique.com\/?page_id=10136","url_meta":{"origin":11566,"position":4},"title":"Avertissements sur  les Risques d&#8217;utiliser ce Site et la M\u00e9decine Officielle","author":"centredebienetreholistique","date":"May 5, 2021","format":false,"excerpt":"Avertissement G\u00e9n\u00e9ral Le Centre M\u00e9diterran\u00e9en de Long\u00e9vit\u00e9 \u00a0est avant tout un centre de recherche, d'information, de s\u00e9jour, de stage, de coaching et de formation sur la Science de la Long\u00e9vit\u00e9, y compris trois des \u00e9l\u00e9ments constitutifs de cette science: la m\u00e9decine r\u00e9g\u00e9n\u00e9rative, la m\u00e9decine holistique et la m\u00e9decine traditionnelle chinoise.\u2026","rel":"","context":"Similar post","block_context":{"text":"Similar post","link":""},"img":{"alt_text":"","src":"https:\/\/i0.wp.com\/img.youtube.com\/vi\/rtNfzWAgz84\/0.jpg?resize=350%2C200","width":350,"height":200},"classes":[]}],"_links":{"self":[{"href":"https:\/\/centredebienetreholistique.com\/index.php?rest_route=\/wp\/v2\/pages\/11566"}],"collection":[{"href":"https:\/\/centredebienetreholistique.com\/index.php?rest_route=\/wp\/v2\/pages"}],"about":[{"href":"https:\/\/centredebienetreholistique.com\/index.php?rest_route=\/wp\/v2\/types\/page"}],"author":[{"embeddable":true,"href":"https:\/\/centredebienetreholistique.com\/index.php?rest_route=\/wp\/v2\/users\/1"}],"replies":[{"embeddable":true,"href":"https:\/\/centredebienetreholistique.com\/index.php?rest_route=%2Fwp%2Fv2%2Fcomments&post=11566"}],"version-history":[{"count":3,"href":"https:\/\/centredebienetreholistique.com\/index.php?rest_route=\/wp\/v2\/pages\/11566\/revisions"}],"predecessor-version":[{"id":11573,"href":"https:\/\/centredebienetreholistique.com\/index.php?rest_route=\/wp\/v2\/pages\/11566\/revisions\/11573"}],"wp:attachment":[{"href":"https:\/\/centredebienetreholistique.com\/index.php?rest_route=%2Fwp%2Fv2%2Fmedia&parent=11566"}],"curies":[{"name":"wp","href":"https:\/\/api.w.org\/{rel}","templated":true}]}}