{"id":11480,"date":"2021-07-07T13:59:28","date_gmt":"2021-07-07T13:59:28","guid":{"rendered":"http:\/\/centredebienetreholistique.com\/?page_id=11480"},"modified":"2021-07-07T17:54:54","modified_gmt":"2021-07-07T17:54:54","slug":"deux-origines-possible-de-la-covid-19-animaux-et-ou-laboratoire","status":"publish","type":"page","link":"https:\/\/centredebienetreholistique.com\/?page_id=11480","title":{"rendered":"Deux Origines Possibles de la COVID 19: animaux et-ou laboratoire g\u00e9n\u00e9tique"},"content":{"rendered":"","protected":true},"excerpt":{"rendered":"","protected":true},"author":1,"featured_media":0,"parent":0,"menu_order":0,"comment_status":"open","ping_status":"open","template":"","meta":{"footnotes":""},"jetpack_sharing_enabled":true,"jetpack_shortlink":"https:\/\/wp.me\/P4FfFc-2Za","jetpack_likes_enabled":true,"jetpack-related-posts":[{"id":9063,"url":"https:\/\/centredebienetreholistique.com\/?page_id=9063","url_meta":{"origin":11480,"position":0},"title":"L&#8217;Analyse et &#8220;Tips&#8221; Covid 19 du Centre M\u00e9diterran\u00e9en Holistique","author":"centredebienetreholistique","date":"February 28, 2021","format":false,"excerpt":"L'analyse COVID du CMH examinera quelques limites et bienfaits de la Politique sanitaire COVID du Gouvernement (Partie A), puis enchainera sur la n\u00e9cessit\u00e9 de mettre en oeuvre une strat\u00e9gie anti-Covid holistique de la sant\u00e9 publique, fond\u00e9e sur plusieurs \"anti-covid tips\" (conseils). (Partie B). Avant d'entamer une conclusion de nos travaux\u2026","rel":"","context":"Similar post","block_context":{"text":"Similar post","link":""},"img":{"alt_text":"","src":"","width":0,"height":0},"classes":[]},{"id":3525,"url":"https:\/\/centredebienetreholistique.com\/?page_id=3525","url_meta":{"origin":11480,"position":1},"title":"COVID-19 et l&#8217;Holistique","author":"centredebienetreholistique","date":"May 20, 2020","format":false,"excerpt":"Alors que les mesures hygi\u00e9niques de bon sens ainsi que le \"social distancing\" seraient b\u00e9n\u00e9fique, en particulier la \"distancing\" de la pollution industrielle, de la tox\u00e9mie g\u00e9n\u00e9ralis\u00e9e, des exc\u00e8s de la m\u00e9decine allopathique, de l'\u00e9conomie ali\u00e9nante, du stress chronique, de la di\u00e9t\u00e9tique officielle d\u00e9ficiente, du syst\u00e8me \u00e9ducatif inadapt\u00e9, de la\u2026","rel":"","context":"Similar post","block_context":{"text":"Similar post","link":""},"img":{"alt_text":"","src":"","width":0,"height":0},"classes":[]},{"id":789,"url":"https:\/\/centredebienetreholistique.com\/?page_id=789","url_meta":{"origin":11480,"position":2},"title":"Type de Menu Holistique","author":"centredebienetreholistique","date":"June 11, 2015","format":false,"excerpt":"MENU DETOX-IMMUNO BOOST DU CENTRE PYR\u00c9N\u00c9EN HOLISTIQUE (HORS STAGE) \u00a0COURANT MATIN\u00c9E Elixir de lait d\u2019amande mix\u00e9 aux dattes d\u2019Arabie et arros\u00e9 d\u2019une liqueur du Su\u00e9dois (\u00e0 base de 59 composants de plantes sauvages vivifiantes). DEJEUNER DETOX-IMMUNO-FORTIFIANT Fruits diur\u00e9tiques. L\u2019int\u00e9r\u00eat d\u2019ing\u00e9rer des fruits avant le repas tient au fait que le\u2026","rel":"","context":"Similar post","block_context":{"text":"Similar post","link":""},"img":{"alt_text":"","src":"","width":0,"height":0},"classes":[]},{"id":10136,"url":"https:\/\/centredebienetreholistique.com\/?page_id=10136","url_meta":{"origin":11480,"position":3},"title":"Avertissements sur  les Risques d&#8217;utiliser ce Site et la M\u00e9decine Officielle","author":"centredebienetreholistique","date":"May 5, 2021","format":false,"excerpt":"Avertissement G\u00e9n\u00e9ral Le Centre M\u00e9diterran\u00e9en de Long\u00e9vit\u00e9 \u00a0est avant tout un centre de recherche, d'information, de s\u00e9jour, de stage, de coaching et de formation sur la Science de la Long\u00e9vit\u00e9, y compris trois des \u00e9l\u00e9ments constitutifs de cette science: la m\u00e9decine r\u00e9g\u00e9n\u00e9rative, la m\u00e9decine holistique et la m\u00e9decine traditionnelle chinoise.\u2026","rel":"","context":"Similar post","block_context":{"text":"Similar post","link":""},"img":{"alt_text":"","src":"https:\/\/i0.wp.com\/img.youtube.com\/vi\/rtNfzWAgz84\/0.jpg?resize=350%2C200","width":350,"height":200},"classes":[]},{"id":662,"url":"https:\/\/centredebienetreholistique.com\/?page_id=662","url_meta":{"origin":11480,"position":4},"title":"Colloque du Centre Holistique: &#8220;Cancer, Droit M\u00e9dical et Libert\u00e9 Th\u00e9rapeutique&#8221;","author":"centredebienetreholistique","date":"June 5, 2015","format":false,"excerpt":"CONGR\u00c8S SUR LES\u00a0TH\u00c9RAPIES ALTERNATIVES ET COMPL\u00c9MENTAIRES CONCERNANT LE CANCER, LE DROIT M\u00c9DICAL ET LES LIBERT\u00c9S TH\u00c9RAPEUTIQUE \u00a0LE 17 & 18 AVRIL 2004 Vis m\u00e9dicatrix naturae Prieur\u00e9 de Marcevol 66320 Arboussols (pr\u00e8s de Vinca dans un site grandiose, idyllique, en pleine montagne des Pyr\u00e9n\u00e9es orientales). Route\u00a0: RN 116, (direction Prades). A\u2026","rel":"","context":"Similar post","block_context":{"text":"Similar post","link":""},"img":{"alt_text":"","src":"","width":0,"height":0},"classes":[]},{"id":644,"url":"https:\/\/centredebienetreholistique.com\/?page_id=644","url_meta":{"origin":11480,"position":5},"title":"R\u00e9sultats escompt\u00e9s de nos Services","author":"centredebienetreholistique","date":"June 4, 2015","format":false,"excerpt":"Apr\u00e8s 10 \u00e0 21 jours de retraite long\u00e9vit\u00e9 accomplis avec assiduit\u00e9 et diligence,\u00a0les stagiaires pourront via examens m\u00e9dicaux constater que la grande majorit\u00e9 des marqueurs physiologiques importants seront am\u00e9lior\u00e9s de fa\u00e7on significative, y compris la longueur de leur t\u00e9lom\u00e9res et l'enzyme t\u00e9lom\u00e9rase y aff\u00e9rent, indicateurs que l'un des quatorze \"pathways\"\u2026","rel":"","context":"Similar post","block_context":{"text":"Similar post","link":""},"img":{"alt_text":"","src":"","width":0,"height":0},"classes":[]}],"_links":{"self":[{"href":"https:\/\/centredebienetreholistique.com\/index.php?rest_route=\/wp\/v2\/pages\/11480"}],"collection":[{"href":"https:\/\/centredebienetreholistique.com\/index.php?rest_route=\/wp\/v2\/pages"}],"about":[{"href":"https:\/\/centredebienetreholistique.com\/index.php?rest_route=\/wp\/v2\/types\/page"}],"author":[{"embeddable":true,"href":"https:\/\/centredebienetreholistique.com\/index.php?rest_route=\/wp\/v2\/users\/1"}],"replies":[{"embeddable":true,"href":"https:\/\/centredebienetreholistique.com\/index.php?rest_route=%2Fwp%2Fv2%2Fcomments&post=11480"}],"version-history":[{"count":4,"href":"https:\/\/centredebienetreholistique.com\/index.php?rest_route=\/wp\/v2\/pages\/11480\/revisions"}],"predecessor-version":[{"id":11485,"href":"https:\/\/centredebienetreholistique.com\/index.php?rest_route=\/wp\/v2\/pages\/11480\/revisions\/11485"}],"wp:attachment":[{"href":"https:\/\/centredebienetreholistique.com\/index.php?rest_route=%2Fwp%2Fv2%2Fmedia&parent=11480"}],"curies":[{"name":"wp","href":"https:\/\/api.w.org\/{rel}","templated":true}]}}