{"id":1130,"date":"2016-03-29T02:23:11","date_gmt":"2016-03-29T02:23:11","guid":{"rendered":"http:\/\/centredebienetreholistique.com\/?page_id=1130"},"modified":"2024-08-15T19:02:21","modified_gmt":"2024-08-15T19:02:21","slug":"atelier-yoga-tai-shi-et-chi-gong","status":"publish","type":"page","link":"https:\/\/centredebienetreholistique.com\/?page_id=1130","title":{"rendered":"Tai-chi, Qi-Gong, Yoga et Pranayama pour d\u00e9butants"},"content":{"rendered":"","protected":true},"excerpt":{"rendered":"","protected":true},"author":1,"featured_media":0,"parent":0,"menu_order":0,"comment_status":"open","ping_status":"open","template":"","meta":{"footnotes":""},"jetpack_sharing_enabled":true,"jetpack_shortlink":"https:\/\/wp.me\/P4FfFc-ie","jetpack_likes_enabled":true,"jetpack-related-posts":[{"id":4186,"url":"https:\/\/centredebienetreholistique.com\/?page_id=4186","url_meta":{"origin":1130,"position":0},"title":"Documentaires en mati\u00e8re d&#8217;Agriculture Biologique et \u00c9cologie","author":"centredebienetreholistique","date":"June 8, 2020","format":false,"excerpt":"\u00a0DOCUMENTAIRES FILMS PERTINENTS EN MATI\u00c8RE DE L'AGRICULTURE \u00c9COLOGIQUE, LE PREMIER FRONT \u00c0 TOUTE RESTORATION \u00a0DE LA SANT\u00c9 \u201cThe first duty of the agriculturalist must always be to understand that he is a part of Nature and cannot escape from his environment. He must therefore obey Nature's rules.\u201d \u00a0Albert Howard, The\u2026","rel":"","context":"Similar post","block_context":{"text":"Similar post","link":""},"img":{"alt_text":"","src":"https:\/\/i0.wp.com\/img.youtube.com\/vi\/nGZvog9-iRE\/0.jpg?resize=350%2C200","width":350,"height":200},"classes":[]},{"id":4002,"url":"https:\/\/centredebienetreholistique.com\/?page_id=4002","url_meta":{"origin":1130,"position":1},"title":"S\u00e9jours de Long\u00e9vit\u00e9 Optimale en pleine Montagne Catalane des Pyr\u00e9n\u00e9es Orientales (Optimal Healing &#038; Longevity Retreat)","author":"centredebienetreholistique","date":"June 4, 2020","format":false,"excerpt":"Des vacances de sant\u00e9-long\u00e9vit\u00e9 en pleine montagne, organis\u00e9s par \u00a0coachsupercentenaire@gmail.com (Click on the bottom right for language translation) \"Un c\u0153ur joyeux est un bon rem\u00e8de, mais un esprit abattu dess\u00e8che les os.\"\u00a0(Verset 22 de Proverbes 17) Situ\u00e9 dans la vall\u00e9e du Vallespir, au coeur des Pyr\u00e9n\u00e9es-Orientales et de la M\u00e9diterran\u00e9e\u2026","rel":"","context":"Similar post","block_context":{"text":"Similar post","link":""},"img":{"alt_text":"","src":"https:\/\/i0.wp.com\/centredebienetreholistique.com\/wp-content\/uploads\/2014\/12\/jushousetwo.jpg?resize=350%2C200","width":350,"height":200},"classes":[]},{"id":330,"url":"https:\/\/centredebienetreholistique.com\/?page_id=330","url_meta":{"origin":1130,"position":2},"title":"Vid\u00e9o de pr\u00e9sentation des ateliers du Centre M\u00e9diterran\u00e9en de Bien-\u00catre Holistique","author":"centredebienetreholistique","date":"March 31, 2015","format":false,"excerpt":"https:\/\/www.youtube.com\/watch?v=r-Z-XVcxteA#t=20 \u00a0","rel":"","context":"Similar post","block_context":{"text":"Similar post","link":""},"img":{"alt_text":"","src":"https:\/\/i0.wp.com\/img.youtube.com\/vi\/r-Z-XVcxteA\/0.jpg?resize=350%2C200","width":350,"height":200},"classes":[]},{"id":988,"url":"https:\/\/centredebienetreholistique.com\/?page_id=988","url_meta":{"origin":1130,"position":3},"title":"Vid\u00e9o sur la m\u00e9decine holistique, version allemande.","author":"centredebienetreholistique","date":"November 5, 2015","format":false,"excerpt":"\u00a0 https:\/\/www.youtube.com\/watch?v=7kAucOc55h4","rel":"","context":"Similar post","block_context":{"text":"Similar post","link":""},"img":{"alt_text":"","src":"https:\/\/i0.wp.com\/img.youtube.com\/vi\/7kAucOc55h4\/0.jpg?resize=350%2C200","width":350,"height":200},"classes":[]},{"id":488,"url":"https:\/\/centredebienetreholistique.com\/?page_id=488","url_meta":{"origin":1130,"position":4},"title":"Vid\u00e9os en Canc\u00e9rologie Innovante","author":"centredebienetreholistique","date":"June 2, 2015","format":false,"excerpt":"BANDE-ANNONCE (Trailer) DU FILM-DOCUMENTAIRE \"Holistic Oncology Movie\" (HOM) https:\/\/vimeo.com\/81067766 INTERVIEW DU DR NICHOLAS GONZALEZ, CANC\u00c9ROLOGUE https:\/\/vimeo.com\/80077162 INTERVIEW DE JOHN THORP, EXPERT EN ELECTRO-MEDICINE https:\/\/vimeo.com\/94779359 INTERVIEW DE CHARLOTTE GERSON, EXPERTE EN CANC\u00c9ROLOGIE HOLISTIQUE https:\/\/vimeo.com\/80730828 INTERVIEW DU DR ROSS, EXPERT EN M\u00c9DECINE INT\u00c9GRATIVE https:\/\/vimeo.com\/82658527 INTERVIEW DU DR SANDRA ROSE MICHAEL, EXPERTE EN\u2026","rel":"","context":"Similar post","block_context":{"text":"Similar post","link":""},"img":{"alt_text":"","src":"","width":0,"height":0},"classes":[]},{"id":814,"url":"https:\/\/centredebienetreholistique.com\/?page_id=814","url_meta":{"origin":1130,"position":5},"title":"Techniques Sant\u00e9 Tib\u00e9taines","author":"centredebienetreholistique","date":"June 13, 2015","format":false,"excerpt":"LA M\u00c9DECINE TIB\u00c9TAINES TRADITIONELLE La m\u00e9decine tib\u00e9taine traditionnelle est un syst\u00e8me m\u00e9dical vieux de plusieurs mill\u00e9naires qui comporte une m\u00e9thodologie complexe pour le diagnostique telle l'analyse des pouls, de l'urine, de la langue, du visage, des odeurs, des oncles entre autres. Le traitement se focalise sur la restoration de l'\u00e9nergie\u2026","rel":"","context":"Similar post","block_context":{"text":"Similar post","link":""},"img":{"alt_text":"","src":"https:\/\/i0.wp.com\/img.youtube.com\/vi\/OW7TH2U4hps\/0.jpg?resize=350%2C200","width":350,"height":200},"classes":[]}],"_links":{"self":[{"href":"https:\/\/centredebienetreholistique.com\/index.php?rest_route=\/wp\/v2\/pages\/1130"}],"collection":[{"href":"https:\/\/centredebienetreholistique.com\/index.php?rest_route=\/wp\/v2\/pages"}],"about":[{"href":"https:\/\/centredebienetreholistique.com\/index.php?rest_route=\/wp\/v2\/types\/page"}],"author":[{"embeddable":true,"href":"https:\/\/centredebienetreholistique.com\/index.php?rest_route=\/wp\/v2\/users\/1"}],"replies":[{"embeddable":true,"href":"https:\/\/centredebienetreholistique.com\/index.php?rest_route=%2Fwp%2Fv2%2Fcomments&post=1130"}],"version-history":[{"count":18,"href":"https:\/\/centredebienetreholistique.com\/index.php?rest_route=\/wp\/v2\/pages\/1130\/revisions"}],"predecessor-version":[{"id":14395,"href":"https:\/\/centredebienetreholistique.com\/index.php?rest_route=\/wp\/v2\/pages\/1130\/revisions\/14395"}],"wp:attachment":[{"href":"https:\/\/centredebienetreholistique.com\/index.php?rest_route=%2Fwp%2Fv2%2Fmedia&parent=1130"}],"curies":[{"name":"wp","href":"https:\/\/api.w.org\/{rel}","templated":true}]}}