{"id":11266,"date":"2021-06-26T16:59:31","date_gmt":"2021-06-26T16:59:31","guid":{"rendered":"http:\/\/centredebienetreholistique.com\/?page_id=11266"},"modified":"2021-06-26T16:59:31","modified_gmt":"2021-06-26T16:59:31","slug":"bienfaits-de-la-fraise","status":"publish","type":"page","link":"https:\/\/centredebienetreholistique.com\/?page_id=11266","title":{"rendered":"Bienfaits de la Fraise"},"content":{"rendered":"","protected":true},"excerpt":{"rendered":"","protected":true},"author":1,"featured_media":0,"parent":0,"menu_order":0,"comment_status":"open","ping_status":"open","template":"","meta":{"footnotes":""},"jetpack_sharing_enabled":true,"jetpack_shortlink":"https:\/\/wp.me\/P4FfFc-2VI","jetpack_likes_enabled":true,"jetpack-related-posts":[{"id":4228,"url":"https:\/\/centredebienetreholistique.com\/?page_id=4228","url_meta":{"origin":11266,"position":0},"title":"La Science du Chocolat","author":"centredebienetreholistique","date":"June 9, 2020","format":false,"excerpt":"Ci-APR\u00c8S, QUELQUES ELEMENTS DE R\u00c9F\u00c9RENCES SUR LES BIENS-FAITS DU CACAO Cardiac risk factors and prevention.\u00a0Habitual chocolate consumption and risk of cardiovascular disease among healthy men and women (Heart: 10.1136) Abstract Objective To examine the association between chocolate intake and the risk of future cardiovascular events. Methods We conducted a prospective\u2026","rel":"","context":"Similar post","block_context":{"text":"Similar post","link":""},"img":{"alt_text":"","src":"","width":0,"height":0},"classes":[]},{"id":789,"url":"https:\/\/centredebienetreholistique.com\/?page_id=789","url_meta":{"origin":11266,"position":1},"title":"Type de Menu Holistique","author":"centredebienetreholistique","date":"June 11, 2015","format":false,"excerpt":"MENU DETOX-IMMUNO BOOST DU CENTRE PYR\u00c9N\u00c9EN HOLISTIQUE (HORS STAGE) \u00a0COURANT MATIN\u00c9E Elixir de lait d\u2019amande mix\u00e9 aux dattes d\u2019Arabie et arros\u00e9 d\u2019une liqueur du Su\u00e9dois (\u00e0 base de 59 composants de plantes sauvages vivifiantes). DEJEUNER DETOX-IMMUNO-FORTIFIANT Fruits diur\u00e9tiques. L\u2019int\u00e9r\u00eat d\u2019ing\u00e9rer des fruits avant le repas tient au fait que le\u2026","rel":"","context":"Similar post","block_context":{"text":"Similar post","link":""},"img":{"alt_text":"","src":"","width":0,"height":0},"classes":[]},{"id":4177,"url":"https:\/\/centredebienetreholistique.com\/?page_id=4177","url_meta":{"origin":11266,"position":2},"title":"Formation en agriculture holistique et r\u00e9g\u00e9n\u00e9rative","author":"centredebienetreholistique","date":"June 8, 2020","format":false,"excerpt":"Le Programme Introduction A. Typologie des modes agricoles 1. Agriculture traditionnelle 2. Agriculture de l'Etat (moderne) 3. Agriculture biologique 4. Agriculture bio-dynamique 5. Permaculture 6. Agro-foresterie B. L' Agriculture Holistique est faite des meilleurs \u00e9l\u00e9ments des syst\u00e8mes agricoles existants 1. Le Sol et la Microbiologie 2. L'environnement et l'eau 3.\u2026","rel":"","context":"Similar post","block_context":{"text":"Similar post","link":""},"img":{"alt_text":"","src":"","width":0,"height":0},"classes":[]},{"id":9063,"url":"https:\/\/centredebienetreholistique.com\/?page_id=9063","url_meta":{"origin":11266,"position":3},"title":"L&#8217;Analyse et &#8220;Tips&#8221; Covid 19 du Centre M\u00e9diterran\u00e9en Holistique","author":"centredebienetreholistique","date":"February 28, 2021","format":false,"excerpt":"L'analyse COVID du CMH examinera quelques limites et bienfaits de la Politique sanitaire COVID du Gouvernement (Partie A), puis enchainera sur la n\u00e9cessit\u00e9 de mettre en oeuvre une strat\u00e9gie anti-Covid holistique de la sant\u00e9 publique, fond\u00e9e sur plusieurs \"anti-covid tips\" (conseils). (Partie B). Avant d'entamer une conclusion de nos travaux\u2026","rel":"","context":"Similar post","block_context":{"text":"Similar post","link":""},"img":{"alt_text":"","src":"","width":0,"height":0},"classes":[]},{"id":160,"url":"https:\/\/centredebienetreholistique.com\/?page_id=160","url_meta":{"origin":11266,"position":4},"title":"Agriculture bio du Centre Holistique certifi\u00e9e par ECOCERT","author":"centredebienetreholistique","date":"December 24, 2014","format":false,"excerpt":"LA MINI FERME DE SANT\u00c9 (HEALTH FARM) DU CENTRE M\u00c9DITERRAN\u00c9EN DE BIEN-ETRE HOLISTIQUE Certifi\u00e9e \"biologique\" par ECOCERT pour les petits fruits, l\u00e9gumes, les champignons ainsi que pour nos truffes de chocolat AGRICULTURE SOUTENABLE En temps normal, le Centre Holistique est muni d'une structure agricole et \u00a0paysanne, certifi\u00e9e par Ecocert, gra\u00e7e\u2026","rel":"","context":"Similar post","block_context":{"text":"Similar post","link":""},"img":{"alt_text":"Screen Shot 2017-08-11 at 10.08.01 AM","src":"https:\/\/i0.wp.com\/centredebienetreholistique.com\/wp-content\/uploads\/2014\/12\/Screen-Shot-2017-08-11-at-10.08.01-AM-300x217.png?resize=350%2C200","width":350,"height":200},"classes":[]},{"id":732,"url":"https:\/\/centredebienetreholistique.com\/?page_id=732","url_meta":{"origin":11266,"position":5},"title":"Agriculture r\u00e9g\u00e9n\u00e9rative en montagne m\u00e9diterran\u00e9enne","author":"centredebienetreholistique","date":"June 7, 2015","format":false,"excerpt":"\u00a0 \u00a0 \u00a0 \u00a0 \u00a0 \u00a0 \u00a0 \u00a0 \u00a0 \u00a0 \u00a0 \u00a0 \u00a0 \u00a0 \u00a0 \u00a0 \u00a0 \u00a0 \u00a0 \u00a0 \u00a0 \u00a0 \u00a0 \u00a0 \u00a0 LABOURAGE DE L'HIVER EN MONTAGNE Mulching de nos fraisiers Vari\u00e9t\u00e9s \"cihos\u00e9\", \"mara des bois\", \"cyrano\" et autres qui poussent \u00a0en synergie avec des poirreaux, les\u2026","rel":"","context":"Similar post","block_context":{"text":"Similar post","link":""},"img":{"alt_text":"Screen Shot 2017-08-11 at 10.08.01 AM","src":"https:\/\/i0.wp.com\/centredebienetreholistique.com\/wp-content\/uploads\/2014\/12\/Screen-Shot-2017-08-11-at-10.08.01-AM-300x217.png?resize=350%2C200","width":350,"height":200},"classes":[]}],"_links":{"self":[{"href":"https:\/\/centredebienetreholistique.com\/index.php?rest_route=\/wp\/v2\/pages\/11266"}],"collection":[{"href":"https:\/\/centredebienetreholistique.com\/index.php?rest_route=\/wp\/v2\/pages"}],"about":[{"href":"https:\/\/centredebienetreholistique.com\/index.php?rest_route=\/wp\/v2\/types\/page"}],"author":[{"embeddable":true,"href":"https:\/\/centredebienetreholistique.com\/index.php?rest_route=\/wp\/v2\/users\/1"}],"replies":[{"embeddable":true,"href":"https:\/\/centredebienetreholistique.com\/index.php?rest_route=%2Fwp%2Fv2%2Fcomments&post=11266"}],"version-history":[{"count":1,"href":"https:\/\/centredebienetreholistique.com\/index.php?rest_route=\/wp\/v2\/pages\/11266\/revisions"}],"predecessor-version":[{"id":11268,"href":"https:\/\/centredebienetreholistique.com\/index.php?rest_route=\/wp\/v2\/pages\/11266\/revisions\/11268"}],"wp:attachment":[{"href":"https:\/\/centredebienetreholistique.com\/index.php?rest_route=%2Fwp%2Fv2%2Fmedia&parent=11266"}],"curies":[{"name":"wp","href":"https:\/\/api.w.org\/{rel}","templated":true}]}}