{"id":11031,"date":"2021-06-01T22:47:38","date_gmt":"2021-06-01T22:47:38","guid":{"rendered":"http:\/\/centredebienetreholistique.com\/?page_id=11031"},"modified":"2021-06-01T22:47:38","modified_gmt":"2021-06-01T22:47:38","slug":"principes-de-la-mecanique-quantique","status":"publish","type":"page","link":"https:\/\/centredebienetreholistique.com\/?page_id=11031","title":{"rendered":"Principes de la m\u00e9canique quantique"},"content":{"rendered":"","protected":true},"excerpt":{"rendered":"","protected":true},"author":1,"featured_media":0,"parent":0,"menu_order":0,"comment_status":"open","ping_status":"open","template":"","meta":{"footnotes":""},"jetpack_sharing_enabled":true,"jetpack_shortlink":"https:\/\/wp.me\/P4FfFc-2RV","jetpack_likes_enabled":true,"jetpack-related-posts":[{"id":644,"url":"https:\/\/centredebienetreholistique.com\/?page_id=644","url_meta":{"origin":11031,"position":0},"title":"R\u00e9sultats escompt\u00e9s de nos Services","author":"centredebienetreholistique","date":"June 4, 2015","format":false,"excerpt":"Apr\u00e8s 10 \u00e0 21 jours de retraite long\u00e9vit\u00e9 accomplis avec assiduit\u00e9 et diligence,\u00a0les stagiaires pourront via examens m\u00e9dicaux constater que la grande majorit\u00e9 des marqueurs physiologiques importants seront am\u00e9lior\u00e9s de fa\u00e7on significative, y compris la longueur de leur t\u00e9lom\u00e9res et l'enzyme t\u00e9lom\u00e9rase y aff\u00e9rent, indicateurs que l'un des quatorze \"pathways\"\u2026","rel":"","context":"Similar post","block_context":{"text":"Similar post","link":""},"img":{"alt_text":"","src":"","width":0,"height":0},"classes":[]},{"id":11162,"url":"https:\/\/centredebienetreholistique.com\/?page_id=11162","url_meta":{"origin":11031,"position":1},"title":"La m\u00e9decine R\u00e9g\u00e9n\u00e9rative est au centre de la Nouvelle M\u00e9decine Holistique","author":"centredebienetreholistique","date":"June 21, 2021","format":false,"excerpt":"Dans le cadre de la long\u00e9vit\u00e9 optimale voire du rajeunissement, nous avons la m\u00e9decine r\u00e9g\u00e9n\u00e9rative, qui est une nouvelle discipline m\u00e9dicale qui est enseign\u00e9e dans les facult\u00e9s de m\u00e9decine progressistes, surtout aux Etats-Unis. Vu son int\u00e9r\u00eat, qui ne peut que grandir avec le temps, comme la m\u00e9decine quantique, la m\u00e9decine\u2026","rel":"","context":"Similar post","block_context":{"text":"Similar post","link":""},"img":{"alt_text":"","src":"","width":0,"height":0},"classes":[]},{"id":662,"url":"https:\/\/centredebienetreholistique.com\/?page_id=662","url_meta":{"origin":11031,"position":2},"title":"Colloque du Centre Holistique: &#8220;Cancer, Droit M\u00e9dical et Libert\u00e9 Th\u00e9rapeutique&#8221;","author":"centredebienetreholistique","date":"June 5, 2015","format":false,"excerpt":"CONGR\u00c8S SUR LES\u00a0TH\u00c9RAPIES ALTERNATIVES ET COMPL\u00c9MENTAIRES CONCERNANT LE CANCER, LE DROIT M\u00c9DICAL ET LES LIBERT\u00c9S TH\u00c9RAPEUTIQUE \u00a0LE 17 & 18 AVRIL 2004 Vis m\u00e9dicatrix naturae Prieur\u00e9 de Marcevol 66320 Arboussols (pr\u00e8s de Vinca dans un site grandiose, idyllique, en pleine montagne des Pyr\u00e9n\u00e9es orientales). Route\u00a0: RN 116, (direction Prades). A\u2026","rel":"","context":"Similar post","block_context":{"text":"Similar post","link":""},"img":{"alt_text":"","src":"","width":0,"height":0},"classes":[]},{"id":11612,"url":"https:\/\/centredebienetreholistique.com\/?page_id=11612","url_meta":{"origin":11031,"position":3},"title":"Responsabilit\u00e9 civile serait engag\u00e9e contre tout forcing m\u00e9dical vaccination Covid","author":"centredebienetreholistique","date":"July 14, 2021","format":false,"excerpt":"En d\u00e9pit du fait qu'il y ait plein d'autres mani\u00e8res de stopper la pand\u00e9mie Covid, y compris avec l'ivermectin et une forte dose de vitamine D, le forcing vaccinal du Gouvernement viole les principes fondamentaux en mati\u00e8re de l'int\u00e9grit\u00e9 physique et du consentement \u00e9clair\u00e9e. En outre, nous avons \u00e0 faire\u2026","rel":"","context":"Similar post","block_context":{"text":"Similar post","link":""},"img":{"alt_text":"","src":"https:\/\/i0.wp.com\/centredebienetreholistique.com\/wp-content\/uploads\/2015\/06\/Screen-Shot-2015-06-10-at-10.06.32-PM-300x271.png?resize=350%2C200","width":350,"height":200},"classes":[]},{"id":10136,"url":"https:\/\/centredebienetreholistique.com\/?page_id=10136","url_meta":{"origin":11031,"position":4},"title":"Avertissements sur  les Risques d&#8217;utiliser ce Site et la M\u00e9decine Officielle","author":"centredebienetreholistique","date":"May 5, 2021","format":false,"excerpt":"Avertissement G\u00e9n\u00e9ral Le Centre M\u00e9diterran\u00e9en de Long\u00e9vit\u00e9 \u00a0est avant tout un centre de recherche, d'information, de s\u00e9jour, de stage, de coaching et de formation sur la Science de la Long\u00e9vit\u00e9, y compris trois des \u00e9l\u00e9ments constitutifs de cette science: la m\u00e9decine r\u00e9g\u00e9n\u00e9rative, la m\u00e9decine holistique et la m\u00e9decine traditionnelle chinoise.\u2026","rel":"","context":"Similar post","block_context":{"text":"Similar post","link":""},"img":{"alt_text":"","src":"https:\/\/i0.wp.com\/img.youtube.com\/vi\/rtNfzWAgz84\/0.jpg?resize=350%2C200","width":350,"height":200},"classes":[]},{"id":210,"url":"https:\/\/centredebienetreholistique.com\/?page_id=210","url_meta":{"origin":11031,"position":5},"title":"Recherches sur le Mal-etre et le Bien-\u00catre","author":"centredebienetreholistique","date":"February 9, 2015","format":false,"excerpt":"\u00a0 A. \u00a0POUR LA RECHERCHE VIA NOS BLOGS, VOIR LA COLONNE \u00c0 DROITE. B. POUR LA RECHERCHE EN MATI\u00c8RE DE CANC\u00c9ROLOGIE G\u00c9N\u00c9RALE ET HOLISTIQUE, VOIR NOS RAPPORTS\/PROTOCOLES ET LES TRAVAUX DE L'INSTITUT ACR LA\u00a0RECHERCHE AVANC\u00c9E EN CANC\u00c9ROLOGIE\u00a0(riche en\u00a0perc\u00e9es scientifiques) C. POUR LA RECHERCHE EN LONG\u00c9VIT\u00c9 OPTIMALE Cliquez ici pour le\u2026","rel":"","context":"Similar post","block_context":{"text":"Similar post","link":""},"img":{"alt_text":"","src":"","width":0,"height":0},"classes":[]}],"_links":{"self":[{"href":"https:\/\/centredebienetreholistique.com\/index.php?rest_route=\/wp\/v2\/pages\/11031"}],"collection":[{"href":"https:\/\/centredebienetreholistique.com\/index.php?rest_route=\/wp\/v2\/pages"}],"about":[{"href":"https:\/\/centredebienetreholistique.com\/index.php?rest_route=\/wp\/v2\/types\/page"}],"author":[{"embeddable":true,"href":"https:\/\/centredebienetreholistique.com\/index.php?rest_route=\/wp\/v2\/users\/1"}],"replies":[{"embeddable":true,"href":"https:\/\/centredebienetreholistique.com\/index.php?rest_route=%2Fwp%2Fv2%2Fcomments&post=11031"}],"version-history":[{"count":1,"href":"https:\/\/centredebienetreholistique.com\/index.php?rest_route=\/wp\/v2\/pages\/11031\/revisions"}],"predecessor-version":[{"id":11033,"href":"https:\/\/centredebienetreholistique.com\/index.php?rest_route=\/wp\/v2\/pages\/11031\/revisions\/11033"}],"wp:attachment":[{"href":"https:\/\/centredebienetreholistique.com\/index.php?rest_route=%2Fwp%2Fv2%2Fmedia&parent=11031"}],"curies":[{"name":"wp","href":"https:\/\/api.w.org\/{rel}","templated":true}]}}