{"id":10966,"date":"2021-05-26T09:07:10","date_gmt":"2021-05-26T09:07:10","guid":{"rendered":"http:\/\/centredebienetreholistique.com\/?page_id=10966"},"modified":"2021-05-26T09:07:10","modified_gmt":"2021-05-26T09:07:10","slug":"chronobiology-from-jet-lag-hacks-to-peripheral-clock-metabolic-regulation","status":"publish","type":"page","link":"https:\/\/centredebienetreholistique.com\/?page_id=10966","title":{"rendered":"Chronobiology : From Jet Lag Hacks to peripheral clock metabolic regulation"},"content":{"rendered":"","protected":true},"excerpt":{"rendered":"","protected":true},"author":1,"featured_media":0,"parent":0,"menu_order":0,"comment_status":"open","ping_status":"open","template":"","meta":{"footnotes":""},"jetpack_sharing_enabled":true,"jetpack_shortlink":"https:\/\/wp.me\/P4FfFc-2QS","jetpack_likes_enabled":true,"jetpack-related-posts":[{"id":2938,"url":"https:\/\/centredebienetreholistique.com\/?page_id=2938","url_meta":{"origin":10966,"position":0},"title":"Chrono M\u00e9decine","author":"centredebienetreholistique","date":"February 7, 2020","format":false,"excerpt":"\u00a0 \u00a0 Core Concept: Emerging science of chronotherapy offers big opportunities to optimize drug delivery David Adam PNAS\u00a0October 29, 2019\u00a0116\u00a0(44)\u00a021957-21959;\u00a0https:\/\/doi.org\/10.1073\/pnas.1916118116 A growing number of biomedical researchers advocate a simple way to improve the effectiveness of medications: administer them based on what studies say is the ideal time. \u201cAlmost every drug\u2026","rel":"","context":"Similar post","block_context":{"text":"Similar post","link":""},"img":{"alt_text":"","src":"","width":0,"height":0},"classes":[]},{"id":160,"url":"https:\/\/centredebienetreholistique.com\/?page_id=160","url_meta":{"origin":10966,"position":1},"title":"Agriculture bio du Centre Holistique certifi\u00e9e par ECOCERT","author":"centredebienetreholistique","date":"December 24, 2014","format":false,"excerpt":"LA MINI FERME DE SANT\u00c9 (HEALTH FARM) DU CENTRE M\u00c9DITERRAN\u00c9EN DE BIEN-ETRE HOLISTIQUE Certifi\u00e9e \"biologique\" par ECOCERT pour les petits fruits, l\u00e9gumes, les champignons ainsi que pour nos truffes de chocolat AGRICULTURE SOUTENABLE En temps normal, le Centre Holistique est muni d'une structure agricole et \u00a0paysanne, certifi\u00e9e par Ecocert, gra\u00e7e\u2026","rel":"","context":"Similar post","block_context":{"text":"Similar post","link":""},"img":{"alt_text":"Screen Shot 2017-08-11 at 10.08.01 AM","src":"https:\/\/i0.wp.com\/centredebienetreholistique.com\/wp-content\/uploads\/2014\/12\/Screen-Shot-2017-08-11-at-10.08.01-AM-300x217.png?resize=350%2C200","width":350,"height":200},"classes":[]},{"id":4177,"url":"https:\/\/centredebienetreholistique.com\/?page_id=4177","url_meta":{"origin":10966,"position":2},"title":"Formation en agriculture holistique et r\u00e9g\u00e9n\u00e9rative","author":"centredebienetreholistique","date":"June 8, 2020","format":false,"excerpt":"Le Programme Introduction A. Typologie des modes agricoles 1. Agriculture traditionnelle 2. Agriculture de l'Etat (moderne) 3. Agriculture biologique 4. Agriculture bio-dynamique 5. Permaculture 6. Agro-foresterie B. L' Agriculture Holistique est faite des meilleurs \u00e9l\u00e9ments des syst\u00e8mes agricoles existants 1. Le Sol et la Microbiologie 2. L'environnement et l'eau 3.\u2026","rel":"","context":"Similar post","block_context":{"text":"Similar post","link":""},"img":{"alt_text":"","src":"","width":0,"height":0},"classes":[]},{"id":434,"url":"https:\/\/centredebienetreholistique.com\/?page_id=434","url_meta":{"origin":10966,"position":3},"title":"Coaching 101 et Formation Approfondie en Canc\u00e9rologie g\u00e9n\u00e9rale, conventionnelle et alternative","author":"centredebienetreholistique","date":"May 25, 2015","format":false,"excerpt":"Introduction La recherche fondamentale en canc\u00e9rologie conventionnelle, (ie, internationalement \"oncologie\") et les immenses \u00a0efforts scientifiques internationaux (et les centaines de billions de dollars qui vont avec) depuis quelques d\u00e9cennies pour identifier et comprendre les causes et les \u00a0co-facteurs (m\u00e9canismes physiopathologiques) du d\u00e9veloppement du cancer (canc\u00e9rogen\u00e8se) ont \u00e9t\u00e9 en partie fructuese,\u2026","rel":"","context":"Similar post","block_context":{"text":"Similar post","link":""},"img":{"alt_text":"","src":"https:\/\/i0.wp.com\/img.youtube.com\/vi\/jgJKaP0Sj5U\/0.jpg?resize=350%2C200","width":350,"height":200},"classes":[]}],"_links":{"self":[{"href":"https:\/\/centredebienetreholistique.com\/index.php?rest_route=\/wp\/v2\/pages\/10966"}],"collection":[{"href":"https:\/\/centredebienetreholistique.com\/index.php?rest_route=\/wp\/v2\/pages"}],"about":[{"href":"https:\/\/centredebienetreholistique.com\/index.php?rest_route=\/wp\/v2\/types\/page"}],"author":[{"embeddable":true,"href":"https:\/\/centredebienetreholistique.com\/index.php?rest_route=\/wp\/v2\/users\/1"}],"replies":[{"embeddable":true,"href":"https:\/\/centredebienetreholistique.com\/index.php?rest_route=%2Fwp%2Fv2%2Fcomments&post=10966"}],"version-history":[{"count":1,"href":"https:\/\/centredebienetreholistique.com\/index.php?rest_route=\/wp\/v2\/pages\/10966\/revisions"}],"predecessor-version":[{"id":10967,"href":"https:\/\/centredebienetreholistique.com\/index.php?rest_route=\/wp\/v2\/pages\/10966\/revisions\/10967"}],"wp:attachment":[{"href":"https:\/\/centredebienetreholistique.com\/index.php?rest_route=%2Fwp%2Fv2%2Fmedia&parent=10966"}],"curies":[{"name":"wp","href":"https:\/\/api.w.org\/{rel}","templated":true}]}}