{"id":10854,"date":"2021-05-19T07:40:34","date_gmt":"2021-05-19T07:40:34","guid":{"rendered":"http:\/\/centredebienetreholistique.com\/?page_id=10854"},"modified":"2021-05-19T07:40:34","modified_gmt":"2021-05-19T07:40:34","slug":"senescence-cellulaire-de-la-peau-solutions-possibles","status":"publish","type":"page","link":"https:\/\/centredebienetreholistique.com\/?page_id=10854","title":{"rendered":"Senescence cellulaire de la peau &#038; Solutions possibles"},"content":{"rendered":"","protected":true},"excerpt":{"rendered":"","protected":true},"author":1,"featured_media":0,"parent":0,"menu_order":0,"comment_status":"open","ping_status":"open","template":"","meta":{"footnotes":""},"jetpack_sharing_enabled":true,"jetpack_shortlink":"https:\/\/wp.me\/P4FfFc-2P4","jetpack_likes_enabled":true,"jetpack-related-posts":[{"id":4228,"url":"https:\/\/centredebienetreholistique.com\/?page_id=4228","url_meta":{"origin":10854,"position":0},"title":"La Science du Chocolat","author":"centredebienetreholistique","date":"June 9, 2020","format":false,"excerpt":"Ci-APR\u00c8S, QUELQUES ELEMENTS DE R\u00c9F\u00c9RENCES SUR LES BIENS-FAITS DU CACAO Cardiac risk factors and prevention.\u00a0Habitual chocolate consumption and risk of cardiovascular disease among healthy men and women (Heart: 10.1136) Abstract Objective To examine the association between chocolate intake and the risk of future cardiovascular events. Methods We conducted a prospective\u2026","rel":"","context":"Similar post","block_context":{"text":"Similar post","link":""},"img":{"alt_text":"","src":"","width":0,"height":0},"classes":[]}],"_links":{"self":[{"href":"https:\/\/centredebienetreholistique.com\/index.php?rest_route=\/wp\/v2\/pages\/10854"}],"collection":[{"href":"https:\/\/centredebienetreholistique.com\/index.php?rest_route=\/wp\/v2\/pages"}],"about":[{"href":"https:\/\/centredebienetreholistique.com\/index.php?rest_route=\/wp\/v2\/types\/page"}],"author":[{"embeddable":true,"href":"https:\/\/centredebienetreholistique.com\/index.php?rest_route=\/wp\/v2\/users\/1"}],"replies":[{"embeddable":true,"href":"https:\/\/centredebienetreholistique.com\/index.php?rest_route=%2Fwp%2Fv2%2Fcomments&post=10854"}],"version-history":[{"count":1,"href":"https:\/\/centredebienetreholistique.com\/index.php?rest_route=\/wp\/v2\/pages\/10854\/revisions"}],"predecessor-version":[{"id":10855,"href":"https:\/\/centredebienetreholistique.com\/index.php?rest_route=\/wp\/v2\/pages\/10854\/revisions\/10855"}],"wp:attachment":[{"href":"https:\/\/centredebienetreholistique.com\/index.php?rest_route=%2Fwp%2Fv2%2Fmedia&parent=10854"}],"curies":[{"name":"wp","href":"https:\/\/api.w.org\/{rel}","templated":true}]}}