{"id":10807,"date":"2021-05-18T17:58:31","date_gmt":"2021-05-18T17:58:31","guid":{"rendered":"http:\/\/centredebienetreholistique.com\/?page_id=10807"},"modified":"2021-05-18T17:58:31","modified_gmt":"2021-05-18T17:58:31","slug":"derniere-innovation-et-decouvertes-en-medecine-regenerative","status":"publish","type":"page","link":"https:\/\/centredebienetreholistique.com\/?page_id=10807","title":{"rendered":"Derni\u00e8re innovation et d\u00e9couvertes en m\u00e9decine r\u00e9g\u00e9n\u00e9rative"},"content":{"rendered":"","protected":true},"excerpt":{"rendered":"","protected":true},"author":1,"featured_media":0,"parent":0,"menu_order":0,"comment_status":"open","ping_status":"open","template":"","meta":{"footnotes":""},"jetpack_sharing_enabled":true,"jetpack_shortlink":"https:\/\/wp.me\/P4FfFc-2Oj","jetpack_likes_enabled":true,"jetpack-related-posts":[{"id":11162,"url":"https:\/\/centredebienetreholistique.com\/?page_id=11162","url_meta":{"origin":10807,"position":0},"title":"La m\u00e9decine R\u00e9g\u00e9n\u00e9rative est au centre de la Nouvelle M\u00e9decine Holistique","author":"centredebienetreholistique","date":"June 21, 2021","format":false,"excerpt":"Dans le cadre de la long\u00e9vit\u00e9 optimale voire du rajeunissement, nous avons la m\u00e9decine r\u00e9g\u00e9n\u00e9rative, qui est une nouvelle discipline m\u00e9dicale qui est enseign\u00e9e dans les facult\u00e9s de m\u00e9decine progressistes, surtout aux Etats-Unis. Vu son int\u00e9r\u00eat, qui ne peut que grandir avec le temps, comme la m\u00e9decine quantique, la m\u00e9decine\u2026","rel":"","context":"Similar post","block_context":{"text":"Similar post","link":""},"img":{"alt_text":"","src":"","width":0,"height":0},"classes":[]},{"id":10760,"url":"https:\/\/centredebienetreholistique.com\/?page_id=10760","url_meta":{"origin":10807,"position":1},"title":"M\u00e9decine R\u00e9g\u00e9n\u00e9rative bas\u00e9e sur cellules de souches","author":"centredebienetreholistique","date":"May 18, 2021","format":false,"excerpt":"\u00a0 Un traitement \u00e0 base de cellules souches afin de lutter contre le vieillissement ? D\u2019apr\u00e8s deux r\u00e9centes \u00e9tudes, parues dans\u00a0The Journals of Gerontology\u00a0et r\u00e9alis\u00e9es par une \u00e9quipe de chercheurs de l\u2019Interdisciplinary Stem Cell Institute\u00a0de l\u2019Universit\u00e9 de Miami aux \u00c9tats-Unis, un nouveau traitement \u00e0 base de cellules souches de la\u2026","rel":"","context":"Similar post","block_context":{"text":"Similar post","link":""},"img":{"alt_text":"","src":"https:\/\/i0.wp.com\/www.longlonglife.org\/wp-content\/uploads\/2017\/10\/1_msc_DAPIThR001_b.jpg?resize=350%2C200","width":350,"height":200,"srcset":"https:\/\/i0.wp.com\/www.longlonglife.org\/wp-content\/uploads\/2017\/10\/1_msc_DAPIThR001_b.jpg?resize=350%2C200 1x, https:\/\/i0.wp.com\/www.longlonglife.org\/wp-content\/uploads\/2017\/10\/1_msc_DAPIThR001_b.jpg?resize=525%2C300 1.5x, https:\/\/i0.wp.com\/www.longlonglife.org\/wp-content\/uploads\/2017\/10\/1_msc_DAPIThR001_b.jpg?resize=700%2C400 2x"},"classes":[]},{"id":10136,"url":"https:\/\/centredebienetreholistique.com\/?page_id=10136","url_meta":{"origin":10807,"position":2},"title":"Avertissements sur  les Risques d&#8217;utiliser ce Site et la M\u00e9decine Officielle","author":"centredebienetreholistique","date":"May 5, 2021","format":false,"excerpt":"Avertissement G\u00e9n\u00e9ral Le Centre M\u00e9diterran\u00e9en de Long\u00e9vit\u00e9 \u00a0est avant tout un centre de recherche, d'information, de s\u00e9jour, de stage, de coaching et de formation sur la Science de la Long\u00e9vit\u00e9, y compris trois des \u00e9l\u00e9ments constitutifs de cette science: la m\u00e9decine r\u00e9g\u00e9n\u00e9rative, la m\u00e9decine holistique et la m\u00e9decine traditionnelle chinoise.\u2026","rel":"","context":"Similar post","block_context":{"text":"Similar post","link":""},"img":{"alt_text":"","src":"https:\/\/i0.wp.com\/img.youtube.com\/vi\/rtNfzWAgz84\/0.jpg?resize=350%2C200","width":350,"height":200},"classes":[]},{"id":480,"url":"https:\/\/centredebienetreholistique.com\/?page_id=480","url_meta":{"origin":10807,"position":3},"title":"Stage-Retraite: M\u00e9decine Holistique, M\u00e9decine R\u00e9g\u00e9n\u00e9rative et la Science de la Long\u00e9vit\u00e9 Optimale","author":"centredebienetreholistique","date":"June 2, 2015","format":false,"excerpt":"CONTENU Formation holistique (avec protocoles) concernant les grandes maladies chroniques,, le vieillissement acc\u00e9l\u00e9r\u00e9, la long\u00e9vit\u00e9 optimale, la m\u00e9decine r\u00e9g\u00e9n\u00e9rative, l'alimentation clinique, la m\u00e9decine orientale et de droit m\u00e9dical. ORIGINALIT\u00c9 L'originalit\u00e9 de cet enseignement repose sur une perspective holistique et innovante. Ce programme met l'accent sur les voies d'activation du potentiel\u2026","rel":"","context":"Similar post","block_context":{"text":"Similar post","link":""},"img":{"alt_text":"","src":"","width":0,"height":0},"classes":[]},{"id":4002,"url":"https:\/\/centredebienetreholistique.com\/?page_id=4002","url_meta":{"origin":10807,"position":4},"title":"S\u00e9jours de Long\u00e9vit\u00e9 Optimale en pleine Montagne Catalane des Pyr\u00e9n\u00e9es Orientales (Optimal Healing &#038; Longevity Retreat)","author":"centredebienetreholistique","date":"June 4, 2020","format":false,"excerpt":"Des vacances de sant\u00e9-long\u00e9vit\u00e9 en pleine montagne, organis\u00e9s par \u00a0coachsupercentenaire@gmail.com (Click on the bottom right for language translation) \"Un c\u0153ur joyeux est un bon rem\u00e8de, mais un esprit abattu dess\u00e8che les os.\"\u00a0(Verset 22 de Proverbes 17) Situ\u00e9 dans la vall\u00e9e du Vallespir, au coeur des Pyr\u00e9n\u00e9es-Orientales et de la M\u00e9diterran\u00e9e\u2026","rel":"","context":"With 2 comments","block_context":{"text":"With 2 comments","link":"https:\/\/centredebienetreholistique.com\/?page_id=4002#comments"},"img":{"alt_text":"","src":"https:\/\/i0.wp.com\/centredebienetreholistique.com\/wp-content\/uploads\/2014\/12\/jushousetwo.jpg?resize=350%2C200","width":350,"height":200},"classes":[]},{"id":9063,"url":"https:\/\/centredebienetreholistique.com\/?page_id=9063","url_meta":{"origin":10807,"position":5},"title":"L&#8217;Analyse et &#8220;Tips&#8221; Covid 19 du Centre M\u00e9diterran\u00e9en Holistique","author":"centredebienetreholistique","date":"February 28, 2021","format":false,"excerpt":"L'analyse COVID du CMH examinera quelques limites et bienfaits de la Politique sanitaire COVID du Gouvernement (Partie A), puis enchainera sur la n\u00e9cessit\u00e9 de mettre en oeuvre une strat\u00e9gie anti-Covid holistique de la sant\u00e9 publique, fond\u00e9e sur plusieurs \"anti-covid tips\" (conseils). (Partie B). Avant d'entamer une conclusion de nos travaux\u2026","rel":"","context":"Similar post","block_context":{"text":"Similar post","link":""},"img":{"alt_text":"","src":"","width":0,"height":0},"classes":[]}],"_links":{"self":[{"href":"https:\/\/centredebienetreholistique.com\/index.php?rest_route=\/wp\/v2\/pages\/10807"}],"collection":[{"href":"https:\/\/centredebienetreholistique.com\/index.php?rest_route=\/wp\/v2\/pages"}],"about":[{"href":"https:\/\/centredebienetreholistique.com\/index.php?rest_route=\/wp\/v2\/types\/page"}],"author":[{"embeddable":true,"href":"https:\/\/centredebienetreholistique.com\/index.php?rest_route=\/wp\/v2\/users\/1"}],"replies":[{"embeddable":true,"href":"https:\/\/centredebienetreholistique.com\/index.php?rest_route=%2Fwp%2Fv2%2Fcomments&post=10807"}],"version-history":[{"count":1,"href":"https:\/\/centredebienetreholistique.com\/index.php?rest_route=\/wp\/v2\/pages\/10807\/revisions"}],"predecessor-version":[{"id":10808,"href":"https:\/\/centredebienetreholistique.com\/index.php?rest_route=\/wp\/v2\/pages\/10807\/revisions\/10808"}],"wp:attachment":[{"href":"https:\/\/centredebienetreholistique.com\/index.php?rest_route=%2Fwp%2Fv2%2Fmedia&parent=10807"}],"curies":[{"name":"wp","href":"https:\/\/api.w.org\/{rel}","templated":true}]}}