{"id":10700,"date":"2021-05-18T08:03:43","date_gmt":"2021-05-18T08:03:43","guid":{"rendered":"http:\/\/centredebienetreholistique.com\/?page_id=10700"},"modified":"2021-05-18T19:32:25","modified_gmt":"2021-05-18T19:32:25","slug":"instruments-pour-mesure-la-longevite","status":"publish","type":"page","link":"https:\/\/centredebienetreholistique.com\/?page_id=10700","title":{"rendered":"Instruments pour mesurer la long\u00e9vit\u00e9"},"content":{"rendered":"","protected":true},"excerpt":{"rendered":"","protected":true},"author":1,"featured_media":0,"parent":0,"menu_order":0,"comment_status":"open","ping_status":"open","template":"","meta":{"footnotes":""},"jetpack_sharing_enabled":true,"jetpack_shortlink":"https:\/\/wp.me\/P4FfFc-2MA","jetpack_likes_enabled":true,"jetpack-related-posts":[{"id":434,"url":"https:\/\/centredebienetreholistique.com\/?page_id=434","url_meta":{"origin":10700,"position":0},"title":"Coaching 101 et Formation Approfondie en Canc\u00e9rologie g\u00e9n\u00e9rale, conventionnelle et alternative","author":"centredebienetreholistique","date":"May 25, 2015","format":false,"excerpt":"Introduction La recherche fondamentale en canc\u00e9rologie conventionnelle, (ie, internationalement \"oncologie\") et les immenses \u00a0efforts scientifiques internationaux (et les centaines de billions de dollars qui vont avec) depuis quelques d\u00e9cennies pour identifier et comprendre les causes et les \u00a0co-facteurs (m\u00e9canismes physiopathologiques) du d\u00e9veloppement du cancer (canc\u00e9rogen\u00e8se) ont \u00e9t\u00e9 en partie fructuese,\u2026","rel":"","context":"Similar post","block_context":{"text":"Similar post","link":""},"img":{"alt_text":"","src":"https:\/\/i0.wp.com\/img.youtube.com\/vi\/jgJKaP0Sj5U\/0.jpg?resize=350%2C200","width":350,"height":200},"classes":[]},{"id":11612,"url":"https:\/\/centredebienetreholistique.com\/?page_id=11612","url_meta":{"origin":10700,"position":1},"title":"Responsabilit\u00e9 civile serait engag\u00e9e contre tout forcing m\u00e9dical vaccination Covid","author":"centredebienetreholistique","date":"July 14, 2021","format":false,"excerpt":"En d\u00e9pit du fait qu'il y ait plein d'autres mani\u00e8res de stopper la pand\u00e9mie Covid, y compris avec l'ivermectin et une forte dose de vitamine D, le forcing vaccinal du Gouvernement viole les principes fondamentaux en mati\u00e8re de l'int\u00e9grit\u00e9 physique et du consentement \u00e9clair\u00e9e. En outre, nous avons \u00e0 faire\u2026","rel":"","context":"Similar post","block_context":{"text":"Similar post","link":""},"img":{"alt_text":"","src":"https:\/\/i0.wp.com\/centredebienetreholistique.com\/wp-content\/uploads\/2015\/06\/Screen-Shot-2015-06-10-at-10.06.32-PM-300x271.png?resize=350%2C200","width":350,"height":200},"classes":[]},{"id":4002,"url":"https:\/\/centredebienetreholistique.com\/?page_id=4002","url_meta":{"origin":10700,"position":2},"title":"S\u00e9jours de Long\u00e9vit\u00e9 Optimale en pleine Montagne Catalane des Pyr\u00e9n\u00e9es Orientales (Optimal Healing &#038; Longevity Retreat)","author":"centredebienetreholistique","date":"June 4, 2020","format":false,"excerpt":"Des vacances de sant\u00e9-long\u00e9vit\u00e9 en pleine montagne, organis\u00e9s par \u00a0coachsupercentenaire@gmail.com (Click on the bottom right for language translation) \"Un c\u0153ur joyeux est un bon rem\u00e8de, mais un esprit abattu dess\u00e8che les os.\"\u00a0(Verset 22 de Proverbes 17) Situ\u00e9 dans la vall\u00e9e du Vallespir, au coeur des Pyr\u00e9n\u00e9es-Orientales et de la M\u00e9diterran\u00e9e\u2026","rel":"","context":"Similar post","block_context":{"text":"Similar post","link":""},"img":{"alt_text":"","src":"https:\/\/i0.wp.com\/centredebienetreholistique.com\/wp-content\/uploads\/2014\/12\/jushousetwo.jpg?resize=350%2C200","width":350,"height":200},"classes":[]},{"id":4304,"url":"https:\/\/centredebienetreholistique.com\/?page_id=4304","url_meta":{"origin":10700,"position":3},"title":"Qui","author":"centredebienetreholistique","date":"June 12, 2020","format":false,"excerpt":"L'approche, la formation et l'exp\u00e9rience clinique du Coach Christian\u00a0 Une approche scientifique et holistique en m\u00e9decine S'inspirant de sa formation m\u00e9dicale et juridique ainsi que de sa pratique clinique (voir ci-dessous), Coach\u00a0 Christian \u00a0\u00a0examine en d\u00e9tail avec le client toutes les options cr\u00e9dibles pour ce qui est de la meilleure\u2026","rel":"","context":"Similar post","block_context":{"text":"Similar post","link":""},"img":{"alt_text":"","src":"","width":0,"height":0},"classes":[]},{"id":9473,"url":"https:\/\/centredebienetreholistique.com\/?page_id=9473","url_meta":{"origin":10700,"position":4},"title":"La Garantie du Centre M\u00e9diterran\u00e9en et l&#8217;engagement des Parties","author":"centredebienetreholistique","date":"April 5, 2021","format":false,"excerpt":"La Garantie Si le s\u00e9journant, stagiaire ou coachee (1) met en application les techniques\u00a0 holistiques que nous pr\u00e9conisons, il y aura une optimisation de plusieurs\u00a0marqueurs biologiques\u00a0 de la long\u00e9vit\u00e9 optimale et une r\u00e9duction des bio-marqueurs de la majorit\u00e9 des maladies chroniques et du vieillissement pr\u00e9coce. (voir r\u00e9sultats garantis). Mais il\u2026","rel":"","context":"Similar post","block_context":{"text":"Similar post","link":""},"img":{"alt_text":"","src":"","width":0,"height":0},"classes":[]},{"id":11162,"url":"https:\/\/centredebienetreholistique.com\/?page_id=11162","url_meta":{"origin":10700,"position":5},"title":"La m\u00e9decine R\u00e9g\u00e9n\u00e9rative est au centre de la Nouvelle M\u00e9decine Holistique","author":"centredebienetreholistique","date":"June 21, 2021","format":false,"excerpt":"Dans le cadre de la long\u00e9vit\u00e9 optimale voire du rajeunissement, nous avons la m\u00e9decine r\u00e9g\u00e9n\u00e9rative, qui est une nouvelle discipline m\u00e9dicale qui est enseign\u00e9e dans les facult\u00e9s de m\u00e9decine progressistes, surtout aux Etats-Unis. Vu son int\u00e9r\u00eat, qui ne peut que grandir avec le temps, comme la m\u00e9decine quantique, la m\u00e9decine\u2026","rel":"","context":"Similar post","block_context":{"text":"Similar post","link":""},"img":{"alt_text":"","src":"","width":0,"height":0},"classes":[]}],"_links":{"self":[{"href":"https:\/\/centredebienetreholistique.com\/index.php?rest_route=\/wp\/v2\/pages\/10700"}],"collection":[{"href":"https:\/\/centredebienetreholistique.com\/index.php?rest_route=\/wp\/v2\/pages"}],"about":[{"href":"https:\/\/centredebienetreholistique.com\/index.php?rest_route=\/wp\/v2\/types\/page"}],"author":[{"embeddable":true,"href":"https:\/\/centredebienetreholistique.com\/index.php?rest_route=\/wp\/v2\/users\/1"}],"replies":[{"embeddable":true,"href":"https:\/\/centredebienetreholistique.com\/index.php?rest_route=%2Fwp%2Fv2%2Fcomments&post=10700"}],"version-history":[{"count":2,"href":"https:\/\/centredebienetreholistique.com\/index.php?rest_route=\/wp\/v2\/pages\/10700\/revisions"}],"predecessor-version":[{"id":10827,"href":"https:\/\/centredebienetreholistique.com\/index.php?rest_route=\/wp\/v2\/pages\/10700\/revisions\/10827"}],"wp:attachment":[{"href":"https:\/\/centredebienetreholistique.com\/index.php?rest_route=%2Fwp%2Fv2%2Fmedia&parent=10700"}],"curies":[{"name":"wp","href":"https:\/\/api.w.org\/{rel}","templated":true}]}}