{"id":10651,"date":"2021-05-18T06:14:47","date_gmt":"2021-05-18T06:14:47","guid":{"rendered":"http:\/\/centredebienetreholistique.com\/?page_id=10651"},"modified":"2021-05-18T06:14:47","modified_gmt":"2021-05-18T06:14:47","slug":"le-grand-age","status":"publish","type":"page","link":"https:\/\/centredebienetreholistique.com\/?page_id=10651","title":{"rendered":"Le Grand Age"},"content":{"rendered":"","protected":true},"excerpt":{"rendered":"","protected":true},"author":1,"featured_media":0,"parent":0,"menu_order":0,"comment_status":"open","ping_status":"open","template":"","meta":{"footnotes":""},"jetpack_sharing_enabled":true,"jetpack_shortlink":"https:\/\/wp.me\/P4FfFc-2LN","jetpack_likes_enabled":true,"jetpack-related-posts":[{"id":11612,"url":"https:\/\/centredebienetreholistique.com\/?page_id=11612","url_meta":{"origin":10651,"position":0},"title":"Responsabilit\u00e9 civile serait engag\u00e9e contre tout forcing m\u00e9dical vaccination Covid","author":"centredebienetreholistique","date":"July 14, 2021","format":false,"excerpt":"En d\u00e9pit du fait qu'il y ait plein d'autres mani\u00e8res de stopper la pand\u00e9mie Covid, y compris avec l'ivermectin et une forte dose de vitamine D, le forcing vaccinal du Gouvernement viole les principes fondamentaux en mati\u00e8re de l'int\u00e9grit\u00e9 physique et du consentement \u00e9clair\u00e9e. En outre, nous avons \u00e0 faire\u2026","rel":"","context":"Similar post","block_context":{"text":"Similar post","link":""},"img":{"alt_text":"","src":"https:\/\/i0.wp.com\/centredebienetreholistique.com\/wp-content\/uploads\/2015\/06\/Screen-Shot-2015-06-10-at-10.06.32-PM-300x271.png?resize=350%2C200","width":350,"height":200},"classes":[]},{"id":9473,"url":"https:\/\/centredebienetreholistique.com\/?page_id=9473","url_meta":{"origin":10651,"position":1},"title":"La Garantie du Centre M\u00e9diterran\u00e9en et l&#8217;engagement des Parties","author":"centredebienetreholistique","date":"April 5, 2021","format":false,"excerpt":"La Garantie Si le s\u00e9journant, stagiaire ou coachee (1) met en application les techniques\u00a0 holistiques que nous pr\u00e9conisons, il y aura une optimisation de plusieurs\u00a0marqueurs biologiques\u00a0 de la long\u00e9vit\u00e9 optimale et une r\u00e9duction des bio-marqueurs de la majorit\u00e9 des maladies chroniques et du vieillissement pr\u00e9coce. (voir r\u00e9sultats garantis). Mais il\u2026","rel":"","context":"Similar post","block_context":{"text":"Similar post","link":""},"img":{"alt_text":"","src":"","width":0,"height":0},"classes":[]},{"id":4002,"url":"https:\/\/centredebienetreholistique.com\/?page_id=4002","url_meta":{"origin":10651,"position":2},"title":"S\u00e9jours de Long\u00e9vit\u00e9 Optimale en pleine Montagne Catalane des Pyr\u00e9n\u00e9es Orientales (Optimal Healing &#038; Longevity Retreat)","author":"centredebienetreholistique","date":"June 4, 2020","format":false,"excerpt":"Des vacances de sant\u00e9-long\u00e9vit\u00e9 en pleine montagne, organis\u00e9s par \u00a0coachsupercentenaire@gmail.com (Click on the bottom right for language translation) \"Un c\u0153ur joyeux est un bon rem\u00e8de, mais un esprit abattu dess\u00e8che les os.\"\u00a0(Verset 22 de Proverbes 17) Situ\u00e9 dans la vall\u00e9e du Vallespir, au coeur des Pyr\u00e9n\u00e9es-Orientales et de la M\u00e9diterran\u00e9e\u2026","rel":"","context":"Similar post","block_context":{"text":"Similar post","link":""},"img":{"alt_text":"","src":"https:\/\/i0.wp.com\/centredebienetreholistique.com\/wp-content\/uploads\/2014\/12\/jushousetwo.jpg?resize=350%2C200","width":350,"height":200},"classes":[]},{"id":210,"url":"https:\/\/centredebienetreholistique.com\/?page_id=210","url_meta":{"origin":10651,"position":3},"title":"Recherches sur le Mal-etre et le Bien-\u00catre","author":"centredebienetreholistique","date":"February 9, 2015","format":false,"excerpt":"\u00a0 A. \u00a0POUR LA RECHERCHE VIA NOS BLOGS, VOIR LA COLONNE \u00c0 DROITE. B. POUR LA RECHERCHE EN MATI\u00c8RE DE CANC\u00c9ROLOGIE G\u00c9N\u00c9RALE ET HOLISTIQUE, VOIR NOS RAPPORTS\/PROTOCOLES ET LES TRAVAUX DE L'INSTITUT ACR LA\u00a0RECHERCHE AVANC\u00c9E EN CANC\u00c9ROLOGIE\u00a0(riche en\u00a0perc\u00e9es scientifiques) C. POUR LA RECHERCHE EN LONG\u00c9VIT\u00c9 OPTIMALE Cliquez ici pour le\u2026","rel":"","context":"Similar post","block_context":{"text":"Similar post","link":""},"img":{"alt_text":"","src":"","width":0,"height":0},"classes":[]},{"id":5132,"url":"https:\/\/centredebienetreholistique.com\/?page_id=5132","url_meta":{"origin":10651,"position":4},"title":"Les Globules Blancs: valeurs normatives","author":"centredebienetreholistique","date":"August 1, 2020","format":false,"excerpt":"Pr\u00e9sentation des maladies des globules blancs Par Mary Territo , MD, David Geffen School of Medicine at UCLA Derni\u00e8re r\u00e9vision totale janv. 2020| Derni\u00e8re modification du contenu janv. 2020 REMARQUE\u00a0:\u00a0Il s\u2019agit de la version grand public.\u00a0M\u00c9DECINS\u00a0:\u00a0Cliquez ici pour la version professionnelle Ressources du sujet Les globules blancs (leucocytes) jouent un\u2026","rel":"","context":"Similar post","block_context":{"text":"Similar post","link":""},"img":{"alt_text":"","src":"","width":0,"height":0},"classes":[]},{"id":3525,"url":"https:\/\/centredebienetreholistique.com\/?page_id=3525","url_meta":{"origin":10651,"position":5},"title":"COVID-19 et l&#8217;Holistique","author":"centredebienetreholistique","date":"May 20, 2020","format":false,"excerpt":"Alors que les mesures hygi\u00e9niques de bon sens ainsi que le \"social distancing\" seraient b\u00e9n\u00e9fique, en particulier la \"distancing\" de la pollution industrielle, de la tox\u00e9mie g\u00e9n\u00e9ralis\u00e9e, des exc\u00e8s de la m\u00e9decine allopathique, de l'\u00e9conomie ali\u00e9nante, du stress chronique, de la di\u00e9t\u00e9tique officielle d\u00e9ficiente, du syst\u00e8me \u00e9ducatif inadapt\u00e9, de la\u2026","rel":"","context":"Similar post","block_context":{"text":"Similar post","link":""},"img":{"alt_text":"","src":"","width":0,"height":0},"classes":[]}],"_links":{"self":[{"href":"https:\/\/centredebienetreholistique.com\/index.php?rest_route=\/wp\/v2\/pages\/10651"}],"collection":[{"href":"https:\/\/centredebienetreholistique.com\/index.php?rest_route=\/wp\/v2\/pages"}],"about":[{"href":"https:\/\/centredebienetreholistique.com\/index.php?rest_route=\/wp\/v2\/types\/page"}],"author":[{"embeddable":true,"href":"https:\/\/centredebienetreholistique.com\/index.php?rest_route=\/wp\/v2\/users\/1"}],"replies":[{"embeddable":true,"href":"https:\/\/centredebienetreholistique.com\/index.php?rest_route=%2Fwp%2Fv2%2Fcomments&post=10651"}],"version-history":[{"count":1,"href":"https:\/\/centredebienetreholistique.com\/index.php?rest_route=\/wp\/v2\/pages\/10651\/revisions"}],"predecessor-version":[{"id":10652,"href":"https:\/\/centredebienetreholistique.com\/index.php?rest_route=\/wp\/v2\/pages\/10651\/revisions\/10652"}],"wp:attachment":[{"href":"https:\/\/centredebienetreholistique.com\/index.php?rest_route=%2Fwp%2Fv2%2Fmedia&parent=10651"}],"curies":[{"name":"wp","href":"https:\/\/api.w.org\/{rel}","templated":true}]}}