{"id":10623,"date":"2021-05-17T18:32:49","date_gmt":"2021-05-17T18:32:49","guid":{"rendered":"http:\/\/centredebienetreholistique.com\/?page_id=10623"},"modified":"2021-05-17T18:36:27","modified_gmt":"2021-05-17T18:36:27","slug":"reglement-alimentaire","status":"publish","type":"page","link":"https:\/\/centredebienetreholistique.com\/?page_id=10623","title":{"rendered":"Jus de Cholrophylle style Institut Hypocrates"},"content":{"rendered":"","protected":true},"excerpt":{"rendered":"","protected":true},"author":1,"featured_media":0,"parent":0,"menu_order":0,"comment_status":"open","ping_status":"open","template":"","meta":{"footnotes":""},"jetpack_sharing_enabled":true,"jetpack_shortlink":"https:\/\/wp.me\/P4FfFc-2Ll","jetpack_likes_enabled":true,"jetpack-related-posts":[{"id":1286,"url":"https:\/\/centredebienetreholistique.com\/?page_id=1286","url_meta":{"origin":10623,"position":0},"title":"Institut de Recherche Avanc\u00e9e sur le Cancer","author":"centredebienetreholistique","date":"August 25, 2016","format":false,"excerpt":"http:\/\/advancedcancerresearchinstitute.com","rel":"","context":"Similar post","block_context":{"text":"Similar post","link":""},"img":{"alt_text":"","src":"","width":0,"height":0},"classes":[]},{"id":427,"url":"https:\/\/centredebienetreholistique.com\/?page_id=427","url_meta":{"origin":10623,"position":1},"title":"Remise en Forme via un programme de D\u00e9toxication et Revitalisation entre les Ateliers (ou sans)","author":"centredebienetreholistique","date":"May 25, 2015","format":false,"excerpt":"1. R\u00e9veil \u00e0 la lev\u00e9e du jour via musico-th\u00e9rapie: yoga, lait d\u2019argile, technique \u00ab eft \u00bb, m\u00e9ditation, exercices respiratoires et exercices physiques mod\u00e9r\u00e9s. 2. D\u00e9tox matinale : tisanes d\u00e9toxifiantes, jus d'herbe, \u00a0trampoline (pour le drainage lymphatique) et autres techniques. 3. S\u00e9ance d'aromath\u00e9rapie et chants tib\u00e9tains, gr\u00e9goriens et-ou classiques. 4. Smoothy\u2026","rel":"","context":"Similar post","block_context":{"text":"Similar post","link":""},"img":{"alt_text":"","src":"","width":0,"height":0},"classes":[]},{"id":662,"url":"https:\/\/centredebienetreholistique.com\/?page_id=662","url_meta":{"origin":10623,"position":2},"title":"Colloque du Centre Holistique: &#8220;Cancer, Droit M\u00e9dical et Libert\u00e9 Th\u00e9rapeutique&#8221;","author":"centredebienetreholistique","date":"June 5, 2015","format":false,"excerpt":"CONGR\u00c8S SUR LES\u00a0TH\u00c9RAPIES ALTERNATIVES ET COMPL\u00c9MENTAIRES CONCERNANT LE CANCER, LE DROIT M\u00c9DICAL ET LES LIBERT\u00c9S TH\u00c9RAPEUTIQUE \u00a0LE 17 & 18 AVRIL 2004 Vis m\u00e9dicatrix naturae Prieur\u00e9 de Marcevol 66320 Arboussols (pr\u00e8s de Vinca dans un site grandiose, idyllique, en pleine montagne des Pyr\u00e9n\u00e9es orientales). Route\u00a0: RN 116, (direction Prades). A\u2026","rel":"","context":"Similar post","block_context":{"text":"Similar post","link":""},"img":{"alt_text":"","src":"","width":0,"height":0},"classes":[]},{"id":9470,"url":"https:\/\/centredebienetreholistique.com\/?page_id=9470","url_meta":{"origin":10623,"position":3},"title":"Les Services des S\u00e9jours de Long\u00e9vit\u00e9 Optimale","author":"centredebienetreholistique","date":"April 5, 2021","format":false,"excerpt":"Pour la formule B du s\u00e9jour long\u00e9vit\u00e9 1. Six heures de formation les deux premier jours du s\u00e9jour\u00a0en mati\u00e8re de long\u00e9vit\u00e9 optimale (ie, les m\u00e9canismes principaux de la s\u00e9nescence et du vieillissement pr\u00e9coce, techniques innovantes et holistiques en faveur de la r\u00e9paration ainsi que de la r\u00e9g\u00e9n\u00e9ration c\u00e9llulaire et options\u2026","rel":"","context":"Similar post","block_context":{"text":"Similar post","link":""},"img":{"alt_text":"","src":"","width":0,"height":0},"classes":[]},{"id":2878,"url":"https:\/\/centredebienetreholistique.com\/?page_id=2878","url_meta":{"origin":10623,"position":4},"title":"L&#8217;agriculteur bio: le premier m\u00e9decin","author":"centredebienetreholistique","date":"November 27, 2019","format":false,"excerpt":"Suite \u00e0 une certification d'Ecocert en 2010, nous avions plant\u00e9 pr\u00e8s de 2000 fraisiers bio (vari\u00e9t\u00e9 \"cihos\u00e9\" et \"mara des bois\") en synergie avec une centaine de \u00a0framboisiers, mytrillers et plantes de gojis et st\u00e9via. Avec les fraises sauvages \u00a0qui poussent spontan\u00e9ment, il y avait de quoi renforcer la sant\u00e9\u2026","rel":"","context":"Similar post","block_context":{"text":"Similar post","link":""},"img":{"alt_text":"","src":"","width":0,"height":0},"classes":[]},{"id":789,"url":"https:\/\/centredebienetreholistique.com\/?page_id=789","url_meta":{"origin":10623,"position":5},"title":"Type de Menu Holistique","author":"centredebienetreholistique","date":"June 11, 2015","format":false,"excerpt":"MENU DETOX-IMMUNO BOOST DU CENTRE PYR\u00c9N\u00c9EN HOLISTIQUE (HORS STAGE) \u00a0COURANT MATIN\u00c9E Elixir de lait d\u2019amande mix\u00e9 aux dattes d\u2019Arabie et arros\u00e9 d\u2019une liqueur du Su\u00e9dois (\u00e0 base de 59 composants de plantes sauvages vivifiantes). DEJEUNER DETOX-IMMUNO-FORTIFIANT Fruits diur\u00e9tiques. L\u2019int\u00e9r\u00eat d\u2019ing\u00e9rer des fruits avant le repas tient au fait que le\u2026","rel":"","context":"Similar post","block_context":{"text":"Similar post","link":""},"img":{"alt_text":"","src":"","width":0,"height":0},"classes":[]}],"_links":{"self":[{"href":"https:\/\/centredebienetreholistique.com\/index.php?rest_route=\/wp\/v2\/pages\/10623"}],"collection":[{"href":"https:\/\/centredebienetreholistique.com\/index.php?rest_route=\/wp\/v2\/pages"}],"about":[{"href":"https:\/\/centredebienetreholistique.com\/index.php?rest_route=\/wp\/v2\/types\/page"}],"author":[{"embeddable":true,"href":"https:\/\/centredebienetreholistique.com\/index.php?rest_route=\/wp\/v2\/users\/1"}],"replies":[{"embeddable":true,"href":"https:\/\/centredebienetreholistique.com\/index.php?rest_route=%2Fwp%2Fv2%2Fcomments&post=10623"}],"version-history":[{"count":3,"href":"https:\/\/centredebienetreholistique.com\/index.php?rest_route=\/wp\/v2\/pages\/10623\/revisions"}],"predecessor-version":[{"id":10629,"href":"https:\/\/centredebienetreholistique.com\/index.php?rest_route=\/wp\/v2\/pages\/10623\/revisions\/10629"}],"wp:attachment":[{"href":"https:\/\/centredebienetreholistique.com\/index.php?rest_route=%2Fwp%2Fv2%2Fmedia&parent=10623"}],"curies":[{"name":"wp","href":"https:\/\/api.w.org\/{rel}","templated":true}]}}