{"id":10611,"date":"2021-05-17T17:44:09","date_gmt":"2021-05-17T17:44:09","guid":{"rendered":"http:\/\/centredebienetreholistique.com\/?page_id=10611"},"modified":"2021-05-17T17:45:28","modified_gmt":"2021-05-17T17:45:28","slug":"polymorphisme","status":"publish","type":"page","link":"https:\/\/centredebienetreholistique.com\/?page_id=10611","title":{"rendered":"Pl\u00e9omorphisme et Terrain"},"content":{"rendered":"","protected":true},"excerpt":{"rendered":"","protected":true},"author":1,"featured_media":0,"parent":0,"menu_order":0,"comment_status":"open","ping_status":"open","template":"","meta":{"footnotes":""},"jetpack_sharing_enabled":true,"jetpack_shortlink":"https:\/\/wp.me\/P4FfFc-2L9","jetpack_likes_enabled":true,"jetpack-related-posts":[{"id":480,"url":"https:\/\/centredebienetreholistique.com\/?page_id=480","url_meta":{"origin":10611,"position":0},"title":"Stage-Retraite: M\u00e9decine Holistique, M\u00e9decine R\u00e9g\u00e9n\u00e9rative et la Science de la Long\u00e9vit\u00e9 Optimale","author":"centredebienetreholistique","date":"June 2, 2015","format":false,"excerpt":"CONTENU Formation holistique (avec protocoles) concernant les grandes maladies chroniques,, le vieillissement acc\u00e9l\u00e9r\u00e9, la long\u00e9vit\u00e9 optimale, la m\u00e9decine r\u00e9g\u00e9n\u00e9rative, l'alimentation clinique, la m\u00e9decine orientale et de droit m\u00e9dical. ORIGINALIT\u00c9 L'originalit\u00e9 de cet enseignement repose sur une perspective holistique et innovante. Ce programme met l'accent sur les voies d'activation du potentiel\u2026","rel":"","context":"Similar post","block_context":{"text":"Similar post","link":""},"img":{"alt_text":"","src":"","width":0,"height":0},"classes":[]},{"id":629,"url":"https:\/\/centredebienetreholistique.com\/?page_id=629","url_meta":{"origin":10611,"position":1},"title":"Photos et Vid\u00e9os de Pr\u00e9sentation (en construction)","author":"centredebienetreholistique","date":"June 3, 2015","format":false,"excerpt":"PHOTOS DU CENTRE \u00a0 \u00a0Photo: Le Centre baigne dans un environnement riche en for\u00eats, huiles essentielles, plantes m\u00e9dicinales, champignons, rivi\u00e8res, eaux de sources, faunes et montagnes dont le majestueux Canigou. Logement Possibilit\u00e9 de loger soit dans la maison centrale, soit dans la maison Yoga. Maison Yoga, \u00e0 proximit\u00e9 de la\u2026","rel":"","context":"With 2 comments","block_context":{"text":"With 2 comments","link":"https:\/\/centredebienetreholistique.com\/?page_id=629#comments"},"img":{"alt_text":"","src":"https:\/\/i0.wp.com\/centredebienetreholistique.com\/wp-content\/uploads\/2014\/12\/jushousetwo.jpg?resize=350%2C200","width":350,"height":200},"classes":[]},{"id":2878,"url":"https:\/\/centredebienetreholistique.com\/?page_id=2878","url_meta":{"origin":10611,"position":2},"title":"L&#8217;agriculteur bio: le premier m\u00e9decin","author":"centredebienetreholistique","date":"November 27, 2019","format":false,"excerpt":"Suite \u00e0 une certification d'Ecocert en 2010, nous avions plant\u00e9 pr\u00e8s de 2000 fraisiers bio (vari\u00e9t\u00e9 \"cihos\u00e9\" et \"mara des bois\") en synergie avec une centaine de \u00a0framboisiers, mytrillers et plantes de gojis et st\u00e9via. Avec les fraises sauvages \u00a0qui poussent spontan\u00e9ment, il y avait de quoi renforcer la sant\u00e9\u2026","rel":"","context":"Similar post","block_context":{"text":"Similar post","link":""},"img":{"alt_text":"","src":"","width":0,"height":0},"classes":[]},{"id":160,"url":"https:\/\/centredebienetreholistique.com\/?page_id=160","url_meta":{"origin":10611,"position":3},"title":"Agriculture bio du Centre Holistique certifi\u00e9e par ECOCERT","author":"centredebienetreholistique","date":"December 24, 2014","format":false,"excerpt":"LA MINI FERME DE SANT\u00c9 (HEALTH FARM) DU CENTRE M\u00c9DITERRAN\u00c9EN DE BIEN-ETRE HOLISTIQUE Certifi\u00e9e \"biologique\" par ECOCERT pour les petits fruits, l\u00e9gumes, les champignons ainsi que pour nos truffes de chocolat AGRICULTURE SOUTENABLE En temps normal, le Centre Holistique est muni d'une structure agricole et \u00a0paysanne, certifi\u00e9e par Ecocert, gra\u00e7e\u2026","rel":"","context":"Similar post","block_context":{"text":"Similar post","link":""},"img":{"alt_text":"Screen Shot 2017-08-11 at 10.08.01 AM","src":"https:\/\/i0.wp.com\/centredebienetreholistique.com\/wp-content\/uploads\/2014\/12\/Screen-Shot-2017-08-11-at-10.08.01-AM-300x217.png?resize=350%2C200","width":350,"height":200},"classes":[]},{"id":3529,"url":"https:\/\/centredebienetreholistique.com\/?page_id=3529","url_meta":{"origin":10611,"position":4},"title":"Th\u00e9rapies Bien-etre Holistiques","author":"centredebienetreholistique","date":"May 20, 2020","format":false,"excerpt":"La m\u00e9decine holistique se fonde sur les avanc\u00e9es scientifiques et m\u00e9dicales (ie, \"medical breakthroughs\") depuis des mill\u00e9naires. Elle\u00a0vise la globalit\u00e9 de l'etre humain afin de maintenir son bien-\u00eatre-etre et son m\u00e9tabolisme de centenaire.. Cette m\u00e9decine dispose de milliers de th\u00e9rapies et techniques diff\u00e9rentes. Toutes sont destin\u00e9es a revitaliser l'\u00e9nergie primordiale,\u2026","rel":"","context":"Similar post","block_context":{"text":"Similar post","link":""},"img":{"alt_text":"","src":"","width":0,"height":0},"classes":[]},{"id":9477,"url":"https:\/\/centredebienetreholistique.com\/?page_id=9477","url_meta":{"origin":10611,"position":5},"title":"Attractions culturelles, historiques, arch\u00e9ologiques, scientifiques, th\u00e9rapeutiques, vinicoles, artistiques et  sportives (y compris &#8220;hiking and biking&#8221; adventures) de la R\u00e9gion","author":"centredebienetreholistique","date":"April 5, 2021","format":false,"excerpt":"Depuis le Centre M\u00e9diterran\u00e9en de la long\u00e9vit\u00e9 optimale, le s\u00e9journant peut partir \u00e0 la d\u00e9couverte des nombreux tr\u00e9sors touristiques et culturels du Roussillon, effectuer des belles balades et randonn\u00e9es soit sur le littoral , en plaine ou en montagne, traverser la fronti\u00e8re avec l'Espagne, \u00a0visiter par exemple Cadaqu\u00e8s, Figu\u00e9ras, les\u2026","rel":"","context":"Similar post","block_context":{"text":"Similar post","link":""},"img":{"alt_text":"","src":"","width":0,"height":0},"classes":[]}],"_links":{"self":[{"href":"https:\/\/centredebienetreholistique.com\/index.php?rest_route=\/wp\/v2\/pages\/10611"}],"collection":[{"href":"https:\/\/centredebienetreholistique.com\/index.php?rest_route=\/wp\/v2\/pages"}],"about":[{"href":"https:\/\/centredebienetreholistique.com\/index.php?rest_route=\/wp\/v2\/types\/page"}],"author":[{"embeddable":true,"href":"https:\/\/centredebienetreholistique.com\/index.php?rest_route=\/wp\/v2\/users\/1"}],"replies":[{"embeddable":true,"href":"https:\/\/centredebienetreholistique.com\/index.php?rest_route=%2Fwp%2Fv2%2Fcomments&post=10611"}],"version-history":[{"count":2,"href":"https:\/\/centredebienetreholistique.com\/index.php?rest_route=\/wp\/v2\/pages\/10611\/revisions"}],"predecessor-version":[{"id":10613,"href":"https:\/\/centredebienetreholistique.com\/index.php?rest_route=\/wp\/v2\/pages\/10611\/revisions\/10613"}],"wp:attachment":[{"href":"https:\/\/centredebienetreholistique.com\/index.php?rest_route=%2Fwp%2Fv2%2Fmedia&parent=10611"}],"curies":[{"name":"wp","href":"https:\/\/api.w.org\/{rel}","templated":true}]}}