{"id":10469,"date":"2021-05-13T08:02:07","date_gmt":"2021-05-13T08:02:07","guid":{"rendered":"http:\/\/centredebienetreholistique.com\/?page_id=10469"},"modified":"2024-07-09T21:36:51","modified_gmt":"2024-07-09T21:36:51","slug":"recherche-experimentation","status":"publish","type":"page","link":"https:\/\/centredebienetreholistique.com\/?page_id=10469","title":{"rendered":"Recherche &#038; Exp\u00e9rimentation"},"content":{"rendered":"","protected":true},"excerpt":{"rendered":"","protected":true},"author":1,"featured_media":0,"parent":0,"menu_order":0,"comment_status":"open","ping_status":"open","template":"","meta":{"footnotes":""},"jetpack_sharing_enabled":true,"jetpack_shortlink":"https:\/\/wp.me\/P4FfFc-2IR","jetpack_likes_enabled":true,"jetpack-related-posts":[{"id":13,"url":"https:\/\/centredebienetreholistique.com\/?page_id=13","url_meta":{"origin":10469,"position":0},"title":"Mission du Centre M\u00e9diterran\u00e9en de Long\u00e9vit\u00e9 (Mediterranean Longevity)","author":"centredebienetreholistique","date":"December 23, 2014","format":false,"excerpt":"La mission principale du Centre Mediterranean Longevity (CML) est la recherche\u00a0 fondamentale et appliqu\u00e9e dans la science de la long\u00e9vit\u00e9 optimale (que l'on appelle biog\u00e9rontologie), dont l'objectif central est de trouver un protocole de long\u00e9vit\u00e9 efficace et accessible pour ce qui est de la \"healthy and successful aging\",\u00a0 (1) puis\u2026","rel":"","context":"Similar post","block_context":{"text":"Similar post","link":""},"img":{"alt_text":"","src":"","width":0,"height":0},"classes":[]},{"id":210,"url":"https:\/\/centredebienetreholistique.com\/?page_id=210","url_meta":{"origin":10469,"position":1},"title":"Recherches sur le Mal-etre et le Bien-\u00catre","author":"centredebienetreholistique","date":"February 9, 2015","format":false,"excerpt":"\u00a0 A. \u00a0POUR LA RECHERCHE VIA NOS BLOGS, VOIR LA COLONNE \u00c0 DROITE. B. POUR LA RECHERCHE EN MATI\u00c8RE DE CANC\u00c9ROLOGIE G\u00c9N\u00c9RALE ET HOLISTIQUE, VOIR NOS RAPPORTS\/PROTOCOLES ET LES TRAVAUX DE L'INSTITUT ACR LA\u00a0RECHERCHE AVANC\u00c9E EN CANC\u00c9ROLOGIE\u00a0(riche en\u00a0perc\u00e9es scientifiques) C. POUR LA RECHERCHE EN LONG\u00c9VIT\u00c9 OPTIMALE Cliquez ici pour le\u2026","rel":"","context":"Similar post","block_context":{"text":"Similar post","link":""},"img":{"alt_text":"","src":"","width":0,"height":0},"classes":[]},{"id":10215,"url":"https:\/\/centredebienetreholistique.com\/?page_id=10215","url_meta":{"origin":10469,"position":2},"title":"Volontariat: apprentis,  wwoofers et membres work-away","author":"centredebienetreholistique","date":"May 8, 2021","format":false,"excerpt":"Selon les saisons, nous accueillons des volontaires, apprentis, wwoofers et membres de l'association work-away. Nous \u00e9crire pour davantage d'info. coachsupercentenaire@gmail.com https:\/\/wwoof.fr\/fr\/host\/1356 \u00a0","rel":"","context":"Similar post","block_context":{"text":"Similar post","link":""},"img":{"alt_text":"","src":"","width":0,"height":0},"classes":[]},{"id":10456,"url":"https:\/\/centredebienetreholistique.com\/?page_id=10456","url_meta":{"origin":10469,"position":3},"title":"Formation en M\u00e9decine Holistique","author":"centredebienetreholistique","date":"May 13, 2021","format":false,"excerpt":"En cours de construction","rel":"","context":"Similar post","block_context":{"text":"Similar post","link":""},"img":{"alt_text":"","src":"","width":0,"height":0},"classes":[]},{"id":10458,"url":"https:\/\/centredebienetreholistique.com\/?page_id=10458","url_meta":{"origin":10469,"position":4},"title":"S\u00e9jours (location)","author":"centredebienetreholistique","date":"May 13, 2021","format":false,"excerpt":"En cours","rel":"","context":"Similar post","block_context":{"text":"Similar post","link":""},"img":{"alt_text":"","src":"","width":0,"height":0},"classes":[]},{"id":10452,"url":"https:\/\/centredebienetreholistique.com\/?page_id=10452","url_meta":{"origin":10469,"position":5},"title":"Services","author":"centredebienetreholistique","date":"May 13, 2021","format":false,"excerpt":"En cours de construction","rel":"","context":"Similar post","block_context":{"text":"Similar post","link":""},"img":{"alt_text":"","src":"","width":0,"height":0},"classes":[]}],"_links":{"self":[{"href":"https:\/\/centredebienetreholistique.com\/index.php?rest_route=\/wp\/v2\/pages\/10469"}],"collection":[{"href":"https:\/\/centredebienetreholistique.com\/index.php?rest_route=\/wp\/v2\/pages"}],"about":[{"href":"https:\/\/centredebienetreholistique.com\/index.php?rest_route=\/wp\/v2\/types\/page"}],"author":[{"embeddable":true,"href":"https:\/\/centredebienetreholistique.com\/index.php?rest_route=\/wp\/v2\/users\/1"}],"replies":[{"embeddable":true,"href":"https:\/\/centredebienetreholistique.com\/index.php?rest_route=%2Fwp%2Fv2%2Fcomments&post=10469"}],"version-history":[{"count":1,"href":"https:\/\/centredebienetreholistique.com\/index.php?rest_route=\/wp\/v2\/pages\/10469\/revisions"}],"predecessor-version":[{"id":10470,"href":"https:\/\/centredebienetreholistique.com\/index.php?rest_route=\/wp\/v2\/pages\/10469\/revisions\/10470"}],"wp:attachment":[{"href":"https:\/\/centredebienetreholistique.com\/index.php?rest_route=%2Fwp%2Fv2%2Fmedia&parent=10469"}],"curies":[{"name":"wp","href":"https:\/\/api.w.org\/{rel}","templated":true}]}}