{"id":10460,"date":"2021-05-13T07:44:35","date_gmt":"2021-05-13T07:44:35","guid":{"rendered":"http:\/\/centredebienetreholistique.com\/?page_id=10460"},"modified":"2024-07-09T21:37:39","modified_gmt":"2024-07-09T21:37:39","slug":"livres-et-publication","status":"publish","type":"page","link":"https:\/\/centredebienetreholistique.com\/?page_id=10460","title":{"rendered":"Livres et publication"},"content":{"rendered":"","protected":true},"excerpt":{"rendered":"","protected":true},"author":1,"featured_media":0,"parent":0,"menu_order":0,"comment_status":"open","ping_status":"open","template":"","meta":{"footnotes":""},"jetpack_sharing_enabled":true,"jetpack_shortlink":"https:\/\/wp.me\/P4FfFc-2II","jetpack_likes_enabled":true,"jetpack-related-posts":[{"id":13,"url":"https:\/\/centredebienetreholistique.com\/?page_id=13","url_meta":{"origin":10460,"position":0},"title":"Mission du Centre M\u00e9diterran\u00e9en de Long\u00e9vit\u00e9 (Mediterranean Longevity)","author":"centredebienetreholistique","date":"December 23, 2014","format":false,"excerpt":"La mission principale du Centre Mediterranean Longevity (CML) est la recherche\u00a0 fondamentale et appliqu\u00e9e dans la science de la long\u00e9vit\u00e9 optimale (que l'on appelle biog\u00e9rontologie), dont l'objectif central est de trouver un protocole de long\u00e9vit\u00e9 efficace et accessible pour ce qui est de la \"healthy and successful aging\",\u00a0 (1) puis\u2026","rel":"","context":"Similar post","block_context":{"text":"Similar post","link":""},"img":{"alt_text":"","src":"","width":0,"height":0},"classes":[]},{"id":10215,"url":"https:\/\/centredebienetreholistique.com\/?page_id=10215","url_meta":{"origin":10460,"position":1},"title":"Volontariat: apprentis,  wwoofers et membres work-away","author":"centredebienetreholistique","date":"May 8, 2021","format":false,"excerpt":"Selon les saisons, nous accueillons des volontaires, apprentis, wwoofers et membres de l'association work-away. Nous \u00e9crire pour davantage d'info. coachsupercentenaire@gmail.com https:\/\/wwoof.fr\/fr\/host\/1356 \u00a0","rel":"","context":"Similar post","block_context":{"text":"Similar post","link":""},"img":{"alt_text":"","src":"","width":0,"height":0},"classes":[]},{"id":10462,"url":"https:\/\/centredebienetreholistique.com\/?page_id=10462","url_meta":{"origin":10460,"position":2},"title":"Bains de forets et exploration botanique","author":"centredebienetreholistique","date":"May 13, 2021","format":false,"excerpt":"En cours de construction","rel":"","context":"Similar post","block_context":{"text":"Similar post","link":""},"img":{"alt_text":"","src":"","width":0,"height":0},"classes":[]},{"id":13729,"url":"https:\/\/centredebienetreholistique.com\/?page_id=13729","url_meta":{"origin":10460,"position":3},"title":"Photos du Centre et de ses outils","author":"centredebienetreholistique","date":"July 2, 2024","format":false,"excerpt":"En cours de construction. Texte en Construction Disclaimer Toutes les informations de ce site sont de nature \u00e9ducative et ne constituent en aucun cas des conseils juridiques, m\u00e9dicaux ou techniques. Les liens fournis ne constituent pas une approbation formelle. Nous sommes un Centre d'\u00c9ducation qui propose des options, des solutions\u2026","rel":"","context":"Similar post","block_context":{"text":"Similar post","link":""},"img":{"alt_text":"","src":"","width":0,"height":0},"classes":[]},{"id":9729,"url":"https:\/\/centredebienetreholistique.com\/?page_id=9729","url_meta":{"origin":10460,"position":4},"title":"Membres Payant","author":"centredebienetreholistique","date":"April 16, 2021","format":false,"excerpt":"Pour les membre payants, l'acc\u00e8s aux \u00e9tudes approfondies (blogs et analyses) se fait apr\u00e8s paiement: 300 euros par an. Ce service est en cours de construction","rel":"","context":"Similar post","block_context":{"text":"Similar post","link":""},"img":{"alt_text":"","src":"","width":0,"height":0},"classes":[]},{"id":157,"url":"https:\/\/centredebienetreholistique.com\/?page_id=157","url_meta":{"origin":10460,"position":5},"title":"Livre &#038; Documentaire sur la Canc\u00e9rologie Int\u00e9grative","author":"centredebienetreholistique","date":"December 24, 2014","format":false,"excerpt":"Achetez le HOM (Holistic Oncology Movie) documentaire Avec plus de 40 experts am\u00e9ricains de la canc\u00e9rologie et plus de 15 patients qui ont eu raison de leur cancer gra\u00e7e \u00e0 la canc\u00e9rologie int\u00e9grative et holistique, notre documentaire \"HOM\" sortira bient\u00f4t. Pour la bande d'annonce du filme (trailer), voir le lien\u2026","rel":"","context":"Similar post","block_context":{"text":"Similar post","link":""},"img":{"alt_text":"","src":"","width":0,"height":0},"classes":[]}],"_links":{"self":[{"href":"https:\/\/centredebienetreholistique.com\/index.php?rest_route=\/wp\/v2\/pages\/10460"}],"collection":[{"href":"https:\/\/centredebienetreholistique.com\/index.php?rest_route=\/wp\/v2\/pages"}],"about":[{"href":"https:\/\/centredebienetreholistique.com\/index.php?rest_route=\/wp\/v2\/types\/page"}],"author":[{"embeddable":true,"href":"https:\/\/centredebienetreholistique.com\/index.php?rest_route=\/wp\/v2\/users\/1"}],"replies":[{"embeddable":true,"href":"https:\/\/centredebienetreholistique.com\/index.php?rest_route=%2Fwp%2Fv2%2Fcomments&post=10460"}],"version-history":[{"count":1,"href":"https:\/\/centredebienetreholistique.com\/index.php?rest_route=\/wp\/v2\/pages\/10460\/revisions"}],"predecessor-version":[{"id":10461,"href":"https:\/\/centredebienetreholistique.com\/index.php?rest_route=\/wp\/v2\/pages\/10460\/revisions\/10461"}],"wp:attachment":[{"href":"https:\/\/centredebienetreholistique.com\/index.php?rest_route=%2Fwp%2Fv2%2Fmedia&parent=10460"}],"curies":[{"name":"wp","href":"https:\/\/api.w.org\/{rel}","templated":true}]}}