{"id":10452,"date":"2021-05-13T06:29:56","date_gmt":"2021-05-13T06:29:56","guid":{"rendered":"http:\/\/centredebienetreholistique.com\/?page_id=10452"},"modified":"2021-05-13T06:29:56","modified_gmt":"2021-05-13T06:29:56","slug":"services-2","status":"publish","type":"page","link":"https:\/\/centredebienetreholistique.com\/?page_id=10452","title":{"rendered":"Services"},"content":{"rendered":"<p>En cours de construction<\/p>\n","protected":false},"excerpt":{"rendered":"<p>En cours de construction<\/p>\n","protected":false},"author":1,"featured_media":0,"parent":0,"menu_order":0,"comment_status":"open","ping_status":"open","template":"","meta":{"footnotes":""},"jetpack_sharing_enabled":true,"jetpack_shortlink":"https:\/\/wp.me\/P4FfFc-2IA","jetpack_likes_enabled":true,"jetpack-related-posts":[{"id":10215,"url":"https:\/\/centredebienetreholistique.com\/?page_id=10215","url_meta":{"origin":10452,"position":0},"title":"Volontariat: apprentis,  wwoofers et membres work-away","author":"centredebienetreholistique","date":"May 8, 2021","format":false,"excerpt":"Selon les saisons, nous accueillons des volontaires, apprentis, wwoofers et membres de l'association work-away. Nous \u00e9crire pour davantage d'info. coachsupercentenaire@gmail.com https:\/\/wwoof.fr\/fr\/host\/1356 \u00a0","rel":"","context":"Similar post","block_context":{"text":"Similar post","link":""},"img":{"alt_text":"","src":"","width":0,"height":0},"classes":[]},{"id":10456,"url":"https:\/\/centredebienetreholistique.com\/?page_id=10456","url_meta":{"origin":10452,"position":1},"title":"Formation en M\u00e9decine Holistique","author":"centredebienetreholistique","date":"May 13, 2021","format":false,"excerpt":"En cours de construction","rel":"","context":"Similar post","block_context":{"text":"Similar post","link":""},"img":{"alt_text":"","src":"","width":0,"height":0},"classes":[]},{"id":10462,"url":"https:\/\/centredebienetreholistique.com\/?page_id=10462","url_meta":{"origin":10452,"position":2},"title":"Bains de forets et exploration botanique","author":"centredebienetreholistique","date":"May 13, 2021","format":false,"excerpt":"En cours de construction","rel":"","context":"Similar post","block_context":{"text":"Similar post","link":""},"img":{"alt_text":"","src":"","width":0,"height":0},"classes":[]},{"id":10450,"url":"https:\/\/centredebienetreholistique.com\/?page_id=10450","url_meta":{"origin":10452,"position":3},"title":"Administration","author":"centredebienetreholistique","date":"May 13, 2021","format":false,"excerpt":"En cours de construction, y compris notre structure juridique.","rel":"","context":"Similar post","block_context":{"text":"Similar post","link":""},"img":{"alt_text":"","src":"","width":0,"height":0},"classes":[]},{"id":9729,"url":"https:\/\/centredebienetreholistique.com\/?page_id=9729","url_meta":{"origin":10452,"position":4},"title":"Membres Payant","author":"centredebienetreholistique","date":"April 16, 2021","format":false,"excerpt":"Pour les membre payants, l'acc\u00e8s aux \u00e9tudes approfondies (blogs et analyses) se fait apr\u00e8s paiement: 300 euros par an. Ce service est en cours de construction","rel":"","context":"Similar post","block_context":{"text":"Similar post","link":""},"img":{"alt_text":"","src":"","width":0,"height":0},"classes":[]},{"id":13729,"url":"https:\/\/centredebienetreholistique.com\/?page_id=13729","url_meta":{"origin":10452,"position":5},"title":"Photos du Centre et de ses outils","author":"centredebienetreholistique","date":"July 2, 2024","format":false,"excerpt":"En cours de construction. Texte en Construction Disclaimer Toutes les informations de ce site sont de nature \u00e9ducative et ne constituent en aucun cas des conseils juridiques, m\u00e9dicaux ou techniques. Les liens fournis ne constituent pas une approbation formelle. Nous sommes un Centre d'\u00c9ducation qui propose des options, des solutions\u2026","rel":"","context":"Similar post","block_context":{"text":"Similar post","link":""},"img":{"alt_text":"","src":"","width":0,"height":0},"classes":[]}],"_links":{"self":[{"href":"https:\/\/centredebienetreholistique.com\/index.php?rest_route=\/wp\/v2\/pages\/10452"}],"collection":[{"href":"https:\/\/centredebienetreholistique.com\/index.php?rest_route=\/wp\/v2\/pages"}],"about":[{"href":"https:\/\/centredebienetreholistique.com\/index.php?rest_route=\/wp\/v2\/types\/page"}],"author":[{"embeddable":true,"href":"https:\/\/centredebienetreholistique.com\/index.php?rest_route=\/wp\/v2\/users\/1"}],"replies":[{"embeddable":true,"href":"https:\/\/centredebienetreholistique.com\/index.php?rest_route=%2Fwp%2Fv2%2Fcomments&post=10452"}],"version-history":[{"count":1,"href":"https:\/\/centredebienetreholistique.com\/index.php?rest_route=\/wp\/v2\/pages\/10452\/revisions"}],"predecessor-version":[{"id":10453,"href":"https:\/\/centredebienetreholistique.com\/index.php?rest_route=\/wp\/v2\/pages\/10452\/revisions\/10453"}],"wp:attachment":[{"href":"https:\/\/centredebienetreholistique.com\/index.php?rest_route=%2Fwp%2Fv2%2Fmedia&parent=10452"}],"curies":[{"name":"wp","href":"https:\/\/api.w.org\/{rel}","templated":true}]}}