{"id":10137,"date":"2021-05-05T05:50:52","date_gmt":"2021-05-05T05:50:52","guid":{"rendered":"http:\/\/centredebienetreholistique.com\/?page_id=10137"},"modified":"2021-05-05T05:50:52","modified_gmt":"2021-05-05T05:50:52","slug":"limites-des-adeptes-de-la-medecine-douce-ou-alternative","status":"publish","type":"page","link":"https:\/\/centredebienetreholistique.com\/?page_id=10137","title":{"rendered":"Limites des Adeptes de la M\u00e9decine Douce ou Alternative"},"content":{"rendered":"","protected":true},"excerpt":{"rendered":"","protected":true},"author":1,"featured_media":0,"parent":0,"menu_order":0,"comment_status":"open","ping_status":"open","template":"","meta":{"footnotes":""},"jetpack_sharing_enabled":true,"jetpack_shortlink":"https:\/\/wp.me\/P4FfFc-2Dv","jetpack_likes_enabled":true,"jetpack-related-posts":[{"id":143,"url":"https:\/\/centredebienetreholistique.com\/?page_id=143","url_meta":{"origin":10137,"position":0},"title":"Coaching et Formation Pr\u00e9liminaire en canc\u00e9rologie holistique","author":"centredebienetreholistique","date":"December 24, 2014","format":false,"excerpt":"Introduction \"Nous ne pr\u00e9tendons pas r\u00e9soudre le probl\u00e8me du cancer \u00e0 100 pourcent, mais nous avons la conviction qu'il le serait au moins \u00e0 80 pourcent si les techniques pr\u00e9ventives et curatives \u00e9voqu\u00e9es dans les pages qui vont suivre \u00e9taient mises en oeuvre de mani\u00e8re usuelle\". Dr Joseph L\u00e9vy, \"Les\u2026","rel":"","context":"Similar post","block_context":{"text":"Similar post","link":""},"img":{"alt_text":"","src":"","width":0,"height":0},"classes":[]},{"id":141,"url":"https:\/\/centredebienetreholistique.com\/?page_id=141","url_meta":{"origin":10137,"position":1},"title":"Atelier droit m\u00e9dical","author":"centredebienetreholistique","date":"December 24, 2014","format":false,"excerpt":"FORMATION EN DROIT M\u00c9DICAL R\u00c9GISSANT LES DROITS ET DEVOIRS DES PATIENTS ET DES PROFESSIONNELS DE LA SANT\u00c9 INTRODUCTION \"Les attaques contre les m\u00e9decines alternatives se multiplient. Pr\u00e9texte : elles serviraient de paravents aux sectes. L\u2019hom\u00e9opathie et l\u2019anthroposophie sont vis\u00e9es. La pens\u00e9e unique cherche \u00e0 imposer sa loi, en m\u00e9decine comme\u2026","rel":"","context":"Similar post","block_context":{"text":"Similar post","link":""},"img":{"alt_text":"","src":"","width":0,"height":0},"classes":[]},{"id":3529,"url":"https:\/\/centredebienetreholistique.com\/?page_id=3529","url_meta":{"origin":10137,"position":2},"title":"Th\u00e9rapies Bien-etre Holistiques","author":"centredebienetreholistique","date":"May 20, 2020","format":false,"excerpt":"La m\u00e9decine holistique se fonde sur les avanc\u00e9es scientifiques et m\u00e9dicales (ie, \"medical breakthroughs\") depuis des mill\u00e9naires. Elle\u00a0vise la globalit\u00e9 de l'etre humain afin de maintenir son bien-\u00eatre-etre et son m\u00e9tabolisme de centenaire.. Cette m\u00e9decine dispose de milliers de th\u00e9rapies et techniques diff\u00e9rentes. Toutes sont destin\u00e9es a revitaliser l'\u00e9nergie primordiale,\u2026","rel":"","context":"Similar post","block_context":{"text":"Similar post","link":""},"img":{"alt_text":"","src":"","width":0,"height":0},"classes":[]},{"id":10136,"url":"https:\/\/centredebienetreholistique.com\/?page_id=10136","url_meta":{"origin":10137,"position":3},"title":"Avertissements sur  les Risques d&#8217;utiliser ce Site et la M\u00e9decine Officielle","author":"centredebienetreholistique","date":"May 5, 2021","format":false,"excerpt":"Avertissement G\u00e9n\u00e9ral Le Centre M\u00e9diterran\u00e9en de Long\u00e9vit\u00e9 \u00a0est avant tout un centre de recherche, d'information, de s\u00e9jour, de stage, de coaching et de formation sur la Science de la Long\u00e9vit\u00e9, y compris trois des \u00e9l\u00e9ments constitutifs de cette science: la m\u00e9decine r\u00e9g\u00e9n\u00e9rative, la m\u00e9decine holistique et la m\u00e9decine traditionnelle chinoise.\u2026","rel":"","context":"Similar post","block_context":{"text":"Similar post","link":""},"img":{"alt_text":"","src":"https:\/\/i0.wp.com\/img.youtube.com\/vi\/rtNfzWAgz84\/0.jpg?resize=350%2C200","width":350,"height":200},"classes":[]},{"id":166,"url":"https:\/\/centredebienetreholistique.com\/?page_id=166","url_meta":{"origin":10137,"position":4},"title":"Mission du Centre Pyr\u00e9n\u00e9en","author":"centredebienetreholistique","date":"December 24, 2014","format":false,"excerpt":"Dans le coeur de la Catalogne, entre la M\u00e9diterran\u00e9e et le Mont Canigou, se situe le Centre Pyr\u00e9n\u00e9en \u00a0dont la mission repose sur le maintien du bien-\u00eatre holistique gra\u00e7e \u00e0 trois activit\u00e9s: 1) ateliers et \u00e9ducation en bien-\u00eatre, 2) agriculture soutenable et 3) protection et promotion des libert\u00e9s fondamentales. \u00a0Gra\u00e7e\u2026","rel":"","context":"Similar post","block_context":{"text":"Similar post","link":""},"img":{"alt_text":"","src":"","width":0,"height":0},"classes":[]},{"id":409,"url":"https:\/\/centredebienetreholistique.com\/?page_id=409","url_meta":{"origin":10137,"position":5},"title":"Atelier maladies chroniques vues au travers de la m\u00e9decine holistique","author":"centredebienetreholistique","date":"May 8, 2015","format":false,"excerpt":"1. La magnitude et la prolif\u00e9ration des maladies chroniques (dont plus de cent maladies auto-immunes) et les limites de la m\u00e9decine allopathique officielle en la mati\u00e8re. 2. Techniques holistiques en mati\u00e8re de maladies chroniques: principes de base. 3. \u00c9tude de cas: diab\u00e8te et ost\u00e9o-arthritisme. Les faits montrent que le diab\u00e8te\u2026","rel":"","context":"Similar post","block_context":{"text":"Similar post","link":""},"img":{"alt_text":"","src":"","width":0,"height":0},"classes":[]}],"_links":{"self":[{"href":"https:\/\/centredebienetreholistique.com\/index.php?rest_route=\/wp\/v2\/pages\/10137"}],"collection":[{"href":"https:\/\/centredebienetreholistique.com\/index.php?rest_route=\/wp\/v2\/pages"}],"about":[{"href":"https:\/\/centredebienetreholistique.com\/index.php?rest_route=\/wp\/v2\/types\/page"}],"author":[{"embeddable":true,"href":"https:\/\/centredebienetreholistique.com\/index.php?rest_route=\/wp\/v2\/users\/1"}],"replies":[{"embeddable":true,"href":"https:\/\/centredebienetreholistique.com\/index.php?rest_route=%2Fwp%2Fv2%2Fcomments&post=10137"}],"version-history":[{"count":1,"href":"https:\/\/centredebienetreholistique.com\/index.php?rest_route=\/wp\/v2\/pages\/10137\/revisions"}],"predecessor-version":[{"id":10138,"href":"https:\/\/centredebienetreholistique.com\/index.php?rest_route=\/wp\/v2\/pages\/10137\/revisions\/10138"}],"wp:attachment":[{"href":"https:\/\/centredebienetreholistique.com\/index.php?rest_route=%2Fwp%2Fv2%2Fmedia&parent=10137"}],"curies":[{"name":"wp","href":"https:\/\/api.w.org\/{rel}","templated":true}]}}